{"id":457,"date":"2018-09-13T16:23:47","date_gmt":"2018-09-13T20:23:47","guid":{"rendered":"http:\/\/motionlaw.com\/terminos-de-servicio\/"},"modified":"2022-01-15T15:21:55","modified_gmt":"2022-01-15T20:21:55","slug":"terminos-de-servicio","status":"publish","type":"page","link":"https:\/\/www.motionlaw.com\/es\/terminos-de-servicio\/","title":{"rendered":"T\u00e9rminos de Servicio"},"content":{"rendered":"<p>DESCARGO DE RESPONSABILIDAD Y T\u00c9RMINOS DE USO<\/p>\n<p>El contenido de este sitio web est\u00e1 destinado a transmitir informaci\u00f3n general sobre Motion Law LLC. Cualquier informaci\u00f3n provista en este sitio web es solo para prop\u00f3sitos informativos y no se debe confiar en ella ni debe interpretarse como asesoramiento legal. No es una oferta para representarlo y no crea una relaci\u00f3n abogado \/ cliente. El contenido de cualquier correo electr\u00f3nico enviado a Motion Law LLC o cualquier abogado o empleado de la empresa a las direcciones de correo electr\u00f3nico u otra informaci\u00f3n de contacto en este sitio web no crea una relaci\u00f3n abogado \/ cliente y no se tratar\u00e1 como confidencial. Cualquier uso de este sitio web que no sea para uso personal e informativo est\u00e1 estrictamente prohibido. \u00a9 2019, Motion Law LLC. Todos los derechos reservados.<\/p>\n<p>ENLACES DE NUESTRO SITIO WEB<\/p>\n<p>Los enlaces dentro de este sitio web pueden conducir a otros sitios web. Dichos enlaces se proporcionan para la conveniencia del visitante de proporcionar m\u00e1s informaci\u00f3n. Motion Law LLC no necesariamente patrocina, aprueba o aprueba dichos materiales vinculados y no controla ni garantiza la precisi\u00f3n, relevancia, puntualidad o integridad de la informaci\u00f3n contenida en dichos enlaces.<\/p>\n<p>NUESTRAS PUBLICACIONES<\/p>\n<p>Las publicaciones proporcionadas por Motion Law LLC no deben interpretarse como asesoramiento legal sobre hechos o circunstancias espec\u00edficos. El contenido de nuestras publicaciones est\u00e1 destinado solo con fines de informaci\u00f3n general y no puede citarse ni mencionarse en ninguna otra publicaci\u00f3n o procedimiento sin el previo consentimiento por escrito de Motion Law LLC, que se otorgar\u00e1 o retendr\u00e1 a nuestro criterio. Para solicitar permiso de reimpresi\u00f3n para cualquiera de nuestras publicaciones, cont\u00e1ctenos a trav\u00e9s de info@motionlaw.com. El env\u00edo de nuestras publicaciones no tiene la intenci\u00f3n de crear, y la recepci\u00f3n de las mismas no constituye una relaci\u00f3n abogado-cliente. Las opiniones expresadas en este documento son las opiniones personales del autor y no necesariamente reflejan las de Motion Law LLC.<\/p>\n<p>DECLARACI\u00d3N EN CUMPLIMIENTO CON LAS REGLAS DE CONDUCTA PROFESIONAL DE EL DISTRICTO DE COLUMBIA<\/p>\n<p>Los abogados residentes en todas las oficinas, a menos que se indique lo contrario en la biograf\u00eda de un abogado individual, no est\u00e1n certificados por la Junta de Especializaci\u00f3n Legal de Districto de Columbia.<\/p>\n","protected":false},"excerpt":{"rendered":"<p>DESCARGO DE RESPONSABILIDAD Y T\u00c9RMINOS DE USO El contenido de este sitio web est\u00e1 destinado a transmitir informaci\u00f3n general sobre Motion Law LLC. Cualquier informaci\u00f3n provista en este sitio web es solo para prop\u00f3sitos informativos y no se debe confiar en ella ni debe interpretarse como asesoramiento legal. No es una oferta para representarlo y&hellip;<\/p>\n","protected":false},"author":13,"featured_media":0,"parent":0,"menu_order":0,"comment_status":"closed","ping_status":"closed","template":"","meta":{"_monsterinsights_skip_tracking":false,"_monsterinsights_sitenote_active":false,"_monsterinsights_sitenote_note":"","_monsterinsights_sitenote_category":0,"footnotes":""},"yst_prominent_words":[1280,1281,1272,1274,1269,1288,1287,1275,1273,1278,1270,1277,1268,1279,1271,1089,923,1088,1276,1282],"class_list":["post-457","page","type-page","status-publish","hentry"],"jetpack_shortlink":"https:\/\/wp.me\/P93TlB-7n","jetpack_sharing_enabled":true,"_links":{"self":[{"href":"https:\/\/www.motionlaw.com\/es\/wp-json\/wp\/v2\/pages\/457","targetHints":{"allow":["GET"]}}],"collection":[{"href":"https:\/\/www.motionlaw.com\/es\/wp-json\/wp\/v2\/pages"}],"about":[{"href":"https:\/\/www.motionlaw.com\/es\/wp-json\/wp\/v2\/types\/page"}],"author":[{"embeddable":true,"href":"https:\/\/www.motionlaw.com\/es\/wp-json\/wp\/v2\/users\/13"}],"replies":[{"embeddable":true,"href":"https:\/\/www.motionlaw.com\/es\/wp-json\/wp\/v2\/comments?post=457"}],"version-history":[{"count":3,"href":"https:\/\/www.motionlaw.com\/es\/wp-json\/wp\/v2\/pages\/457\/revisions"}],"predecessor-version":[{"id":20074,"href":"https:\/\/www.motionlaw.com\/es\/wp-json\/wp\/v2\/pages\/457\/revisions\/20074"}],"wp:attachment":[{"href":"https:\/\/www.motionlaw.com\/es\/wp-json\/wp\/v2\/media?parent=457"}],"wp:term":[{"taxonomy":"yst_prominent_words","embeddable":true,"href":"https:\/\/www.motionlaw.com\/es\/wp-json\/wp\/v2\/yst_prominent_words?post=457"}],"curies":[{"name":"wp","href":"https:\/\/api.w.org\/{rel}","templated":true}]}}