{"id":456,"date":"2018-09-13T16:15:32","date_gmt":"2018-09-13T20:15:32","guid":{"rendered":"http:\/\/motionlaw.com\/politica-de-privacidad\/"},"modified":"2022-01-15T15:57:16","modified_gmt":"2022-01-15T20:57:16","slug":"politica-de-privacidad","status":"publish","type":"page","link":"https:\/\/www.motionlaw.com\/es\/politica-de-privacidad\/","title":{"rendered":"P\u00f3liza de Privacidad"},"content":{"rendered":"<p><strong>Motion Law LLC<\/strong> entiende la importancia de su privacidad personal. Por lo tanto, hemos creado esta P\u00f3liza de privacidad para que sepa c\u00f3mo usamos y divulgamos su informaci\u00f3n cuando la pone a nuestra disposici\u00f3n. La P\u00f3liza de privacidad a continuaci\u00f3n divulga nuestras pr\u00e1cticas relacionadas con el sitio web de recopilaci\u00f3n y uso de informaci\u00f3n ubicado en <u><\/u><a href=\"http:\/\/motionlaw.com\/es\/\">motionlaw.com\/es\/<\/a>, el sitio web m\u00f3vil relacionado y la aplicaci\u00f3n m\u00f3vil (colectivamente, los \u00abSitios web\u00bb) y el servicio proporcionado (el \u00abServicio\u00bb).<\/p>\n<p>Al usar o acceder a los Sitios web y al Servicio, usted manifiesta su acuerdo a estar sujeto a esta P\u00f3liza de privacidad. SI NO EST\u00c1 DE ACUERDO CON ESTA POL\u00cdZA DE PRIVACIDAD, NO PUEDE ACCEDER O UTILIZAR DE NINGUNA OTRA MANERA NUESTRO SERVICIO O PARTICIPAR EN NUESTROS SERVICIOS.<\/p>\n<p>Los aspectos clave de nuestras pr\u00e1cticas de privacidad descritas en esta P\u00f3liza de privacidad incluyen las siguientes explicaciones:<\/p>\n<ul>\n<li>La informaci\u00f3n que recopilamos y por qu\u00e9 la recopilamos;<\/li>\n<li>C\u00f3mo usamos esa informaci\u00f3n;<\/li>\n<li>C\u00f3mo compartimos informaci\u00f3n; y<\/li>\n<li>Las elecciones que ofrecemos.<\/li>\n<\/ul>\n<p><strong>Informaci\u00f3n de identificaci\u00f3n personal que recopilamos:<\/strong><\/p>\n<p>Es posible que le solicitemos, o que presente voluntariamente, informaci\u00f3n de identificaci\u00f3n personal cuando use el Servicio. La informaci\u00f3n de identificaci\u00f3n personal que puede proporcionarnos podr\u00eda incluir, entre otros:<\/p>\n<ul>\n<li>Su nombre<\/li>\n<li>Su informaci\u00f3n de contacto (incluyendo, sin limitaci\u00f3n, direcci\u00f3n y direcci\u00f3n de correo electr\u00f3nico);<\/li>\n<li>Su direcci\u00f3n IP; y<\/li>\n<li>Otra informaci\u00f3n personal<\/li>\n<\/ul>\n<p><strong>Informaci\u00f3n no personal o agregada que recopilamos:<\/strong><\/p>\n<p>Cuando accede a nuestro Servicio, podemos recopilar autom\u00e1ticamente informaci\u00f3n que no le identifica personalmente, como direcci\u00f3n de host IP, p\u00e1ginas web visitadas, tipo de navegador, sistema operativo, servicio de referencia, informaci\u00f3n de b\u00fasqueda, tipo de dispositivo, visitas a la p\u00e1gina, h\u00e1bitos de uso y navegaci\u00f3n. en el Servicio y datos similares. Tambi\u00e9n podemos agregar informaci\u00f3n demogr\u00e1fica recopilada de nuestros usuarios (como el n\u00famero de usuarios en una ubicaci\u00f3n geogr\u00e1fica particular) de una manera que no identifique a ning\u00fan individuo. Tambi\u00e9n podemos agregar informaci\u00f3n recopilada fuera de l\u00ednea en relaci\u00f3n con el Servicio, obtener informaci\u00f3n no personalmente identificable de fuentes de terceros y desarrollar informaci\u00f3n agregada al anonimizar la informaci\u00f3n de identificaci\u00f3n personal recopilada previamente.<\/p>\n<p>A veces, cuando recopilamos informaci\u00f3n no identificable personalmente a trav\u00e9s de medios autom\u00e1ticos, es posible que recopilemos o recibamos informaci\u00f3n de identificaci\u00f3n personal mezclada con la informaci\u00f3n no identificable personalmente. Si bien haremos todos los esfuerzos razonables para evitar dicha recopilaci\u00f3n incidental de datos, a\u00fan existe la posibilidad. Si cree que hemos recopilado inadvertidamente su informaci\u00f3n personal, notif\u00edquenos a <u> info@motionlaw.com<\/u>.<\/p>\n<p><strong>Uso de Informaci\u00f3n:<\/strong><\/p>\n<p>Solo usaremos su informaci\u00f3n de identificaci\u00f3n personal como se describe a continuaci\u00f3n, a menos que haya otorgado consentimiento espec\u00edfico para otro tipo de uso, ya sea en el momento en que se obtenga su informaci\u00f3n de identificaci\u00f3n personal o mediante otra forma de consentimiento suyo o notificaci\u00f3n a usted:<\/p>\n<ul>\n<li>Podemos compartir su informaci\u00f3n de identificaci\u00f3n personal recopilada en relaci\u00f3n con la prestaci\u00f3n del Servicio.<\/li>\n<li>Podemos utilizar su informaci\u00f3n de identificaci\u00f3n personal para responder a sus consultas o solicitudes.<\/li>\n<li>Podemos utilizar su informaci\u00f3n de identificaci\u00f3n personal para enviarle correos electr\u00f3nicos de vez en cuando sobre nuestros servicios, pero no proporcionaremos su informaci\u00f3n personal identificable a terceros para que se comuniquen con usted directamente a menos que lo permita esta P\u00f3liza de Privacidad o usted brinde su consentimiento.<\/li>\n<li>Podemos compartir su informaci\u00f3n de identificaci\u00f3n personal con terceros (colectivamente, el \u00abTercero\u00bb<\/li>\n<\/ul>\n<p>Party Vendors \u00ab) para promover el prop\u00f3sito por el cual nos proporcion\u00f3 dicha informaci\u00f3n. Por ejemplo, podemos compartir su informaci\u00f3n con Elastic Email, con el prop\u00f3sito de enviar correos electr\u00f3nicos. <strong> Le recomendamos que lea las pr\u00e1cticas de privacidad de todos nuestros Proveedores de terceros antes de enviar cualquier informaci\u00f3n de identificaci\u00f3n personal a trav\u00e9s del Servicio.<\/strong><\/p>\n<ul>\n<li>Podemos divulgar informaci\u00f3n de identificaci\u00f3n personal seg\u00fan lo exija la ley o el proceso legal.<\/li>\n<li>Podemos divulgar informaci\u00f3n de identificaci\u00f3n personal para investigar sospechas de fraude, acoso u otras violaciones de cualquier ley, regla o regulaci\u00f3n, o los t\u00e9rminos o pol\u00edticas para nuestros servicios o nuestros patrocinadores.<\/li>\n<li>Podemos transferir su informaci\u00f3n de identificaci\u00f3n personal en relaci\u00f3n con la venta o fusi\u00f3n o cambio de control de motionlaw.com o la divisi\u00f3n responsable de los servicios a los que se asocia su informaci\u00f3n de identificaci\u00f3n personal.<\/li>\n<li>Podemos compartir su informaci\u00f3n de identificaci\u00f3n personal con un afiliado de motionlaw.com que pertenece a la misma familia corporativa que nosotros siempre que sus pr\u00e1cticas de privacidad sean sustancialmente similares a las nuestras.<\/li>\n<\/ul>\n<p>La informaci\u00f3n no identificable o agregada puede ser utilizada por nosotros para cualquier fin permitido por la ley y puede ser compartida con cualquier n\u00famero de partes, siempre que dicha informaci\u00f3n no lo identifique espec\u00edficamente.<\/p>\n<p><strong>Cookies y Tecnolog\u00edas Similares:<\/strong><\/p>\n<p>Las \u00abcookies\u00bb son elementos de informaci\u00f3n que un servicio puede colocar en su computadora con el fin de facilitar y mejorar su comunicaci\u00f3n e interacci\u00f3n con ese servicio. Muchos servicios usan cookies para estos prop\u00f3sitos. Podemos utilizar cookies (y elementos similares como gifs transparentes, balizas web, etiquetas, etc.) en nuestro Servicio para personalizar su visita y para otros fines a fin de que su visita sea m\u00e1s conveniente o para que podamos mejorar nuestro Servicio. Tambi\u00e9n podemos usar y colocar cookies (y elementos similares) en su computadora de nuestros proveedores de servicios externos en relaci\u00f3n con el Servicio, como un proveedor de an\u00e1lisis que nos ayude a administrar y analizar el uso del Servicio, como se describe m\u00e1s detalladamente a continuaci\u00f3n. Adem\u00e1s, nuestros anunciantes y socios comerciales pueden establecer cookies y art\u00edculos similares en su computadora cuando usa nuestro Servicio. Puede detener o restringir la ubicaci\u00f3n de cookies en su computadora o eliminarlas de su navegador ajustando las preferencias de su navegador web, en cuyo caso puede seguir utilizando nuestro Servicio, pero puede interferir con algunas de sus funciones. Cookies y art\u00edculos similares no son utilizados por nosotros para recuperar autom\u00e1ticamente informaci\u00f3n de identificaci\u00f3n personal de su computadora sin su conocimiento.<\/p>\n<p>Si elimina sus cookies, cambia de navegador o usa una cookie diferente, es posible que nuestra cookie (o una cookie de exclusi\u00f3n voluntaria) deje de funcionar y tendr\u00e1 que volver a ingresar (o cancelarla) nuevamente.<br \/>\n<strong>An\u00e1lisis y Seguimiento de Conversiones:<\/strong><\/p>\n<p>Podemos usar servicios anal\u00edticos que usan cookies, javascript y tecnolog\u00edas similares para ayudarnos a analizar c\u00f3mo usan los usuarios el Servicio. La informaci\u00f3n generada por estos servicios sobre su uso del Servicio (incluida su direcci\u00f3n IP o una versi\u00f3n truncada de su direcci\u00f3n IP) es transmitida y almacenada por los proveedores de servicios anal\u00edticos en sus servidores. Esos proveedores de servicios utilizar\u00e1n esta informaci\u00f3n con el fin de evaluar su uso y el del Servicio por parte de otros usuarios, recopilar informes sobre la actividad del sitio web y proporcionar otros servicios relacionados con la actividad del sitio web y el uso de Internet.<\/p>\n<p>Podemos recopilar informaci\u00f3n sobre su computadora, incluida su direcci\u00f3n IP, sistema operativo y tipo de navegador, para la administraci\u00f3n del sistema y para crear informes. Estos son datos estad\u00edsticos sobre las acciones y patrones de navegaci\u00f3n de nuestros usuarios, y no identifican a ning\u00fan individuo.<\/p>\n<p>Por ejemplo, utilizamos cookies en nuestro sitio para Google Analytics (el \u00abServicio de an\u00e1lisis\u00bb). El servicio Analytics es una herramienta de an\u00e1lisis basada en la web que ayuda a los propietarios de sitios web a comprender c\u00f3mo los visitantes interact\u00faan con su sitio web. Los clientes del Servicio de an\u00e1lisis pueden ver una variedad de informes sobre c\u00f3mo los visitantes interact\u00faan con su sitio web para que puedan mejorarlo.<\/p>\n<p>Al igual que muchos servicios, el Servicio de Analytics utiliza cookies de origen para rastrear las interacciones de los visitantes, como en nuestro caso, donde se utilizan para recopilar informaci\u00f3n sobre c\u00f3mo los visitantes usan nuestro sitio. Luego usamos la informaci\u00f3n para compilar informes y ayudarnos a mejorar nuestro sitio.<\/p>\n<p>Las cookies contienen informaci\u00f3n que se transfiere al disco duro de su computadora. Estas cookies se utilizan para almacenar informaci\u00f3n, como la hora en que se realiz\u00f3 la visita actual, si el visitante ha estado en el sitio antes y qu\u00e9 sitio ha referido al visitante a la p\u00e1gina web.<\/p>\n<p>El servicio de Analytics recopila informaci\u00f3n de forma an\u00f3nima. Informan las tendencias del sitio web sin identificar a los visitantes individuales. Puede inhabilitar el Servicio de Analytics sin afectar la forma en que visita nuestro sitio. Para obtener m\u00e1s informaci\u00f3n sobre c\u00f3mo dejar de ser rastreado por Google Analytics en todos los sitios web que utiliza, visite <a href=\"https:\/\/tools.google.com\/dlpage\/gaoptout\" target=\"_blank\" rel=\"noopener noreferrer\">https:\/\/tools.google.com\/dlpage\/gaoptout<\/a>.<\/p>\n<p>Tambi\u00e9n podemos usar el seguimiento de conversiones de Google y \/ o servicios similares para ayudarnos a comprender el uso que usted y otros usuarios hacen del Servicio.<\/p>\n<p><strong>Informaci\u00f3n Recopilada Autom\u00e1ticamente<\/strong>:<\/p>\n<p>Cuando accede al Servicio o abre uno de nuestros correos electr\u00f3nicos HTML, podemos registrar autom\u00e1ticamente cierta informaci\u00f3n de su sistema mediante el uso de cookies y otros tipos de tecnolog\u00edas de seguimiento. Esta informaci\u00f3n \u00abrecopilada autom\u00e1ticamente\u00bb puede incluir una direcci\u00f3n de Protocolo de Internet (\u00abDirecci\u00f3n IP\u00bb), una identificaci\u00f3n de usuario \u00fanica, tipo de dispositivo, identificadores de dispositivo, tipos de navegador e idioma, p\u00e1ginas de referencia y de salida, tipo de plataforma, versi\u00f3n de software instalado, tipo de sistema, el contenido y las p\u00e1ginas a las que accede en el Servicio, la cantidad de clics, la cantidad de tiempo que pasa en las p\u00e1ginas, las fechas y horas en que visita el Servicio y otra informaci\u00f3n similar. Dependiendo de la ley de su pa\u00eds de residencia, su direcci\u00f3n de IP puede considerarse legalmente como informaci\u00f3n de identificaci\u00f3n personal.<\/p>\n<p><strong>Seguridad:<\/strong><\/p>\n<p>La seguridad de su informaci\u00f3n de identificaci\u00f3n personal es muy importante para nosotros. Cuando recopilamos su informaci\u00f3n de identificaci\u00f3n personal en l\u00ednea, hacemos todos los esfuerzos razonables para protegerla del acceso no autorizado. Sin embargo, debido a la naturaleza abierta inherente de Internet, no podemos garantizar que su informaci\u00f3n de identificaci\u00f3n personal est\u00e9 completamente libre de acceso no autorizado por parte de terceros, tales como los piratas inform\u00e1ticos y su uso de nuestro Servicio demuestra su asunci\u00f3n de este riesgo. Hemos implementado procedimientos f\u00edsicos, electr\u00f3nicos y administrativos razonables para salvaguardar la informaci\u00f3n que recopilamos. Solo aquellos empleados que necesitan acceso a su informaci\u00f3n para realizar sus tareas est\u00e1n autorizados a tener acceso a su informaci\u00f3n de identificaci\u00f3n personal. Para obtener m\u00e1s informaci\u00f3n sobre c\u00f3mo proteger su privacidad, visite <a href=\"http:\/\/www.ftc.gov\/privacy\" target=\"_blank\" rel=\"noopener noreferrer\">www.ftc.gov\/privacy<\/a>.<\/p>\n<p><strong>Sus Divulgaciones En Blogs Y Otras Redes Sociales:<\/strong><\/p>\n<p>Debe tener en cuenta la informaci\u00f3n de identificaci\u00f3n personal que voluntariamente incluye y transmite en l\u00ednea en el Servicio o en un blog, sala de chat, plataforma de redes sociales o en l\u00ednea, o que comparte en un foro abierto como un panel en persona. o encuesta, puede ser vista y utilizada por otros sin ninguna restricci\u00f3n. No podemos controlar dichos usos de su informaci\u00f3n de identificaci\u00f3n personal, y al utilizar el Servicio o cualquier otro servicio en l\u00ednea, usted asume el riesgo de que la informaci\u00f3n de identificaci\u00f3n personal proporcionada por usted pueda ser vista y utilizada por terceros para cualquier cantidad de prop\u00f3sitos.<\/p>\n<p>Si inicia sesi\u00f3n en los Sitios web y \/ o Servicios a trav\u00e9s de su cuenta de Facebook, con\u00e9ctese a un servicio de terceros como Facebook o Twitter a trav\u00e9s de un \u00edcono o enlace en el Servicio o enlace su cuenta de motionlaw.com con un servicio externo. podemos compartir el contenido de su publicaci\u00f3n y la informaci\u00f3n asociada (como su nombre de usuario, el hecho de que su conexi\u00f3n se origin\u00f3 en el Servicio y otra informaci\u00f3n relevante de uso y diagn\u00f3stico) con dicho tercero. Con su consentimiento por \u00fanica vez, tambi\u00e9n podemos enviarle informaci\u00f3n sobre el contenido que mira y sus actividades en el Servicio a dichos terceros. Una vez que se comparte dicha informaci\u00f3n, el uso de su informaci\u00f3n estar\u00e1 sujeto a la P\u00f3liza de privacidad de ese servicio y esta P\u00f3liza de Privacidad no se aplicar\u00e1.<\/p>\n<p><strong>Protecci\u00f3n Para Ni\u00f1os:<\/strong><\/p>\n<p>Por lo general, no recopilamos informaci\u00f3n personal identificable de ni\u00f1os menores de 13 a\u00f1os. Si en alg\u00fan momento en el futuro planeamos recopilar informaci\u00f3n de identificaci\u00f3n personal de ni\u00f1os menores de 13 a\u00f1os, dicha recopilaci\u00f3n y uso, en la medida aplicable, deber\u00e1, cuando sea necesario, hacerse de conformidad con la Ley de Protecci\u00f3n de la Privacidad de los Ni\u00f1os en L\u00ednea (\u00abCOPPA\u00bb) y se solicitar\u00e1 el consentimiento apropiado de los padres o tutores del ni\u00f1o cuando as\u00ed lo requiera la COPPA. Cuando nos damos cuenta de que se ha recopilado informaci\u00f3n de identificaci\u00f3n personal de un ni\u00f1o menor de 13 a\u00f1os sin el consentimiento de dichos padres o tutores, haremos todos los esfuerzos razonables para eliminar dicha informaci\u00f3n de nuestra base de datos.<br \/>\n<strong>Otros Servicios:<\/strong><\/p>\n<p>Para su comodidad, podemos proporcionar enlaces a Servicios de terceros desde nuestro Servicio. No somos responsables de las pr\u00e1cticas de privacidad o el contenido de estos sitios de terceros. Cuando se aleja de nuestro Servicio, lo hace bajo su propio riesgo.<\/p>\n<p><strong>Cambios A Esta P\u00f3liza De Privacidad:<\/strong><\/p>\n<p>Nos reservamos el derecho, a nuestra discreci\u00f3n, de cambiar, modificar, agregar o eliminar partes de esta P\u00f3liza de privacidad en cualquier momento. Sin embargo, si en alg\u00fan momento en el futuro planeamos utilizar informaci\u00f3n de identificaci\u00f3n personal de una manera que difiera materialmente de esta P\u00f3liza de privacidad, incluyendo el intercambio de dicha informaci\u00f3n con m\u00e1s terceros, publicaremos dichos cambios aqu\u00ed y le brindaremos la oportunidad de optar por fuera de tales usos diferentes. El uso continuado del Servicio y nuestros servicios despu\u00e9s de la publicaci\u00f3n de cualquier cambio en esta P\u00f3liza de privacidad significa que usted acepta dichos cambios.<\/p>\n<p><strong>Proceso de Exclusi\u00f3n:\u00a0\u00a0\u00a0\u00a0\u00a0\u00a0\u00a0\u00a0\u00a0\u00a0\u00a0\u00a0\u00a0\u00a0\u00a0\u00a0 \u00a0\u00a0\u00a0\u00a0\u00a0\u00a0\u00a0\u00a0\u00a0\u00a0\u00a0\u00a0\u00a0\u00a0\u00a0\u00a0\u00a0\u00a0\u00a0\u00a0\u00a0\u00a0\u00a0 <\/strong><\/p>\n<p>Todas las solicitudes de cancelaci\u00f3n o cancelaci\u00f3n se pueden hacer haciendo clic en el enlace \u00abcancelar suscripci\u00f3n\u00bb en la parte inferior del correo electr\u00f3nico correspondiente. Procesaremos su solicitud dentro de un tiempo razonable despu\u00e9s de la recepci\u00f3n. Sin embargo, no somos responsables y, en algunos casos, somos incapaces de eliminar su informaci\u00f3n de identificaci\u00f3n personal de las listas de terceros a los que se haya proporcionado previamente su informaci\u00f3n de conformidad con esta P\u00f3liza de privacidad o su consentimiento. Debe ponerse en contacto con dichos terceros directamente. Si desea actualizar o corregir cualquier informaci\u00f3n de identificaci\u00f3n personal que nos haya proporcionado, env\u00edenos un correo electr\u00f3nico a motionlaw.com y una vez que confirmemos su informaci\u00f3n, actualizaremos dicha informaci\u00f3n dentro de un per\u00edodo de tiempo razonable.<\/p>\n<p><strong>Comunicaciones Con Motion Law:<\/strong><\/p>\n<p>Al proporcionarnos su informaci\u00f3n de contacto (incluyendo, entre otros, su direcci\u00f3n de correo electr\u00f3nico, su direcci\u00f3n f\u00edsica y su n\u00famero de tel\u00e9fono) (colectivamente, los \u00abCanales\u00bb), acepta expresamente recibir nuestras comunicaciones. Podemos usar los Canales para comunicarnos con usted, enviar informaci\u00f3n que usted haya solicitado o para enviarle informaci\u00f3n sobre otros productos o servicios desarrollados o proporcionados por nosotros o nuestros socios comerciales, siempre que no proporcionemos su informaci\u00f3n de contacto a otra parte a promocionar sus productos o servicios directamente a usted sin su consentimiento o seg\u00fan lo establecido en esta P\u00f3liza de Privacidad.<\/p>\n<p>Al utilizar el Servicio, usted acepta expresamente recibir nuestras comunicaciones dentro del producto (incluidas, entre otras, las notificaciones autom\u00e1ticas en la Aplicaci\u00f3n).<\/p>\n<p>Al proporcionarnos su n\u00famero de tel\u00e9fono, acepta expresamente recibir nuestras llamadas telef\u00f3nicas y \/ o mensajes de texto. No le daremos su n\u00famero de tel\u00e9fono a otra persona para promocionarle sus productos o servicios directamente sin su consentimiento o seg\u00fan lo establecido en esta P\u00f3liza de Privacidad.<\/p>\n<p>Cualquier llamada telef\u00f3nica y \/ o mensaje de texto entregado a su tel\u00e9fono o dispositivo puede ocasionar que usted reciba datos adicionales, mensajes de texto u otros cargos de su proveedor de servicios inal\u00e1mbricos. SE PUEDEN APLICAR TARIFAS POR MENSAJES Y DATOS. Usted es el \u00fanico responsable de los cargos incurridos por el proveedor como resultado de comunicaciones telef\u00f3nicas y \/ o de texto desde motionlaw.com.<\/p>\n<p>Cualquier comunicaci\u00f3n o material que nos transmita por correo electr\u00f3nico o de otra manera, incluidos los datos, preguntas, comentarios, sugerencias o similares, se tratar\u00e1n, y no ser\u00e1n confidenciales, y no ser\u00e1n confidenciales. Excepto en la medida expresamente cubierta por esta P\u00f3liza de Privacidad, cualquier cosa que usted transmita o publique puede ser utilizada por nosotros para cualquier prop\u00f3sito, incluyendo, pero no limitado a, la reproducci\u00f3n, divulgaci\u00f3n, transmisi\u00f3n, publicaci\u00f3n, transmisi\u00f3n y publicaci\u00f3n. Adem\u00e1s, acepta expresamente que somos libres de utilizar cualquier idea, concepto, know-how o t\u00e9cnica contenida en cualquier comunicaci\u00f3n que nos env\u00ede, as\u00ed como cualquier informaci\u00f3n desarrollada utilizando el contenido de dicha comunicaci\u00f3n, sin compensaci\u00f3n y para cualquier prop\u00f3sito de ning\u00fan modo, incluidos, entre otros, el desarrollo, la fabricaci\u00f3n y la comercializaci\u00f3n de productos y servicios que utilicen dicha informaci\u00f3n.<\/p>\n<p><strong>Sin Derechos de Terceros:<\/strong><\/p>\n<p>Esta P\u00f3liza de privacidad no crea derechos ejecutables por terceros, ni requiere la divulgaci\u00f3n de ninguna informaci\u00f3n personal relacionada con los usuarios del Servicio.<\/p>\n<p><strong>T\u00e9rminos De Uso Del Sitio:<\/strong><\/p>\n<p>El uso de este Servicio est\u00e1 regido por, y sujeto a, los T\u00e9rminos de Uso ubicados en <u>http:\/\/motionlaw.com\/terms-of-service\/<\/u> (los t\u00e9rminos\u00bb). Esta P\u00f3liza de privacidad est\u00e1 incorporada en los T\u00e9rminos. Su uso o acceso al Servicio constituye su aceptaci\u00f3n de estar sujeto a estas disposiciones. SI NO EST\u00c1 DE ACUERDO CON LOS T\u00c9RMINOS Y CON ESTA POL\u00cdZA DE PRIVACIDAD, NO PUEDE ACCEDER O UTILIZAR EL SERVICIO DE OTRA MANERA.<\/p>\n<p><strong>Servidores:<\/strong><\/p>\n<p>Nuestros servidores se mantienen en los Estados Unidos. Al utilizar el Servicio, usted nos brinda su consentimiento libre y espec\u00edfico para exportar su informaci\u00f3n de identificaci\u00f3n personal a los Estados Unidos y para almacenarla y usarla en los Estados Unidos, tal como se especifica en esta P\u00f3liza de Privacidad. Usted comprende que los datos almacenados en los Estados Unidos pueden estar sujetos a solicitudes legales de los tribunales o las autoridades policiales de los Estados Unidos.<\/p>\n<p><strong>Ley Que Rige:\u00a0 <\/strong><\/p>\n<p>Esta P\u00f3liza de Privacidad y nuestras obligaciones legales a continuaci\u00f3n est\u00e1n sujetas a las leyes del Estado de Districto de Columbia, independientemente de su ubicaci\u00f3n. Por el presente, acepta la jurisdicci\u00f3n exclusiva de los tribunales ubicados en el Estado de Districto de Columbia, Ciudad de Washington, DC, en todas las disputas que surjan de o se relacionen con los Servicios.<\/p>\n<p><strong>Contacto:<\/strong><\/p>\n<p>Para preguntas o inquietudes relacionadas con la privacidad, podemos ser contactados por correo electr\u00f3nico a info@motionlaw.com, por tel\u00e9fono al (202)918-1799 o por correo postal a:<\/p>\n<p>20 F St NW 7th Floor, Suite 718,<br \/>\nWashington DC 20001<\/p>\n<p><strong>Fecha Efectiva:<\/strong><\/p>\n<p>Esta P\u00f3liza de privacidad se actualiz\u00f3 por \u00faltima vez en dicembre de 2019.<\/p>\n","protected":false},"excerpt":{"rendered":"<p>Motion Law LLC entiende la importancia de su privacidad personal. Por lo tanto, hemos creado esta P\u00f3liza de privacidad para que sepa c\u00f3mo usamos y divulgamos su informaci\u00f3n cuando la pone a nuestra disposici\u00f3n. La P\u00f3liza de privacidad a continuaci\u00f3n divulga nuestras pr\u00e1cticas relacionadas con el sitio web de recopilaci\u00f3n y uso de informaci\u00f3n ubicado&hellip;<\/p>\n","protected":false},"author":13,"featured_media":0,"parent":0,"menu_order":0,"comment_status":"closed","ping_status":"closed","template":"","meta":{"_monsterinsights_skip_tracking":false,"_monsterinsights_sitenote_active":false,"_monsterinsights_sitenote_note":"","_monsterinsights_sitenote_category":0,"footnotes":""},"yst_prominent_words":[1299,1293,1302,1306,1314,1313,1311,1300,1298,1292,1289,1304,1309,1315,1312,1308,1301,1297,1294,1290],"class_list":["post-456","page","type-page","status-publish","hentry"],"jetpack_shortlink":"https:\/\/wp.me\/P93TlB-7m","jetpack_sharing_enabled":true,"_links":{"self":[{"href":"https:\/\/www.motionlaw.com\/es\/wp-json\/wp\/v2\/pages\/456","targetHints":{"allow":["GET"]}}],"collection":[{"href":"https:\/\/www.motionlaw.com\/es\/wp-json\/wp\/v2\/pages"}],"about":[{"href":"https:\/\/www.motionlaw.com\/es\/wp-json\/wp\/v2\/types\/page"}],"author":[{"embeddable":true,"href":"https:\/\/www.motionlaw.com\/es\/wp-json\/wp\/v2\/users\/13"}],"replies":[{"embeddable":true,"href":"https:\/\/www.motionlaw.com\/es\/wp-json\/wp\/v2\/comments?post=456"}],"version-history":[{"count":2,"href":"https:\/\/www.motionlaw.com\/es\/wp-json\/wp\/v2\/pages\/456\/revisions"}],"predecessor-version":[{"id":1702,"href":"https:\/\/www.motionlaw.com\/es\/wp-json\/wp\/v2\/pages\/456\/revisions\/1702"}],"wp:attachment":[{"href":"https:\/\/www.motionlaw.com\/es\/wp-json\/wp\/v2\/media?parent=456"}],"wp:term":[{"taxonomy":"yst_prominent_words","embeddable":true,"href":"https:\/\/www.motionlaw.com\/es\/wp-json\/wp\/v2\/yst_prominent_words?post=456"}],"curies":[{"name":"wp","href":"https:\/\/api.w.org\/{rel}","templated":true}]}}