{"id":454,"date":"2018-09-13T15:49:58","date_gmt":"2018-09-13T19:49:58","guid":{"rendered":"http:\/\/motionlaw.com\/areas-de-practica\/inmigracion-familiar\/"},"modified":"2020-07-30T13:51:48","modified_gmt":"2020-07-30T17:51:48","slug":"inmigracion-familiar","status":"publish","type":"page","link":"https:\/\/www.motionlaw.com\/es\/areas-de-practica\/inmigracion-familiar\/","title":{"rendered":"Inmigraci\u00f3n Familiar"},"content":{"rendered":"\n<h1>\n\t\tInmigraci\u00f3n Familiar\n\t<\/h1>\n\t<p>Nuestros experimentados abogados de inmigraci\u00f3n han ayudado a muchas familias a obtener sus tarjetas de residencia patrocinadas por la familia.<\/p>\n\t<p><img loading=\"lazy\" decoding=\"async\" src=\"https:\/\/www.motionlaw.com\/wp-content\/uploads\/Abogado-de-Inmigraci\u00f3n-Familiar-de-DC.jpg\" alt=\"Abogados de Inmigraci\u00f3n Familiar en Washington DC\" width=\"500\" height=\"333\" \/><\/p>\n<h3>Su Bufete de Abogados de Inmigraci\u00f3n Familiar en DC<\/h3>\n<p>Los abogados de Motion Law entienden la importancia de tener un aliado de inmigraci\u00f3n en el cual puedan confiar para las necesidades de inmigraci\u00f3n de su familia. Nos especializamos en reunir a las familias para vivir una vida feliz en los EE. UU. Sabemos que la unidad familiar es importante para la felicidad y la prosperidad en general, y las peticiones familiares son la forma m\u00e1s com\u00fan y tradicional de obtener una tarjeta verde.<\/p>\n<p>Un ciudadano estadounidense tiene la capacidad de patrocinar a su prometido, c\u00f3nyuge, padre, hijos y hermanos para obtener una tarjeta verde. Un residente permanente legal puede patrocinar a sus c\u00f3nyuges e hijos solteros. Los familiares inmediatos de un ciudadano estadounidense no tienen que esperar en la fila para obtener una visa despu\u00e9s de que su petici\u00f3n haya sido aprobada. Si no es un pariente inmediato de un ciudadano de los EE. UU., es posible que tenga que esperar en la fila para obtener su visa en la categor\u00eda de preferencia familiar. Motion Law lo ayudar\u00e1 a comprender los dos tipos diferentes de categor\u00edas familiares para visas basadas en la familia. Para obtener m\u00e1s informaci\u00f3n sobre los procesos, cont\u00e1ctenos hoy.<\/p>\n<p>USCIS establece la diferencia entre las dos categor\u00edas de la siguiente manera:<\/p>\n<h3>Familiares Inmediatos<\/h3>\n<h4>Miembros de la familia inmediata que los ciudadanos estadounidenses pueden patrocinar:<\/h4>\n<ul>\n<li>Esposo\/a<\/li>\n<li>Padre, si tiene 21 a\u00f1os o m\u00e1s<\/li>\n<li>Hijo soltero menor de 21 a\u00f1os<\/li>\n<\/ul>\n<h3>Preferencia Familiar<\/h3>\n<h4>Otros familiares a los que los ciudadanos estadounidenses pueden patrocinar:<\/h4>\n<ul>\n<li>Hijos e hijas solteros (21 a\u00f1os o m\u00e1s)<\/li>\n<li>Hijos e hijas casados<\/li>\n<li>Hermanos<\/li>\n<\/ul>\n<p>Si no es ciudadano de los EE. UU. pero es residente legal permanente (LPR) o titular de una tarjeta verde, puede patrocinar a su c\u00f3nyuge, hijos solteros menores de 21 a\u00f1os e hijos solteros mayores de 21 a\u00f1os.<\/p>\n<p>Para comprender mejor las dos categor\u00edas familiares y los tiempos de espera que aplican para su propia petici\u00f3n basada en la familia, cont\u00e1ctenos hoy. Podemos ayudar a aliviar su estr\u00e9s y facilitar su proceso con nuestro equipo experto de abogados de inmigraci\u00f3n. \u00a1No arriesgue su futuro, programe una consulta gratuita con uno de los abogados de inmigraci\u00f3n con experiencia de Motion Law!<\/p>\n\t<h2>\u00bfNecesita la ayuda de un abogado experto en inmigraci\u00f3n familiar?<\/h2>\nNo dude en ponerse en contacto con Motion Law Immigration. Hemos ayudado a muchas personas en la misma situaci\u00f3n que usted. Cont\u00e1ctenos hoy para su Consulta GRATUITA.<br \/>\n\n\t\t\t<a href=\"https:\/\/motionlaw.com\/es\/contactenos\/\" target=\"_self\" role=\"button\" rel=\"noopener noreferrer\">\n\t\t\t\t\t\t\tCont\u00e1ctenos\n\t\t\t\t\t<\/a>\n\t<h2>Preguntas Frecuentes<\/h2>\n\t\t\t<a href=\"#\" id=\"fl-accordion--label-0\" tabindex=\"0\" aria-controls=\"fl-accordion--panel-0\">\u00bfQui\u00e9n puede ser patrocinador de una tarjeta verde?<\/a>\n\t\t\t\t\t\t\t<a href=\"#\" id=\"fl-accordion--icon-0\" tabindex=\"0\" aria-controls=\"fl-accordion--panel-0\"><i>Expand<\/i><\/a>\n\t\t<p>Los ciudadanos estadounidenses y los residentes legales permanentes pueden solicitar ciertos miembros de la familia.<\/p>\n<p>Un ciudadano estadounidense puede presentar una petici\u00f3n de c\u00f3nyuge, padre, hijos solteros menores de 21 a\u00f1os, hijos e hijas casados, hijos e hijas solteros mayores de 21 a\u00f1os y hermanos.<\/p>\n<p>Un residente permanente legal puede presentar una solicitud de c\u00f3nyuge, hijos solteros menores de 21 a\u00f1os e hijos e hijas solteros mayores de 21 a\u00f1os.<\/p>\n\t\t\t<a href=\"#\" id=\"fl-accordion--label-1\" tabindex=\"0\" aria-controls=\"fl-accordion--panel-1\">Tengo un hijo que es ciudadano de los EE. UU., \u00bfCu\u00e1ndo pueden presentar una solicitud por m\u00ed?<\/a>\n\t\t\t\t\t\t\t<a href=\"#\" id=\"fl-accordion--icon-1\" tabindex=\"0\" aria-controls=\"fl-accordion--panel-1\"><i>Expand<\/i><\/a>\n\t\t<p>Una vez que su hijo tenga 21 a\u00f1os, puede presentar una petici\u00f3n por usted.<\/p>\n\t\t\t<a href=\"#\" id=\"fl-accordion--label-2\" tabindex=\"0\" aria-controls=\"fl-accordion--panel-2\">Tengo otra persona importante que est\u00e1 fuera de los EE. UU., \u00bfPuedo patrocinarla para que venga a EE. UU.?<\/a>\n\t\t\t\t\t\t\t<a href=\"#\" id=\"fl-accordion--icon-2\" tabindex=\"0\" aria-controls=\"fl-accordion--panel-2\"><i>Expand<\/i><\/a>\n\t\t<p>S\u00ed, puede presentar una visa de prometido K-1. Tambi\u00e9n hay otras opciones disponibles. \u00a1Por favor cont\u00e1ctenos para m\u00e1s informaci\u00f3n!<\/p>\n\t\t\t<a href=\"#\" id=\"fl-accordion--label-3\" tabindex=\"0\" aria-controls=\"fl-accordion--panel-3\">Tengo un hijo nacido fuera de los EE. UU., \u00bfPuedo traer a mi hijo a vivir conmigo en los EE. UU.?<\/a>\n\t\t\t\t\t\t\t<a href=\"#\" id=\"fl-accordion--icon-3\" tabindex=\"0\" aria-controls=\"fl-accordion--panel-3\"><i>Expand<\/i><\/a>\n\t\t<p>S\u00ed, dependiendo de la edad de su hijo, podemos ayudarlo a traerlo a los EE. UU. Lo antes posible. Sea cual sea la edad, Motion Law puede ayudarlo.<\/p>\n\t\t\t\t<img loading=\"lazy\" decoding=\"async\" src=\"https:\/\/www.motionlaw.com\/wp-content\/uploads\/Motion-Law-Abogados-de-inmigraci\u00f3n-Washington-DC.png\" alt=\"Motion Law Abogados de inmigraci\u00f3n Washington DC\" itemprop=\"image\" height=\"354\" width=\"1024\" title=\"Motion Law Abogados de inmigraci\u00f3n Washington DC\" onerror=\"this.style.display='none'\"  \/>\n\tMotion Law LLC<br \/>\n 20 F St NW 7th Floor<br \/>\n Washington, DC 20001<br \/>\n info@motionlaw.com<br \/>\n Tel: (202) 918-1799\n<p>Horarios: 8:00 AM &#8211; 6:00 PM, Lun &#8211; Sab<\/p>\n<p>Pago: todas las principales tarjetas de cr\u00e9dito, efectivo, cheque, giros postales, cheque de caja<\/p>\n\t\t\t<a href=\"https:\/\/motionlaw.com\/es\/contactenos\/\" target=\"_self\" role=\"button\" rel=\"noopener noreferrer\">\n\t\t\t\t\t\t\tPrograme Una Consulta GRATUITA\n\t\t\t\t\t<\/a>\n","protected":false},"excerpt":{"rendered":"<p>Inmigraci\u00f3n Familiar Nuestros experimentados abogados de inmigraci\u00f3n han ayudado a muchas familias a obtener sus tarjetas de residencia patrocinadas por la familia. Su Bufete de Abogados de Inmigraci\u00f3n Familiar en DC Los abogados de Motion Law entienden la importancia de tener un aliado de inmigraci\u00f3n en el cual puedan confiar para las necesidades de inmigraci\u00f3n&hellip;<\/p>\n","protected":false},"author":13,"featured_media":0,"parent":447,"menu_order":0,"comment_status":"closed","ping_status":"closed","template":"","meta":{"_monsterinsights_skip_tracking":false,"_monsterinsights_sitenote_active":false,"_monsterinsights_sitenote_note":"","_monsterinsights_sitenote_category":0,"footnotes":""},"yst_prominent_words":[1206,1208,1197,1209,1211,1207,1204,1210,1198,1205,1203,1195,1212,1199,1213,1200,1202,1196,1214,1201],"class_list":["post-454","page","type-page","status-publish","hentry"],"jetpack_shortlink":"https:\/\/wp.me\/P93TlB-7k","jetpack_sharing_enabled":true,"_links":{"self":[{"href":"https:\/\/www.motionlaw.com\/es\/wp-json\/wp\/v2\/pages\/454","targetHints":{"allow":["GET"]}}],"collection":[{"href":"https:\/\/www.motionlaw.com\/es\/wp-json\/wp\/v2\/pages"}],"about":[{"href":"https:\/\/www.motionlaw.com\/es\/wp-json\/wp\/v2\/types\/page"}],"author":[{"embeddable":true,"href":"https:\/\/www.motionlaw.com\/es\/wp-json\/wp\/v2\/users\/13"}],"replies":[{"embeddable":true,"href":"https:\/\/www.motionlaw.com\/es\/wp-json\/wp\/v2\/comments?post=454"}],"version-history":[{"count":10,"href":"https:\/\/www.motionlaw.com\/es\/wp-json\/wp\/v2\/pages\/454\/revisions"}],"predecessor-version":[{"id":5787,"href":"https:\/\/www.motionlaw.com\/es\/wp-json\/wp\/v2\/pages\/454\/revisions\/5787"}],"up":[{"embeddable":true,"href":"https:\/\/www.motionlaw.com\/es\/wp-json\/wp\/v2\/pages\/447"}],"wp:attachment":[{"href":"https:\/\/www.motionlaw.com\/es\/wp-json\/wp\/v2\/media?parent=454"}],"wp:term":[{"taxonomy":"yst_prominent_words","embeddable":true,"href":"https:\/\/www.motionlaw.com\/es\/wp-json\/wp\/v2\/yst_prominent_words?post=454"}],"curies":[{"name":"wp","href":"https:\/\/api.w.org\/{rel}","templated":true}]}}