{"id":452,"date":"2018-09-13T15:38:08","date_gmt":"2018-09-13T19:38:08","guid":{"rendered":"http:\/\/motionlaw.com\/areas-de-practica\/deportacion\/"},"modified":"2025-09-26T09:59:36","modified_gmt":"2025-09-26T13:59:36","slug":"deportacion","status":"publish","type":"page","link":"https:\/\/www.motionlaw.com\/es\/areas-de-practica\/deportacion\/","title":{"rendered":"Deportaci\u00f3n"},"content":{"rendered":"\n\n<h2>\n\t\tDEFENSA CONTRA LA DEPORTACI\u00d3N\n\t<\/h2>\n\t<p>Motion Law Immigration se dedica a ayudar en la defensa de inmigrantes detenidos, documentados e indocumentados.<\/p>\n\t<h3><img loading=\"lazy\" decoding=\"async\" src=\"https:\/\/www.motionlaw.com\/wp-content\/uploads\/Abogados-de-inmigraci\u00f3n-de-deportaci\u00f3n-en-Washington-DC.jpg\" alt=\"DC Abogado de Inmigraci\u00f3n de Deportaci\u00f3n \" width=\"500\" height=\"333\" \/>Abogados de Defensa de Deportaci\u00f3n en DC, MD y VA<\/h3>\n<p>Los abogados de inmigraci\u00f3n de Motion Law tienen a\u00f1os de experiencia en el manejo de casos de deportaci\u00f3n. Si se encuentra en un proceso de deportaci\u00f3n, nuestra misi\u00f3n es ayudarlo a encontrar la soluci\u00f3n correcta.<\/p>\n<p>Sabemos lo aterrador que puede ser enfrentar la posibilidad de que se ordene la expulsi\u00f3n de los EE. UU. Adem\u00e1s de la preocupaci\u00f3n que esto puede causar, tambi\u00e9n puede traer consecuencias a largo plazo y potencialmente graves para usted, sus ambiciones y, lo m\u00e1s importante, su familia. En Motion Law, creemos firmemente en la lucha en nombre de las personas indocumentadas y nuestros abogados experimentados est\u00e1n capacitados para luchar contra las \u00f3rdenes de deportaci\u00f3n para mantenerlo conduciendo hacia sus objetivos.<\/p>\n<h3>\u00bfPor qu\u00e9 luchar contra su caso de deportaci\u00f3n?<\/h3>\n<p>Muchos individuos tienen la idea err\u00f3nea de que, debido a que fueron detenidos por ICE, ser\u00e1n deportados de inmediato sin ninguna posibilidad de pelear su caso. Es importante saber que estar en proceso de deportaci\u00f3n no excluye la posibilidad de permanecer en los EE. UU. Hay varios tipos de alivio para los que podr\u00edas ser elegible para usar en tu lucha para permanecer en los EE. UU.<\/p>\n<p>La mayor\u00eda de los detenidos generalmente se sienten perdidos y confundidos sobre el proceso, encontr\u00e1ndose enredados en un \u00abdesastre\u00bb y sin saber que podr\u00edan ser elegibles para ser liberados con una fianza. Es de vital importancia ponerse en contacto con un abogado de inmigraci\u00f3n experimentado inmediatamente despu\u00e9s de ser puesto en proceso de deportaci\u00f3n. Incluso si es liberado bajo fianza, le recomendamos encarecidamente que busque la ayuda de un abogado experto en inmigraci\u00f3n para que lo represente a trav\u00e9s de su proceso de deportaci\u00f3n.<\/p>\n<h3>Tipos de Alivio &#8211;<\/h3>\n<ul>\n<li>Peticiones de Habeas Corpus<\/li>\n<li>Cancelaci\u00f3n de Deportaci\u00f3n<\/li>\n<li>Asilo<\/li>\n<li>Suspensi\u00f3n de Deportaci\u00f3n<\/li>\n<li>Ajuste de Estatus<\/li>\n<li>Salida Voluntaria<\/li>\n<li>Apelaci\u00f3n Administrativa<\/li>\n<\/ul>\n<p>Podr\u00edan estar disponibles muchos otros tipos de ayuda, por lo que debe comunicarse con un abogado de inmigraci\u00f3n lo antes posible para ayudarlo a elaborar un plan para luchar contra su deportaci\u00f3n. Ser colocado en un proceso de deportaci\u00f3n a veces puede ser un camino para legalizar su estatus.<\/p>\n<h3>\u00bfPor qu\u00e9 contactar a un abogado de defensa contra la deportaci\u00f3n en Motion Law?<\/h3>\n<p>Los abogados de deportaci\u00f3n de Motion Law tienen las habilidades necesarias para presentar su caso ante cualquier juez de un tribunal de inmigraci\u00f3n y le proporcionar\u00e1n la representaci\u00f3n m\u00e1s s\u00f3lida y rigurosa para usted en sus procedimientos de deportaci\u00f3n.<\/p>\n\t<h1>Abogados de Defensa de Deportaci\u00f3n en Washington DC, Maryland y Virginia<\/h1>\n\t<h2>\u00bfNecesita la ayuda de un abogado experto en defensa contra la deportaci\u00f3n?<\/h2>\nNo dude en ponerse en contacto con Motion Law Immigration. Hemos ayudado a muchas personas en la misma situaci\u00f3n que usted. Cont\u00e1ctenos hoy para su Consulta GRATUITA.<br \/>\n\n\t\t\t<a href=\"https:\/\/motionlaw.com\/es\/contactenos\/\" target=\"_self\">\n\t\t\t\t\t\t\tCont\u00e1ctenos\n\t\t\t\t\t<\/a>\n\t<h2>Preguntas Frecuentes<\/h2>\n\t\t\t\t\t<a href=\"#\" id=\"fl-accordion--label-0\" tabindex=\"0\" aria-controls=\"fl-accordion--panel-0\">\u00bfQu\u00e9 es una Petici\u00f3n de Habeas Corpus?<\/a>\n\t\t\t\t\t\t\t\t\t\t\t<a href=\"#\" id=\"fl-accordion--icon-0\" tabindex=\"-1\"><i title=\"Expand\">Expand<\/i><\/a>\n\t\t\t\t\t<p>Una petici\u00f3n de Habeas Corpus es una solicitud formal presentada ante un tribunal federal por (o en nombre de) un inmigrante detenido, pidiendo a un juez que revise la legalidad de su detenci\u00f3n por parte de ICE o del gobierno.<\/p>\n\t\t\t\t\t<a href=\"#\" id=\"fl-accordion--label-1\" tabindex=\"0\" aria-controls=\"fl-accordion--panel-1\">Actualmente estoy en proceso de deportaci\u00f3n y recientemente me cas\u00e9 con un ciudadano estadounidense, \u00bfpueden ayudarme?<\/a>\n\t\t\t\t\t\t\t\t\t\t\t<a href=\"#\" id=\"fl-accordion--icon-1\" tabindex=\"-1\"><i title=\"Expand\">Expand<\/i><\/a>\n\t\t\t\t\t<p>Puede ser elegible para solicitar un alivio y permanecer en los EE. UU. Ll\u00e1menos hoy para saber c\u00f3mo podemos ayudarlo a cancelar sus procedimientos de eliminaci\u00f3n.<\/p>\n\t\t\t\t\t<a href=\"#\" id=\"fl-accordion--label-2\" tabindex=\"0\" aria-controls=\"fl-accordion--panel-2\">He sido deportado antes, \u00bfpuedo solicitar una tarjeta verde?<\/a>\n\t\t\t\t\t\t\t\t\t\t\t<a href=\"#\" id=\"fl-accordion--icon-2\" tabindex=\"-1\"><i title=\"Expand\">Expand<\/i><\/a>\n\t\t\t\t\t<p>S\u00ed, puede ser elegible para solicitar un perdon y tener un camino a la residencia permanente legal.<\/p>\n\t\t\t\t\t<a href=\"#\" id=\"fl-accordion--label-3\" tabindex=\"0\" aria-controls=\"fl-accordion--panel-3\">\u00bfQu\u00e9 es el asilo?<\/a>\n\t\t\t\t\t\t\t\t\t\t\t<a href=\"#\" id=\"fl-accordion--icon-3\" tabindex=\"-1\"><i title=\"Expand\">Expand<\/i><\/a>\n\t\t\t\t\t<p>Puede solicitar asilo si ha estado o est\u00e1 en peligro de ser perseguido en su pa\u00eds de origen. Para obtener m\u00e1s detalles, llame para programar una consulta gratuita hoy.<\/p>\n\t\t\t\t<img loading=\"lazy\" decoding=\"async\" src=\"https:\/\/www.motionlaw.com\/wp-content\/uploads\/Motion-Law-Washington-DC.png\" alt=\"Motion Law Washington DC\" itemprop=\"image\" height=\"311\" width=\"900\" title=\"Motion Law Washington DC\" onerror=\"this.style.display='none'\"  \/>\n\tMotion Law LLC<br \/>\n 1050 Connecticut Ave NW, Suite 500<br \/>\n Washington, DC 20036<br \/>\n info@motionlaw.com<br \/>\n Tel: (202) 918-1799\n<p>Horarios: 8:00 AM &#8211; 6:00 PM, Lun &#8211; Sab<\/p>\n<p>Pago: todas las principales tarjetas de cr\u00e9dito, efectivo, cheque, giros postales, cheque de caja<\/p>\n\t\t\t<a href=\"https:\/\/motionlaw.com\/es\/contactenos\/\" target=\"_self\">\n\t\t\t\t\t\t\tPrograme Una Consulta GRATUITA\n\t\t\t\t\t<\/a>\n\n","protected":false},"excerpt":{"rendered":"<p>DEFENSA CONTRA LA DEPORTACI\u00d3N Motion Law Immigration se dedica a ayudar en la defensa de inmigrantes detenidos, documentados e indocumentados. Abogados de Defensa de Deportaci\u00f3n en DC, MD y VA Los abogados de inmigraci\u00f3n de Motion Law tienen a\u00f1os de experiencia en el manejo de casos de deportaci\u00f3n. Si se encuentra en un proceso de&hellip;<\/p>\n","protected":false},"author":13,"featured_media":0,"parent":447,"menu_order":0,"comment_status":"closed","ping_status":"closed","template":"","meta":{"_monsterinsights_skip_tracking":false,"_monsterinsights_sitenote_active":false,"_monsterinsights_sitenote_note":"","_monsterinsights_sitenote_category":0,"footnotes":""},"yst_prominent_words":[6961,1371,865,1434,1372,1692,6960,1370,923,1693,1420,1691,752,6386],"class_list":["post-452","page","type-page","status-publish","hentry"],"jetpack_shortlink":"https:\/\/wp.me\/P93TlB-7i","jetpack_sharing_enabled":true,"_links":{"self":[{"href":"https:\/\/www.motionlaw.com\/es\/wp-json\/wp\/v2\/pages\/452","targetHints":{"allow":["GET"]}}],"collection":[{"href":"https:\/\/www.motionlaw.com\/es\/wp-json\/wp\/v2\/pages"}],"about":[{"href":"https:\/\/www.motionlaw.com\/es\/wp-json\/wp\/v2\/types\/page"}],"author":[{"embeddable":true,"href":"https:\/\/www.motionlaw.com\/es\/wp-json\/wp\/v2\/users\/13"}],"replies":[{"embeddable":true,"href":"https:\/\/www.motionlaw.com\/es\/wp-json\/wp\/v2\/comments?post=452"}],"version-history":[{"count":11,"href":"https:\/\/www.motionlaw.com\/es\/wp-json\/wp\/v2\/pages\/452\/revisions"}],"predecessor-version":[{"id":28636,"href":"https:\/\/www.motionlaw.com\/es\/wp-json\/wp\/v2\/pages\/452\/revisions\/28636"}],"up":[{"embeddable":true,"href":"https:\/\/www.motionlaw.com\/es\/wp-json\/wp\/v2\/pages\/447"}],"wp:attachment":[{"href":"https:\/\/www.motionlaw.com\/es\/wp-json\/wp\/v2\/media?parent=452"}],"wp:term":[{"taxonomy":"yst_prominent_words","embeddable":true,"href":"https:\/\/www.motionlaw.com\/es\/wp-json\/wp\/v2\/yst_prominent_words?post=452"}],"curies":[{"name":"wp","href":"https:\/\/api.w.org\/{rel}","templated":true}]}}