{"id":450,"date":"2018-09-13T15:25:17","date_gmt":"2018-09-13T19:25:17","guid":{"rendered":"http:\/\/motionlaw.com\/areas-de-practica\/inmigracion-comercial\/"},"modified":"2020-07-30T13:53:15","modified_gmt":"2020-07-30T17:53:15","slug":"inmigracion-comercial","status":"publish","type":"page","link":"https:\/\/www.motionlaw.com\/es\/areas-de-practica\/inmigracion-comercial\/","title":{"rendered":"Inmigraci\u00f3n Empresarial"},"content":{"rendered":"\n<h1>\n\t\tINMIGRACION EMPRESARIAL\n\t<\/h1>\n\t<p>Los due\u00f1os de negocios, inversonistas, trabajadores internacionales, corporaciones y estudiantes eligen confiar en Motion Law con sus objetivos de inmigraci\u00f3n. Como podemos ayudarle?<\/p>\n<h3><img loading=\"lazy\" decoding=\"async\" src=\"https:\/\/www.motionlaw.com\/wp-content\/uploads\/Abogado-de-Inmigraci\u00f3n-Empresarial-en-DC.jpg\" alt=\"Abogados de Inmigraci\u00f3n Empresarial Washington DC\" width=\"500\" height=\"309\" \/>Sus Abogados de Inmigraci\u00f3n Empresarial de DC<\/h3>\n<p>Motion Law es una firma de abogados de inmigraci\u00f3n de negocios de servicio completo. Ayudamos a empresas e inversonistas con sus necesidades de inmigraci\u00f3n a trav\u00e9s del proceso de solicitud de visas de negocios. Dependiendo de sus necesidades y calificaciones espec\u00edficas, Motion Law puede aconsejar qu\u00e9 visa de negocios o ruta tomar para lograr sus objetivos comerciales y personales a corto o largo plazo. Ya sea que est\u00e9 buscando ingresar a los EE. UU. en un breve viaje de negocios, para una estad\u00eda temporal o permanente, nuestros abogados expertos en inmigraci\u00f3n comercial lo guiar\u00e1n a trav\u00e9s de las mejores opciones para resolver sus necesidades de inmigraci\u00f3n comercial.<\/p>\n<h3>Visas de visitante B1 y B2<\/h3>\n<p>Para las personas que est\u00e1n interesadas en un viaje de negocios corto y no tienen la intenci\u00f3n de permanecer en los Estados Unidos, la visa de visitante B1 \/ B2 es una gran opci\u00f3n. Con una visa B1 \/ B2 puede hacer un breve viaje de negocios para negociaciones de contratos, consultor\u00eda de negocios o conferencias. La aplicaci\u00f3n es un proceso razonablemente y sencillo. Para comprender las calificaciones y los requisitos de elegibilidad y para saer si este tipo de visa se ajusta a sus necesidades, no dude en comunicarse con Motion Law.<\/p>\n<h3>Visas de inversionista EB-5 y E-2<\/h3>\n<p>Los dos tipos de visas principales de inversi\u00f3n para inversionistas inmigrantes son la visa EB-5 y la visa E-2.<\/p>\n<ul>\n<li><strong>La visa EB-5<\/strong> es para inversonistas que pueden recaudar e invertir al menos novecientos mil d\u00f3lares en un programa aprobado del Centro Regional. Las visas EB-5 ayudan a crear empleos en \u00e1reas de alto desempleo conocidas como \u00c1reas de Empleo Objetivo, (TEA), y son un camino hacia la residencia permanente condicional que conduce a la ciudadan\u00eda eventual. Para los inversores en Nuevas Empresas Comerciales (NCE), fuera del Centro Regional, es decir, en programas que no son TEA, el umbral de inversi\u00f3n se ha elevado recientemente de $1,000,000 a $1,800,000.<\/li>\n<li><strong>La visa E-2<\/strong> no es un camino directo a la residencia legal permanente; pero en algunos casos solo requiere una inversi\u00f3n total de tan solo $ 100,000. Las visas E-2 proporcionan un estatus de residente temporal no inmigrante para los inversoistas y sus familiares inmediatos y es un proceso mucho m\u00e1s r\u00e1pido que debe renovarse cada 5 a\u00f1os. Esta opci\u00f3n es una gran soluci\u00f3n para los inversonistas que buscan iniciar un negocio en los Estados Unidos.<\/li>\n<\/ul>\n<p>Si est\u00e1 interesado en las opciones de visa de inversionista inmigrante pero no est\u00e1 seguro de qu\u00e9 ruta de visa tomar, comun\u00edquese hoy con los abogados de inmigraci\u00f3n de Motion Law.<\/p>\n<h3>Visas de Inmigraci\u00f3n Basadas en Empleo<\/h3>\n<p>Si usted es una corporaci\u00f3n o un propietario de un negocio que busca contratar trabajadores inmigrantes para visas temporales y no temporales, Motion Law puede ayudarlo a trav\u00e9s de su proceso de visa de inmigraci\u00f3n. Hay muchos tipos diferentes de visas de empleo disponibles, todo seg\u00fan el tipo de empleo y las calificaciones necesarias. Los tipos de visa incluyen, entre otros: EB-1, EB-2, EB-3, EB-4, H-1B, H-2A, H-3, I, L, O-1, P-1A, R y TN.<\/p>\n<p>Adem\u00e1s de las oportunidades de trabajo temporal, hay 140,000 visas de inmigrantes disponibles cada a\u00f1o para los trabajadores elegibles y sus familias. Las visas de negocios de esta variedad se ofrecen en 5 categor\u00edas de preferencia, y se pueden diferenciar de la siguiente manera:<\/p>\n<table border=\"1\" width=\"75%\">\n<tbody>\n<tr>\n<td width=\"30%\">Primera Preferencia\nEB-1<\/td>\n<td width=\"70%\">Para personas con habilidades extraordinarias en ciencias, artes, educaci\u00f3n, negocios o atletismo.<\/td>\n<\/tr>\n<tr>\n<td width=\"30%\">Segunda Preferencia\nEB-2<\/td>\n<td width=\"70%\">Para personas que poseen t\u00edtulos avanzados en artes, ciencias o negocios.<\/td>\n<\/tr>\n<tr>\n<td width=\"30%\">Tercera Preferencia\nEB-3<\/td>\n<td width=\"70%\">Para profesionales, trabajadores calificados y otros trabajadores.<\/td>\n<\/tr>\n<tr>\n<td width=\"30%\">Cuarta Preferencia\nEB-4<\/td>\n<td width=\"70%\">Para \u00abinmigrantes especiales\u00bb como trabajadores religiosos, empleados de puestos del servicio exterior de EE. UU., Jubilados de organizaciones internacionales y otras clases de extranjeros.<\/td>\n<\/tr>\n<tr>\n<td width=\"30%\">Quinta Preferencia\nEB-5<\/td>\n<td width=\"70%\">Para ciertos inversores empresariales.<\/td>\n<\/tr>\n<\/tbody>\n<\/table>\n<p>&nbsp;<\/p>\n<p>Para las personas interesadas en estudiar en los EE. UU., Motion Law tambi\u00e9n ofrece servicios de abogados expertos a trav\u00e9s del proceso de visa de estudiante F-1 y M-1. Tambi\u00e9n tenemos experiencia con visas OPT y J. Para obtener m\u00e1s informaci\u00f3n sobre cualquier tipo de visas de empleo o estudiantes, el proceso de solicitud, los requisitos y las calificaciones requeridas, \u00a1cont\u00e1ctenos hoy!<\/p>\n<p>Cualesquiera que sean sus necesidades de inmigraci\u00f3n basadas en negocios o empleo, programe una consulta gratuita con uno de nuestros abogados de inmigraci\u00f3n con experiencia y lo ayudaremos a encontrar la mejor soluci\u00f3n. \u00a1Los abogados de inmigraci\u00f3n de Motion Law entienden la complejidad de cada tipo de visa de negocios y empleo y lo ayudar\u00e1n a comenzar el proceso de solicitud para su tipo de visa espec\u00edfica hoy!<\/p>\n\u00bfNecesita la ayuda de un abogado experto en inmigraci\u00f3n comercial?<br \/>\nNo dude en ponerse en contacto con Motion Law Immigration. Hemos ayudado a muchas personas en la misma situaci\u00f3n que usted. Cont\u00e1ctenos hoy para su consulta GRATUITA.\n\t<h2>\u00bfNecesita la ayuda de un abogado experto en inmigraci\u00f3n comercial?<\/h2>\nNo dude en ponerse en contacto con Motion Law Immigration. Hemos ayudado a muchas personas en la misma situaci\u00f3n que usted. Cont\u00e1ctenos hoy para su Consulta GRATUITA.<br \/>\n\n\t\t\t<a href=\"https:\/\/motionlaw.com\/es\/contactenos\/\" target=\"_self\" role=\"button\" rel=\"noopener noreferrer\">\n\t\t\t\t\t\t\tCont\u00e1ctenos\n\t\t\t\t\t<\/a>\n\t<h2>Preguntas Frecuentes<\/h2>\n\t\t\t<a href=\"#\" id=\"fl-accordion--label-0\" tabindex=\"0\" aria-controls=\"fl-accordion--panel-0\">\u00bfQu\u00e9 es una visa H-1B?<\/a>\n\t\t\t\t\t\t\t<a href=\"#\" id=\"fl-accordion--icon-0\" tabindex=\"0\" aria-controls=\"fl-accordion--panel-0\"><i>Expand<\/i><\/a>\n\t\t<p>Una visa H-1B es una visa de no inmigrante que permite a los empleadores patrocinar a un trabajador inmigrante que cumpla con las habilidades requeridas establecidas por USCIS para su campo de trabajo espec\u00edfico.<\/p>\n\t\t\t<a href=\"#\" id=\"fl-accordion--label-1\" tabindex=\"0\" aria-controls=\"fl-accordion--panel-1\">Vivo fuera de los Estados Unidos y quiero abrir un negocio en los Estados Unidos, \u00bfpuedo hacer eso?<\/a>\n\t\t\t\t\t\t\t<a href=\"#\" id=\"fl-accordion--icon-1\" tabindex=\"0\" aria-controls=\"fl-accordion--panel-1\"><i>Expand<\/i><\/a>\n\t\t<p>S\u00ed, puedes mirar una visa de inversi\u00f3n. Para conocer todas las opciones disponibles para usted, es importante hablar con uno de nuestros abogados de inmigraci\u00f3n.<\/p>\n\t\t\t<a href=\"#\" id=\"fl-accordion--label-2\" tabindex=\"0\" aria-controls=\"fl-accordion--panel-2\">Estoy con una visa de turista y he sido aceptado por una universidad en los Estados Unidos, \u00bfpuedo quedarme aqu\u00ed?<\/a>\n\t\t\t\t\t\t\t<a href=\"#\" id=\"fl-accordion--icon-2\" tabindex=\"0\" aria-controls=\"fl-accordion--panel-2\"><i>Expand<\/i><\/a>\n\t\t<p>Puede cambiar su estado de turista a estudiante. Es fundamental que hable con uno de nuestros abogados de inmigraci\u00f3n lo antes posible si no desea violar ninguno de los t\u00e9rminos de su visa de turista.<\/p>\n\t\t\t\t<img loading=\"lazy\" decoding=\"async\" src=\"https:\/\/www.motionlaw.com\/wp-content\/uploads\/Motion-Law-Abogados-de-inmigraci\u00f3n-Washington-DC.png\" alt=\"Motion Law Abogados de inmigraci\u00f3n Washington DC\" itemprop=\"image\" height=\"354\" width=\"1024\" title=\"Motion Law Abogados de inmigraci\u00f3n Washington DC\" onerror=\"this.style.display='none'\"  \/>\n\tMotion Law LLC<br \/>\n 20 F St NW 7th Floor<br \/>\n Washington, DC 20001<br \/>\n info@motionlaw.com<br \/>\n Tel: (202) 918-1799\n<p>Horarios: 8:00 AM &#8211; 6:00 PM, Lun &#8211; Sab<\/p>\n<p>Pago: todas las principales tarjetas de cr\u00e9dito, efectivo, cheque, giros postales, cheque de caja<\/p>\n\t\t\t<a href=\"https:\/\/motionlaw.com\/es\/contactenos\/\" target=\"_self\" role=\"button\" rel=\"noopener noreferrer\">\n\t\t\t\t\t\t\tPrograme Una Consulta GRATUITA\n\t\t\t\t\t<\/a>\n","protected":false},"excerpt":{"rendered":"<p>INMIGRACION EMPRESARIAL Los due\u00f1os de negocios, inversonistas, trabajadores internacionales, corporaciones y estudiantes eligen confiar en Motion Law con sus objetivos de inmigraci\u00f3n. Como podemos ayudarle? Sus Abogados de Inmigraci\u00f3n Empresarial de DC Motion Law es una firma de abogados de inmigraci\u00f3n de negocios de servicio completo. Ayudamos a empresas e inversonistas con sus necesidades de&hellip;<\/p>\n","protected":false},"author":13,"featured_media":0,"parent":447,"menu_order":0,"comment_status":"closed","ping_status":"closed","template":"","meta":{"_monsterinsights_skip_tracking":false,"_monsterinsights_sitenote_active":false,"_monsterinsights_sitenote_note":"","_monsterinsights_sitenote_category":0,"footnotes":""},"yst_prominent_words":[1177,1179,1176,1175,1174,838,1183,1182,1166,1168,1170,1172,1167,832,1169,1173,1178,1180,1181,1171],"class_list":["post-450","page","type-page","status-publish","hentry"],"jetpack_shortlink":"https:\/\/wp.me\/P93TlB-7g","jetpack_sharing_enabled":true,"_links":{"self":[{"href":"https:\/\/www.motionlaw.com\/es\/wp-json\/wp\/v2\/pages\/450","targetHints":{"allow":["GET"]}}],"collection":[{"href":"https:\/\/www.motionlaw.com\/es\/wp-json\/wp\/v2\/pages"}],"about":[{"href":"https:\/\/www.motionlaw.com\/es\/wp-json\/wp\/v2\/types\/page"}],"author":[{"embeddable":true,"href":"https:\/\/www.motionlaw.com\/es\/wp-json\/wp\/v2\/users\/13"}],"replies":[{"embeddable":true,"href":"https:\/\/www.motionlaw.com\/es\/wp-json\/wp\/v2\/comments?post=450"}],"version-history":[{"count":13,"href":"https:\/\/www.motionlaw.com\/es\/wp-json\/wp\/v2\/pages\/450\/revisions"}],"predecessor-version":[{"id":5788,"href":"https:\/\/www.motionlaw.com\/es\/wp-json\/wp\/v2\/pages\/450\/revisions\/5788"}],"up":[{"embeddable":true,"href":"https:\/\/www.motionlaw.com\/es\/wp-json\/wp\/v2\/pages\/447"}],"wp:attachment":[{"href":"https:\/\/www.motionlaw.com\/es\/wp-json\/wp\/v2\/media?parent=450"}],"wp:term":[{"taxonomy":"yst_prominent_words","embeddable":true,"href":"https:\/\/www.motionlaw.com\/es\/wp-json\/wp\/v2\/yst_prominent_words?post=450"}],"curies":[{"name":"wp","href":"https:\/\/api.w.org\/{rel}","templated":true}]}}