{"id":448,"date":"2018-09-13T15:15:19","date_gmt":"2018-09-13T19:15:19","guid":{"rendered":"http:\/\/motionlaw.com\/areas-de-practica\/apelaciones\/"},"modified":"2020-07-30T14:36:23","modified_gmt":"2020-07-30T18:36:23","slug":"apelaciones","status":"publish","type":"page","link":"https:\/\/www.motionlaw.com\/es\/areas-de-practica\/apelaciones\/","title":{"rendered":"Apelaciones"},"content":{"rendered":"\n<h1>\n\t\tApelaciones\n\t<\/h1>\n\tSi recibi\u00f3 un aviso de denegaci\u00f3n de USCIS, a\u00fan puede tener la opci\u00f3n de presentar una apelaci\u00f3n o una &#8216;moci\u00f3n para reabrir&#8217;.<br \/>\n\u00a1Motion Law est\u00e1 aqu\u00ed para ayudar!\n\t<h3><img loading=\"lazy\" decoding=\"async\" src=\"https:\/\/www.motionlaw.com\/wp-content\/uploads\/Abogados-de-Apelaciones-de-Inmigraci\u00f3n-en-WashingtonDC.jpg\" alt=\"Washington DC Abogados de Apelaciones de Inmigraci\u00f3n\" width=\"500\" height=\"333\" \/>Abogado de Apelaciones de Inmigraci\u00f3n de DC<\/h3>\n<p>Si cree que se cometi\u00f3 un error en su decisi\u00f3n de solicitud de inmigraci\u00f3n, puede tener dos opciones adecuadas. Si su caso recibi\u00f3 un aviso de denegaci\u00f3n, puede calificar para presentar una apelaci\u00f3n o una moci\u00f3n para que se revise la decisi\u00f3n de su caso. Los abogados de inmigraci\u00f3n con experiencia en Motion Law ofrecen asesor\u00eda legal experta en apelaciones de inmigraci\u00f3n y entienden completamente el proceso de inmigraci\u00f3n que se requiere para apelaciones y mociones. Nuestros abogados de inmigraci\u00f3n dedicados tienen las habilidades requeridas para ir en contra de un juez de inmigraci\u00f3n, si es necesario.<\/p>\n<p>&nbsp;<\/p>\n<h3>Apelaciones de Inmigraci\u00f3n<\/h3>\n<p>Se presenta una apelaci\u00f3n cuando cree que la decisi\u00f3n tomada sobre su caso de inmigraci\u00f3n fue incorrecta y se solicita una revisi\u00f3n. Cuando presenta una apelaci\u00f3n, se requiere una explicaci\u00f3n de por qu\u00e9 cree que la decisi\u00f3n fue err\u00f3nea. No puede simplemente enviar una solicitud para revisar su caso con la misma evidencia presentada originalmente y esperar una aprobaci\u00f3n. Se solicita a la Oficina de Apelaciones Administrativas (AAO) del USCIS o a la Junta de Apelaciones de Inmigraci\u00f3n (BIA) del Departamento de Justicia de los EE. UU. que revise la decisi\u00f3n tomada en su caso en base a un error que cometieron. Se recomienda encarecidamente que los solicitantes presenten escritos con su apelaci\u00f3n. En Motion Law, nuestros abogados expertos en inmigraci\u00f3n tienen muchos a\u00f1os de experiencia en la presentaci\u00f3n de este tipo de apelaciones y pueden ayudarlo a presentar una apelaci\u00f3n s\u00f3lida. Se recomienda un abogado de inmigraci\u00f3n altamente calificado para presentar una apelaci\u00f3n ante el USCIS o el DOJ.<\/p>\n<h3>Mociones<\/h3>\n<p>Se pueden presentar mociones despu\u00e9s de recibir un aviso denegado. No se presenta una moci\u00f3n simplemente para revisar la misma originalidad de los materiales presentada con su solicitud. Hay dos tipos de mociones que se pueden presentar despu\u00e9s de un aviso de denegaci\u00f3n:<\/p>\n<p>Una moci\u00f3n para reabrir solicita que el tomador de decisiones original en su caso revise su decisi\u00f3n original debido a nuevas pruebas o circunstancias cambiantes dentro del caso. Cuando un solicitante presenta una moci\u00f3n para reabrir, debe proporcionar la nueva evidencia y \/ o circunstancias, junto con una explicaci\u00f3n detallada de por qu\u00e9 deber\u00eda afectar la decisi\u00f3n original del caso.<\/p>\n<p>Una moci\u00f3n para reconsiderar, que solicita una revisi\u00f3n de la decisi\u00f3n original basada en argumentos legales nuevos o adicionales. Una moci\u00f3n para reconsiderar brinda la oportunidad de usar legislaci\u00f3n reci\u00e9n descubierta y estudios de casos para argumentar a favor del caso de un solicitante.<\/p>\n<ol>\n<li><strong>Moci\u00f3n para reabrir:<\/strong> una moci\u00f3n para reabrir es una solicitud para que se revise la decisi\u00f3n sobre su caso de inmigraci\u00f3n debido a nuevas pruebas. Esta moci\u00f3n se presenta en conjunci\u00f3n con una explicaci\u00f3n detallada y la nueva evidencia que respalda por qu\u00e9 la decisi\u00f3n debe ser revisada. Podr\u00eda ser que hay un nuevo conjunto de circunstancias que deben tenerse en cuenta.<\/li>\n<li><strong>Moci\u00f3n para reconsiderar:<\/strong> una moci\u00f3n para reconsiderar es una solicitud para revisar la decisi\u00f3n tomada sobre su caso de inmigraci\u00f3n con base en un nuevo argumento legal. Esto permite la oportunidad de utilizar estudios de caso a favor del argumento del solicitante.<\/li>\n<\/ol>\n<p>Es importante tener en cuenta que una moci\u00f3n no se presenta ante una autoridad superior como una apelaci\u00f3n. Se presenta una moci\u00f3n directamente al tomador de decisiones oficial sobre su caso para revisar su decisi\u00f3n. Deber\u00e1 proporcionar razones espec\u00edficas por las cuales el funcionario de inmigraci\u00f3n de los EE. UU. Debe reabrir o reconsiderar su caso, as\u00ed como presentar evidencia para respaldar su solicitud.<\/p>\n<p>Los abogados de inmigraci\u00f3n de la Ley de Mociones est\u00e1n muy bien calificados en las \u00e1reas de apelaciones y mociones y entienden los plazos y procedimientos que deben considerarse al presentar una apelaci\u00f3n o moci\u00f3n. Nuestros abogados evaluar\u00e1n el conjunto de hechos y el aviso de decisi\u00f3n para informarle cu\u00e1l es la mejor opci\u00f3n para usted. \u00a1Cont\u00e1ctenos hoy para saber si presentar una apelaci\u00f3n o una moci\u00f3n es la opci\u00f3n correcta para su caso de inmigraci\u00f3n!<\/p>\n\t<h2>\u00bfNecesita la ayuda de un abogado experto en apelaciones de inmigraci\u00f3n?<\/h2>\nNo dude en contactar a Motion Law. Hemos ayudado a muchas personas en la misma situaci\u00f3n que usted. Cont\u00e1ctenos hoy para su Consulta GRATUITA.<br \/>\n\n\t\t\t<a href=\"https:\/\/motionlaw.com\/es\/contactenos\/\" target=\"_self\" role=\"button\" rel=\"noopener noreferrer\">\n\t\t\t\t\t\t\tCont\u00e1ctenos\n\t\t\t\t\t<\/a>\n\t<h2>Preguntas Frecuentes<\/h2>\n\t\t\t<a href=\"#\" id=\"fl-accordion--label-0\" tabindex=\"0\" aria-controls=\"fl-accordion--panel-0\">\u00bfCu\u00e1l es la diferencia entre una apelaci\u00f3n y una moci\u00f3n?<\/a>\n\t\t\t\t\t\t\t<a href=\"#\" id=\"fl-accordion--icon-0\" tabindex=\"0\" aria-controls=\"fl-accordion--panel-0\"><i>Expand<\/i><\/a>\n\t\t<p>Cuando presenta una apelaci\u00f3n, solicita a la Oficina de Apelaciones Administrativas (AAO) del USCIS o a la Junta de Apelaciones de Inmigraci\u00f3n (BIA) del Departamento de Justicia de los EE. UU. uqe revise la decisi\u00f3n original tomada sobre su caso. Sin embargo, una moci\u00f3n le permite presentar evidencia adicional y luego solicitar que el tomador de decisiones original revise su decisi\u00f3n sobre su caso.<\/p>\n\t\t\t<a href=\"#\" id=\"fl-accordion--label-1\" tabindex=\"0\" aria-controls=\"fl-accordion--panel-1\">\u00bfPuedo presentar una apelaci\u00f3n o moci\u00f3n en un I-601A?<\/a>\n\t\t\t\t\t\t\t<a href=\"#\" id=\"fl-accordion--icon-1\" tabindex=\"0\" aria-controls=\"fl-accordion--panel-1\"><i>Expand<\/i><\/a>\n\t\t<p>No, actualmente una apelaci\u00f3n o moci\u00f3n no es elegible para un I-601A; sin embargo, tiene la opci\u00f3n de volver a aplicar.<\/p>\n\t\t\t<a href=\"#\" id=\"fl-accordion--label-2\" tabindex=\"0\" aria-controls=\"fl-accordion--panel-2\">\u00bfCu\u00e1l es el costo de presentar una apelaci\u00f3n o moci\u00f3n?<\/a>\n\t\t\t\t\t\t\t<a href=\"#\" id=\"fl-accordion--icon-2\" tabindex=\"0\" aria-controls=\"fl-accordion--panel-2\"><i>Expand<\/i><\/a>\n\t\t<p>\u00a1USCIS no cobra una tarifa de presentaci\u00f3n por apelaciones o mociones!<\/p>\n\t\t\t\t<img loading=\"lazy\" decoding=\"async\" src=\"https:\/\/www.motionlaw.com\/wp-content\/uploads\/Motion-Law-Abogados-de-inmigraci\u00f3n-Washington-DC.png\" alt=\"Motion Law Abogados de inmigraci\u00f3n Washington DC\" itemprop=\"image\" height=\"354\" width=\"1024\" title=\"Motion Law Abogados de inmigraci\u00f3n Washington DC\" onerror=\"this.style.display='none'\"  \/>\n\tMotion Law LLC<br \/>\n 20 F St NW 7th Floor<br \/>\n Washington, DC 20001<br \/>\n info@motionlaw.com<br \/>\n Tel: (202) 918-1799\n<p>Horarios: 8:00 AM &#8211; 6:00 PM, Lun &#8211; Sab<\/p>\n<p>Pago: todas las principales tarjetas de cr\u00e9dito, efectivo, cheque, giros postales, cheque de caja<\/p>\n\t\t\t<a href=\"https:\/\/motionlaw.com\/es\/contactenos\/\" target=\"_self\" role=\"button\" rel=\"noopener noreferrer\">\n\t\t\t\t\t\t\tPrograme Una Consulta GRATUITA\n\t\t\t\t\t<\/a>\n","protected":false},"excerpt":{"rendered":"<p>Apelaciones Si recibi\u00f3 un aviso de denegaci\u00f3n de USCIS, a\u00fan puede tener la opci\u00f3n de presentar una apelaci\u00f3n o una &#8216;moci\u00f3n para reabrir&#8217;. \u00a1Motion Law est\u00e1 aqu\u00ed para ayudar! Abogado de Apelaciones de Inmigraci\u00f3n de DC Si cree que se cometi\u00f3 un error en su decisi\u00f3n de solicitud de inmigraci\u00f3n, puede tener dos opciones adecuadas.&hellip;<\/p>\n","protected":false},"author":13,"featured_media":0,"parent":447,"menu_order":0,"comment_status":"closed","ping_status":"closed","template":"","meta":{"_monsterinsights_skip_tracking":false,"_monsterinsights_sitenote_active":false,"_monsterinsights_sitenote_note":"","_monsterinsights_sitenote_category":0,"footnotes":""},"yst_prominent_words":[749,1235,1234,1471,3601,3598,3600,3380,4564,3602,3604,3599,1233,1230,1231],"class_list":["post-448","page","type-page","status-publish","hentry"],"jetpack_shortlink":"https:\/\/wp.me\/P93TlB-7e","jetpack_sharing_enabled":true,"_links":{"self":[{"href":"https:\/\/www.motionlaw.com\/es\/wp-json\/wp\/v2\/pages\/448","targetHints":{"allow":["GET"]}}],"collection":[{"href":"https:\/\/www.motionlaw.com\/es\/wp-json\/wp\/v2\/pages"}],"about":[{"href":"https:\/\/www.motionlaw.com\/es\/wp-json\/wp\/v2\/types\/page"}],"author":[{"embeddable":true,"href":"https:\/\/www.motionlaw.com\/es\/wp-json\/wp\/v2\/users\/13"}],"replies":[{"embeddable":true,"href":"https:\/\/www.motionlaw.com\/es\/wp-json\/wp\/v2\/comments?post=448"}],"version-history":[{"count":8,"href":"https:\/\/www.motionlaw.com\/es\/wp-json\/wp\/v2\/pages\/448\/revisions"}],"predecessor-version":[{"id":5791,"href":"https:\/\/www.motionlaw.com\/es\/wp-json\/wp\/v2\/pages\/448\/revisions\/5791"}],"up":[{"embeddable":true,"href":"https:\/\/www.motionlaw.com\/es\/wp-json\/wp\/v2\/pages\/447"}],"wp:attachment":[{"href":"https:\/\/www.motionlaw.com\/es\/wp-json\/wp\/v2\/media?parent=448"}],"wp:term":[{"taxonomy":"yst_prominent_words","embeddable":true,"href":"https:\/\/www.motionlaw.com\/es\/wp-json\/wp\/v2\/yst_prominent_words?post=448"}],"curies":[{"name":"wp","href":"https:\/\/api.w.org\/{rel}","templated":true}]}}