{"id":447,"date":"2018-09-13T15:06:26","date_gmt":"2018-09-13T19:06:26","guid":{"rendered":"http:\/\/motionlaw.com\/areas-de-practica\/"},"modified":"2025-09-24T15:45:50","modified_gmt":"2025-09-24T19:45:50","slug":"areas-de-practica","status":"publish","type":"page","link":"https:\/\/www.motionlaw.com\/es\/areas-de-practica\/","title":{"rendered":"Areas de Pr\u00e1ctica"},"content":{"rendered":"\n\n<h1>\n\t\t\u00bfBusca alguna ayuda de inmigraci\u00f3n?\n\t<\/h1>\n<h2>\n\t\tMotion Law puede ayudar! Consultas Telef\u00f3nicas GRATUITAS &#8211; Mant\u00e9ngase seguro. Qu\u00e9dese en casa.\n\t<\/h2>\n\t\t\t<a href=\"https:\/\/www.motionlaw.com\/es\/contactenos\/\" target=\"_self\">\n\t\t\t\t\t\t\tPrograme Una Consulta GRATUITA\n\t\t\t\t\t<\/a>\n\t<h3>O Il\u00e1menos Al: (202) 918-1799<\/h3>\n<h1>\n\t\t\u00c1reas De Pr\u00e1ctica De Inmigraci\u00f3n\n\t<\/h1>\n\t<p><strong>Las pol\u00edticas migratorias de la administraci\u00f3n de Trump hacen que sea fundamental que hable con un abogado de inmigraci\u00f3n con experiencia antes de tomar cualquier decisi\u00f3n.<\/strong> Motion Law es la firma de abogados de inmigraci\u00f3n preferida del \u00e1rea de DC Metroplex. Nuestros experimentados abogados de inmigraci\u00f3n brindan consultas gratuitas y asesoramiento legal personalizado para satisfacer cualquier necesidad de inmigraci\u00f3n que pueda tener. Somos un bufete de abogados de inmigraci\u00f3n de servicio completo con un enfoque en inmigraci\u00f3n basada en la familia, inmigraci\u00f3n de negocios, deportaci\u00f3n y apelaciones de inmigraci\u00f3n. Los tipos de casos incluyen visas de inmigrantes y no inmigrantes, perdones, asilo, visas de estudiante, visas de empleo, visas de inversionista, naturalizaci\u00f3n, procesamiento de visas consulares, VAWA, DACA, visa U y procedimientos de deportaci\u00f3n, entre otros.<\/p>\n\t<p>Existen varias razones por las cuales alguien podr\u00eda considerar inmigrar a los Estados Unidos. Ya sea para mejores oportunidades laborales, una vida m\u00e1s pr\u00f3spera o para volver a unirnos con miembros de la familia. Igualmente, tambi\u00e9n hay muchas razones para visitar los Estados Unidos de manera temporal; simplemente visitar a familiares cercanos o extensos, con fines educativos, turismo, vacaciones y para negocios o oportunidades de inversi\u00f3n. Los procesos de solicitud para convertirse en ciudadano de los EE. UU. o para vivir permanentemente en los EE. UU. pueden ser largos y dif\u00edciles e incluso las visas temporales que la mayor\u00eda de las personas consideran confusas y costosas. Cualquiera sea su raz\u00f3n para desear venir a los EE. UU., Motion Law est\u00e1 aqu\u00ed para ayudarlo a facilitar su proceso de solicitud y para facilitar sus necesidades de inmigraci\u00f3n en los plazos m\u00e1s r\u00e1pidos posibles.<\/p>\n<h3>\n\t\tDedicaci\u00f3n\n\t<\/h3>\n\t<p>Nos enorgullecemos de ser receptivos a las necesidades de nuestros clientes y de buscar cada camino hasta encontrar una soluci\u00f3n. El viaje de nuestros clientes comienza con una consulta inicial con uno de nuestros abogados de inmigraci\u00f3n con experiencia, donde se eval\u00faan minuciosamente sus circunstancias y casos \u00fanicos para que podamos alcanzar sus objetivos a corto y largo plazo de acuerdo con la ley de inmigraci\u00f3n actual. A continuaci\u00f3n, describiremos las opciones para usted y le informaremos los plazos y el costo total involucrado antes de tomar la mejor opci\u00f3n disponible para asegurar que est\u00e9 satisfecho con el resultado final.<\/p>\n<h3>\n\t\tDigno de Confianza\n\t<\/h3>\n\t<p>Los clientes depositan su confianza en Motion Law porque trabajamos duro para asegurarnos de que merecemos esa confianza. La honestidad, la dedicaci\u00f3n y solo los m\u00e1s altos est\u00e1ndares \u00e9ticos son la base de todo lo que hacemos.<\/p>\n<h3>\n\t\t<a href=\"https:\/\/motionlaw.com\/es\/areas-de-practica\/inmigracion-familiar\/\" title=\"Inmigraci\u00f3n Familiar\"  target=\"_self\">\n\t\tInmigraci\u00f3n Familiar\n\t\t<\/a>\n\t<\/h3>\n\t\t\t\t<img loading=\"lazy\" decoding=\"async\" src=\"https:\/\/www.motionlaw.com\/wp-content\/uploads\/Abogados-de-Inmigraci\u00f3n-Familiar-en-DC.jpg\" alt=\"Inmigraci\u00f3n familiar Washington DC\" itemprop=\"image\" height=\"512\" width=\"768\" title=\"Happy Hispanic Family Portrait In the Park.\" onerror=\"this.style.display='none'\"  \/>\n\t<p>Navegar por el proceso de inmigraci\u00f3n sin la ayuda de un abogado de inmigraci\u00f3n puede ser confuso, especialmente si tiene una familia que cuidar. Le ayudaremos a comprender sus opciones y eliminar el estr\u00e9s de su experiencia de inmigraci\u00f3n.<\/p>\n\t\t\t<a href=\"https:\/\/motionlaw.com\/es\/areas-de-practica\/inmigracion-familiar\/\" target=\"_self\">\n\t\t\t\t\t\t\tAprende M\u00e1s\n\t\t\t\t\t<\/a>\n<h3>\n\t\t<a href=\"https:\/\/motionlaw.com\/es\/areas-de-practica\/inmigracion-comercial\/\" title=\"Inmigracion Empresarrial\"  target=\"_self\">\n\t\tInmigracion Empresarrial\n\t\t<\/a>\n\t<\/h3>\n\t\t\t\t<img loading=\"lazy\" decoding=\"async\" src=\"https:\/\/www.motionlaw.com\/wp-content\/uploads\/Abogados-de-Inmigraci\u00f3n-Empresarial-en-DC.jpg\" alt=\"Abogados de Inmigraci\u00f3n Empresarial Washington DC\" itemprop=\"image\" height=\"475\" width=\"768\" title=\"Business partners shaking hands\" onerror=\"this.style.display='none'\"  \/>\n\t<p>Motion Law tienen experiencia en la obtenci\u00f3n de visas H-1B, visas religiosas R-1, visas EB para trabajadores permanentes, visas de estudiantes F-1 y M-1 y m\u00e1s. Nuestros clientes de inmigraci\u00f3n comercial incluyen trabajadores, due\u00f1os de negocios, inversionistas y corporaciones.<\/p>\n\t\t\t<a href=\"https:\/\/motionlaw.com\/es\/areas-de-practica\/inmigracion-comercial\/\" target=\"_self\">\n\t\t\t\t\t\t\tAprende M\u00e1s\n\t\t\t\t\t<\/a>\n<h3>\n\t\t<a href=\"https:\/\/motionlaw.com\/es\/areas-de-practica\/deportacion\/\" title=\"Defensa de Deportaci\u00f3n\"  target=\"_self\">\n\t\tDefensa de Deportaci\u00f3n\n\t\t<\/a>\n\t<\/h3>\n\t\t\t\t<img loading=\"lazy\" decoding=\"async\" src=\"https:\/\/www.motionlaw.com\/wp-content\/uploads\/Abogado-de-inmigraci\u00f3n-de-deportaci\u00f3n-en-DC.jpg\" alt=\"Abogados de Inmigraci\u00f3n de Deportaci\u00f3n Washington DC\" itemprop=\"image\" height=\"480\" width=\"720\" title=\"Abogado de inmigraci\u00f3n de deportaci\u00f3n en DC\" onerror=\"this.style.display='none'\"  \/>\n\t<p>\u00bfDetenido por ICE? \u00bfEn riesgo de deportaci\u00f3n? Hay varias opciones disponibles para usted. Podemos ayudarle con recursos como una Petici\u00f3n de Habeas Corpus, cancelaci\u00f3n de deportaci\u00f3n, asilo, apelaciones, suspensi\u00f3n de deportaci\u00f3n o salida voluntaria. Cualquiera que sea el proceso de deportaci\u00f3n particular, estamos aqu\u00ed para ayudarle.<\/p>\n\t\t\t<a href=\"https:\/\/motionlaw.com\/es\/areas-de-practica\/deportacion\/\" target=\"_self\">\n\t\t\t\t\t\t\tAprende M\u00e1s\n\t\t\t\t\t<\/a>\n<h3>\n\t\t<a href=\"https:\/\/motionlaw.com\/es\/areas-de-practica\/apelaciones\/\" title=\"Apelaciones\"  target=\"_self\">\n\t\tApelaciones\n\t\t<\/a>\n\t<\/h3>\n\t\t\t\t<img loading=\"lazy\" decoding=\"async\" src=\"https:\/\/www.motionlaw.com\/wp-content\/uploads\/Abogado-de-Apelaciones-de-Inmigraci\u00f3n-en-DC.jpg\" alt=\"Abogados de Apelaciones de Inmigraci\u00f3n Washington DC\" itemprop=\"image\" height=\"333\" width=\"500\" title=\"Abogado de Apelaciones de Inmigraci\u00f3n en DC\" onerror=\"this.style.display='none'\"  \/>\n\t<p>\u00bfRecibi\u00f3 un aviso de denegaci\u00f3n en su caso de inmigraci\u00f3n? Entonces puede ser elegible para presentar una apelaci\u00f3n. Los experimentados abogados de apelaciones de Motion Law tienen la experiencia y las habilidades para apelar las denegaciones de USCIS con una representaci\u00f3n vigorosa.<\/p>\n\t\t\t<a href=\"https:\/\/motionlaw.com\/es\/areas-de-practica\/apelaciones\/\" target=\"_self\">\n\t\t\t\t\t\t\tAprende M\u00e1s\n\t\t\t\t\t<\/a>\n\t<h2>\u00bfEst\u00e1 buscando la ayuda de un abogado experto en inmigraci\u00f3n?<\/h2>\nNo dude en comunicarse con Motion Law Immigration hoy. Hemos ayudado a muchas personas en la misma situaci\u00f3n que usted. Cont\u00e1ctenos ahora para su consulta GRATUITA.<br \/>\n\n\t\t\t<a href=\"https:\/\/motionlaw.com\/es\/contactenos\/\" target=\"_self\">\n\t\t\t\t\t\t\tCont\u00e1ctenos\n\t\t\t\t\t<\/a>\n\t<h2>Preguntas Frecuentes<\/h2>\n\t\t\t\t\t<a href=\"#\" id=\"fl-accordion--label-0\" tabindex=\"0\" aria-controls=\"fl-accordion--panel-0\">Ya he presentado un caso ante el USCIS. \u00bfPuede su despacho de abogados hacerse cargo de mi solicitud?<\/a>\n\t\t\t\t\t\t\t\t\t\t\t<a href=\"#\" id=\"fl-accordion--icon-0\" tabindex=\"-1\"><i title=\"Expand\">Expand<\/i><\/a>\n\t\t\t\t\t<p>\u00a1S\u00ed! Podemos ayudarlo en cualquier etapa de su caso de inmigraci\u00f3n. Ya sea que est\u00e9 esperando una decisi\u00f3n o tenga una entrevista pendiente, \u00a1podemos ayudarlo!<\/p>\n\t\t\t\t\t<a href=\"#\" id=\"fl-accordion--label-1\" tabindex=\"0\" aria-controls=\"fl-accordion--panel-1\">Recib\u00ed un RFE en mi solicitud de inmigraci\u00f3n. \u00bfPuedes ayudar con la respuesta?<\/a>\n\t\t\t\t\t\t\t\t\t\t\t<a href=\"#\" id=\"fl-accordion--icon-1\" tabindex=\"-1\"><i title=\"Expand\">Expand<\/i><\/a>\n\t\t\t\t\t<p>\u00a1Si podemos! Una RFE a menudo requiere m\u00e1s que una respuesta y necesita evidencia adicional para ser presentada. Cualquiera que sea su caso, Motion Law puede ayudarlo.<\/p>\n\t\t\t\t\t<a href=\"#\" id=\"fl-accordion--label-2\" tabindex=\"0\" aria-controls=\"fl-accordion--panel-2\">Estoy radicado en el extranjero y me gustar\u00eda hablar con un abogado de inmigraci\u00f3n. \u00bfTratas con clientes que no est\u00e1n f\u00edsicamente en los Estados Unidos?<\/a>\n\t\t\t\t\t\t\t\t\t\t\t<a href=\"#\" id=\"fl-accordion--icon-2\" tabindex=\"-1\"><i title=\"Expand\">Expand<\/i><\/a>\n\t\t\t\t\t<p>\u00a1S\u00ed! En el mundo de hoy hay muchos m\u00e9todos de comunicaci\u00f3n. Ofrecemos reuniones de Skype si es necesario. Muchos de nuestros clientes se encuentran fuera del estado o en el extranjero.<\/p>\n\t<h2>Testimonios<\/h2>\n\t\t\t<p><em><i>El equipo de Motion Law es extremadamente amable y servicial, y les gusta hacer las cosas lo m\u00e1s r\u00e1pido posible para usted. Est\u00e1n siempre disponible para hablar y el servicio es excelente. \u00a1Elegir\u00eda Motion Law siempre!<\/i><\/em><em>&#8211; Luis G.<\/em><\/p>\t\t\n\t\t\t<p><em>Me pareci\u00f3 muy buena abogada Me sent\u00ed muy c\u00f3modo en la cita Me ayudaron en muchas cosas Recomendada al 100%<\/em><em>&#8211; Jonathan Umana<\/em><\/p>\t\t\n\t\t\t<p><em>Me gusto bastante la la consulta con la abogada muy satisfecho Gracias Margarita morales y la abogada Nefertiti\ud83d\ude4f<\/em><\/p>\n<p><em>&#8211; David Perez<\/em><\/p>\n\t\t\t<p><em>Muy lindo la consulta la aboga muy linda y muy buena atenci\u00f3n y la consulta gratis muy linda atenci\u00f3n<\/em><\/p>\n<p><em>&#8211; Edith Machado<\/em><\/p>\n\t\t\t\t<img loading=\"lazy\" decoding=\"async\" src=\"https:\/\/www.motionlaw.com\/wp-content\/uploads\/Motion-Law-Abogados-de-inmigraci\u00f3n-Washington-DC.png\" alt=\"Motion Law Abogados de inmigraci\u00f3n Washington DC\" itemprop=\"image\" height=\"354\" width=\"1024\" title=\"Motion Law Abogados de inmigraci\u00f3n Washington DC\" onerror=\"this.style.display='none'\"  \/>\n\t1050 Connecticut Ave NW, Suite 500,<br \/>\n Washington, DC 20036<br \/>\n info@motionlaw.com<br \/>\n Tel: (202) 918-1799\n<p>Horarios: 8:00 AM &#8211; 6:00 PM, Lun &#8211; Sab<\/p>\n<p>Pago: todas las principales tarjetas de cr\u00e9dito, efectivo, cheque, giros postales, cheque de caja<\/p>\n\t\t\t<a href=\"https:\/\/motionlaw.com\/es\/contactenos\/\" target=\"_self\">\n\t\t\t\t\t\t\tPrograme Una Consulta GRATUITA\n\t\t\t\t\t<\/a>\n\n","protected":false},"excerpt":{"rendered":"<p>\u00bfBusca alguna ayuda de inmigraci\u00f3n? Motion Law puede ayudar! Consultas Telef\u00f3nicas GRATUITAS &#8211; Mant\u00e9ngase seguro. Qu\u00e9dese en casa. Programe Una Consulta GRATUITA O Il\u00e1menos Al: (202) 918-1799 \u00c1reas De Pr\u00e1ctica De Inmigraci\u00f3n Las pol\u00edticas migratorias de la administraci\u00f3n de Trump hacen que sea fundamental que hable con un abogado de inmigraci\u00f3n con experiencia antes de&hellip;<\/p>\n","protected":false},"author":13,"featured_media":0,"parent":0,"menu_order":0,"comment_status":"closed","ping_status":"closed","template":"","meta":{"_monsterinsights_skip_tracking":false,"_monsterinsights_sitenote_active":false,"_monsterinsights_sitenote_note":"","_monsterinsights_sitenote_category":0,"footnotes":""},"yst_prominent_words":[1540,900,6961,770,749,6962,1186,1194,1441,6960,1370,832,923,6963,1193,6964,1187,4564,752,5812],"class_list":["post-447","page","type-page","status-publish","hentry"],"jetpack_shortlink":"https:\/\/wp.me\/P93TlB-7d","jetpack_sharing_enabled":true,"_links":{"self":[{"href":"https:\/\/www.motionlaw.com\/es\/wp-json\/wp\/v2\/pages\/447","targetHints":{"allow":["GET"]}}],"collection":[{"href":"https:\/\/www.motionlaw.com\/es\/wp-json\/wp\/v2\/pages"}],"about":[{"href":"https:\/\/www.motionlaw.com\/es\/wp-json\/wp\/v2\/types\/page"}],"author":[{"embeddable":true,"href":"https:\/\/www.motionlaw.com\/es\/wp-json\/wp\/v2\/users\/13"}],"replies":[{"embeddable":true,"href":"https:\/\/www.motionlaw.com\/es\/wp-json\/wp\/v2\/comments?post=447"}],"version-history":[{"count":39,"href":"https:\/\/www.motionlaw.com\/es\/wp-json\/wp\/v2\/pages\/447\/revisions"}],"predecessor-version":[{"id":28632,"href":"https:\/\/www.motionlaw.com\/es\/wp-json\/wp\/v2\/pages\/447\/revisions\/28632"}],"wp:attachment":[{"href":"https:\/\/www.motionlaw.com\/es\/wp-json\/wp\/v2\/media?parent=447"}],"wp:term":[{"taxonomy":"yst_prominent_words","embeddable":true,"href":"https:\/\/www.motionlaw.com\/es\/wp-json\/wp\/v2\/yst_prominent_words?post=447"}],"curies":[{"name":"wp","href":"https:\/\/api.w.org\/{rel}","templated":true}]}}