{"id":446,"date":"2018-09-13T14:59:51","date_gmt":"2018-09-13T18:59:51","guid":{"rendered":"http:\/\/motionlaw.com\/preguntas-frecuentes\/"},"modified":"2024-08-29T09:37:58","modified_gmt":"2024-08-29T13:37:58","slug":"preguntas-frecuentes","status":"publish","type":"page","link":"https:\/\/www.motionlaw.com\/es\/preguntas-frecuentes\/","title":{"rendered":"Preguntas Frecuentes"},"content":{"rendered":"\r\n<h1>\r\n\t\tPreguntas Frecuentes\r\n\t<\/h1>\r\n\t<p>\u00bfTener preguntas? No est\u00e1s solo Nuestros clientes anteriores pueden haber preguntado lo mismo.<\/p>\r\n\t\t\t<a href=\"#\" id=\"fl-accordion--label-0\" tabindex=\"0\" aria-controls=\"fl-accordion--panel-0\">\u00bfCu\u00e1nto costar\u00e1 contratar Motion Motion para ayudar con mi caso de inmigraci\u00f3n?<\/a>\r\n\t\t\t\t\t\t\t<a href=\"#\" id=\"fl-accordion--icon-0\" tabindex=\"0\" aria-controls=\"fl-accordion--panel-0\"><i>Expand<\/i><\/a>\r\n\t\t<p>Los honorarios legales por nuestros servicios var\u00edan seg\u00fan los tipos de casos. Cuando nos visite para su consulta, recibir\u00e1 asesor\u00eda legal de nuestro abogado de inmigraci\u00f3n y un acuerdo de retenci\u00f3n que detalla todas las tarifas legales y tarifas gubernamentales.<\/p>\r\n\t\t\t<a href=\"#\" id=\"fl-accordion--label-1\" tabindex=\"0\" aria-controls=\"fl-accordion--panel-1\">\u00bfD\u00f3nde se encuentra Motion Law?<\/a>\r\n\t\t\t\t\t\t\t<a href=\"#\" id=\"fl-accordion--icon-1\" tabindex=\"0\" aria-controls=\"fl-accordion--panel-1\"><i>Expand<\/i><\/a>\r\n\t\t<p>Estamos ubicados en el coraz\u00f3n de DC a un lado Union Station. \u00a1El estacionamiento es muy f\u00e1cil de encontrar!<\/p>\r\n20 F St NW, 7th Floor,<br \/>\r\nWashington, DC 20001\r\n\t\t\t<a href=\"#\" id=\"fl-accordion--label-2\" tabindex=\"0\" aria-controls=\"fl-accordion--panel-2\">Si no estoy ubicado en el \u00e1rea de DC Metroplex, \u00bfpuedo contratarlo para que tome mi caso?<\/a>\r\n\t\t\t\t\t\t\t<a href=\"#\" id=\"fl-accordion--icon-2\" tabindex=\"0\" aria-controls=\"fl-accordion--panel-2\"><i>Expand<\/i><\/a>\r\n\t\t<p>\u00a1S\u00ed, por supuesto! Tenemos clientes en todo Estados Unidos y en el extranjero.<\/p>\r\n\t\t\t<a href=\"#\" id=\"fl-accordion--label-3\" tabindex=\"0\" aria-controls=\"fl-accordion--panel-3\">\u00bfOfrecen consultas GRATUITAS?<\/a>\r\n\t\t\t\t\t\t\t<a href=\"#\" id=\"fl-accordion--icon-3\" tabindex=\"0\" aria-controls=\"fl-accordion--panel-3\"><i>Expand<\/i><\/a>\r\n\t\t<p>\u00a1S\u00ed! Ofrecemos consultas gratuitas con uno de nuestros abogados asociados con experiencia.<\/p>\r\n\t\t\t<a href=\"#\" id=\"fl-accordion--label-4\" tabindex=\"0\" aria-controls=\"fl-accordion--panel-4\">Una vez que contrate a Motion Law, \u00bfpodr\u00e9 contactar a mi abogado en cualquier momento?<\/a>\r\n\t\t\t\t\t\t\t<a href=\"#\" id=\"fl-accordion--icon-4\" tabindex=\"0\" aria-controls=\"fl-accordion--panel-4\"><i>Expand<\/i><\/a>\r\n\t\t<p>S\u00ed, nuestras oficinas est\u00e1n abiertas seis d\u00edas a la semana. Creemos en tener una relaci\u00f3n cercana y duradera con nuestros clientes, \u00a1por eso Motion Law es \u00fanica e inigualable!<\/p>\r\n\t\t\t<a href=\"#\" id=\"fl-accordion--label-5\" tabindex=\"0\" aria-controls=\"fl-accordion--panel-5\">\u00bfQui\u00e9n se ocupar\u00e1 de mi caso despu\u00e9s de que te haya contratado?<\/a>\r\n\t\t\t\t\t\t\t<a href=\"#\" id=\"fl-accordion--icon-5\" tabindex=\"0\" aria-controls=\"fl-accordion--panel-5\"><i>Expand<\/i><\/a>\r\n\t\t<p>Una vez que nos haya contratado, su caso ser\u00e1 asignado a un paralegal, un asistente legal y un abogado. Su caso tendr\u00e1 varios pares de ojos cuidando cada detalle.<\/p>\r\n\t\t\t\t<img loading=\"lazy\" decoding=\"async\" src=\"https:\/\/www.motionlaw.com\/wp-content\/uploads\/Motion-Law-Abogados-de-inmigraci\u00f3n-Washington-DC.png\" alt=\"Motion Law Abogados de inmigraci\u00f3n Washington DC\" itemprop=\"image\" height=\"354\" width=\"1024\" title=\"Motion Law Abogados de inmigraci\u00f3n Washington DC\" onerror=\"this.style.display='none'\"  \/>\r\n\tMotion Law LLC<br \/>\r\n 20 F St NW 7th Floor<br \/>\r\n Washington, DC 20001<br \/>\r\n info@motionlaw.com<br \/>\r\n Tel: (202) 918-1799\r\n<p>Horarios: 8:00 AM &#8211; 6:00 PM, Lun &#8211; Sab<\/p>\r\n<p>Pago: todas las principales tarjetas de cr\u00e9dito, efectivo, cheque, giros postales, cheque de caja<\/p>\r\n\t\t\t<a href=\"https:\/\/motionlaw.com\/es\/contactenos\/\" target=\"_self\" role=\"button\" rel=\"noopener noreferrer\">\r\n\t\t\t\t\t\t\tPrograme Una Consulta GRATUITA\r\n\t\t\t\t\t<\/a>\r\n","protected":false},"excerpt":{"rendered":"<p>Preguntas Frecuentes \u00bfTener preguntas? No est\u00e1s solo Nuestros clientes anteriores pueden haber preguntado lo mismo. \u00bfCu\u00e1nto costar\u00e1 contratar Motion Motion para ayudar con mi caso de inmigraci\u00f3n? Expand Los honorarios legales por nuestros servicios var\u00edan seg\u00fan los tipos de casos. Cuando nos visite para su consulta, recibir\u00e1 asesor\u00eda legal de nuestro abogado de inmigraci\u00f3n y&hellip;<\/p>\n","protected":false},"author":13,"featured_media":0,"parent":0,"menu_order":0,"comment_status":"closed","ping_status":"closed","template":"","meta":{"_monsterinsights_skip_tracking":false,"_monsterinsights_sitenote_active":false,"_monsterinsights_sitenote_note":"","_monsterinsights_sitenote_category":0,"footnotes":""},"yst_prominent_words":[1458,1452,1150,1146,749,1431,1453,1151,1147,923,809,1694,1152,1456,1696,1695],"class_list":["post-446","page","type-page","status-publish","hentry"],"jetpack_shortlink":"https:\/\/wp.me\/P93TlB-7c","jetpack_sharing_enabled":true,"_links":{"self":[{"href":"https:\/\/www.motionlaw.com\/es\/wp-json\/wp\/v2\/pages\/446","targetHints":{"allow":["GET"]}}],"collection":[{"href":"https:\/\/www.motionlaw.com\/es\/wp-json\/wp\/v2\/pages"}],"about":[{"href":"https:\/\/www.motionlaw.com\/es\/wp-json\/wp\/v2\/types\/page"}],"author":[{"embeddable":true,"href":"https:\/\/www.motionlaw.com\/es\/wp-json\/wp\/v2\/users\/13"}],"replies":[{"embeddable":true,"href":"https:\/\/www.motionlaw.com\/es\/wp-json\/wp\/v2\/comments?post=446"}],"version-history":[{"count":12,"href":"https:\/\/www.motionlaw.com\/es\/wp-json\/wp\/v2\/pages\/446\/revisions"}],"predecessor-version":[{"id":5795,"href":"https:\/\/www.motionlaw.com\/es\/wp-json\/wp\/v2\/pages\/446\/revisions\/5795"}],"wp:attachment":[{"href":"https:\/\/www.motionlaw.com\/es\/wp-json\/wp\/v2\/media?parent=446"}],"wp:term":[{"taxonomy":"yst_prominent_words","embeddable":true,"href":"https:\/\/www.motionlaw.com\/es\/wp-json\/wp\/v2\/yst_prominent_words?post=446"}],"curies":[{"name":"wp","href":"https:\/\/api.w.org\/{rel}","templated":true}]}}