{"id":444,"date":"2018-09-13T14:55:41","date_gmt":"2018-09-13T18:55:41","guid":{"rendered":"http:\/\/motionlaw.com\/contactenos\/"},"modified":"2025-07-18T09:55:39","modified_gmt":"2025-07-18T13:55:39","slug":"contactenos","status":"publish","type":"page","link":"https:\/\/www.motionlaw.com\/es\/contactenos\/","title":{"rendered":"Cont\u00e1ctenos"},"content":{"rendered":"\n\n<h1>\n\t\tCont\u00e1ctenos\n\t<\/h1>\n\t<p><strong>Las pol\u00edticas migratorias de la administraci\u00f3n de Trump hacen que sea fundamental que hable con un abogado de inmigraci\u00f3n con experiencia antes de tomar cualquier decisi\u00f3n<\/strong>. Deje que Motion Law encuentre una soluci\u00f3n para sus necesidades de inmigraci\u00f3n.<\/p>\n\t<p><img loading=\"lazy\" decoding=\"async\" src=\"https:\/\/www.motionlaw.com\/wp-content\/uploads\/Kimberly-Baracaldo.jpg\" alt=\"\" width=\"200\" height=\"260\" \/><\/p>\n<p>\u00a1Hola! Soy Kimberly Baracaldo, Atenci\u00f3n al Cliente s\u00e9nior de la Oficina de Inmigraci\u00f3n de Motion Law. Complete el siguiente formulario para su <strong>Consulta GRATUITA<\/strong> con uno de nuestros abogados expertos en inmigraci\u00f3n. Estamos abiertos para citas por tel\u00e9fono o en persona en nuestras oficinas.<\/p>\nO simplemente ll\u00e1mame ahora al:<br \/>\n<strong>(202) 918-1799<\/strong>\n\t\t\t<h4><em>\u00a1Elegir\u00eda Motion Law SIEMPRE!<\/em><\/h4><p><em><i>El equipo de Motion Law es extremadamente amable y servicial, y les gusta hacer las cosas lo m\u00e1s r\u00e1pido posible para usted. Est\u00e1n siempre disponible para hablar y el servicio es excelente. \u00a1Elegir\u00eda Motion Law siempre!<\/i><\/em><em><i>-Luis G.<\/i><\/em><\/p>\t\t\n\t<h3>Visita Nuestra Oficina<\/h3>\n1050 Connecticut Ave NW, Suite 500,<br \/>\nWashington, DC 20036<br \/>\ninfo@motionlaw.com<br \/>\nTel: (202) 918-1799<br \/>\nHorarios: 8:00AM &#8211; 6:00PM Lun-Sab\n<p>Pago: todas las principales tarjetas de cr\u00e9dito, efectivo, cheque, giros postales, cheque de caja<\/p>\n<p>&nbsp;<\/p>\n<p>&nbsp;<\/p>\n\t<a name=\"Location\"><\/a>\n\t<iframe src=\"https:\/\/www.google.com\/maps\/embed\/v1\/place?q=1050+Connecticut+Avenue+Northwest%2C+Suite+500%2C+Washington%2C+DC+20036&#038;key=AIzaSyD09zQ9PNDNNy9TadMuzRV_UsPUoWKntt8\" aria-hidden=\"true\"><\/iframe>\n\t\t\t\t<img loading=\"lazy\" decoding=\"async\" src=\"https:\/\/www.motionlaw.com\/wp-content\/uploads\/Motion-Law-Washington-DC.png\" alt=\"Motion Law Washington DC\" itemprop=\"image\" height=\"311\" width=\"900\" title=\"Motion Law Washington DC\" onerror=\"this.style.display='none'\"  \/>\n\tMotion Law LLC<br \/>\n 1050 Connecticut Ave NW, Suite 500<br \/>\n Washington, DC 20036<br \/>\n info@motionlaw.com<br \/>\n Tel: (202) 918-1799\n<p>Horarios: 8:00 AM &#8211; 6:00 PM, Lun &#8211; Sab<\/p>\n<p>Pago: todas las principales tarjetas de cr\u00e9dito, efectivo, cheque, giros postales, cheque de caja<\/p>\n\t\t\t<a href=\"https:\/\/motionlaw.com\/es\/contactenos\/\" target=\"_self\">\n\t\t\t\t\t\t\tPrograme Una Consulta GRATUITA\n\t\t\t\t\t<\/a>\n\n","protected":false},"excerpt":{"rendered":"<p>Cont\u00e1ctenos Las pol\u00edticas migratorias de la administraci\u00f3n de Trump hacen que sea fundamental que hable con un abogado de inmigraci\u00f3n con experiencia antes de tomar cualquier decisi\u00f3n. Deje que Motion Law encuentre una soluci\u00f3n para sus necesidades de inmigraci\u00f3n. \u00a1Hola! Soy Kimberly Baracaldo, Atenci\u00f3n al Cliente s\u00e9nior de la Oficina de Inmigraci\u00f3n de Motion Law.&hellip;<\/p>\n","protected":false},"author":13,"featured_media":0,"parent":0,"menu_order":0,"comment_status":"closed","ping_status":"closed","template":"","meta":{"_monsterinsights_skip_tracking":false,"_monsterinsights_sitenote_active":false,"_monsterinsights_sitenote_note":"","_monsterinsights_sitenote_category":0,"footnotes":""},"yst_prominent_words":[1263,1261,1260,1262,6987,1466,6989,1257,1264,1255,6990,1258,1259,6988,1256],"class_list":["post-444","page","type-page","status-publish","hentry"],"jetpack_shortlink":"https:\/\/wp.me\/P93TlB-7a","jetpack_sharing_enabled":true,"_links":{"self":[{"href":"https:\/\/www.motionlaw.com\/es\/wp-json\/wp\/v2\/pages\/444","targetHints":{"allow":["GET"]}}],"collection":[{"href":"https:\/\/www.motionlaw.com\/es\/wp-json\/wp\/v2\/pages"}],"about":[{"href":"https:\/\/www.motionlaw.com\/es\/wp-json\/wp\/v2\/types\/page"}],"author":[{"embeddable":true,"href":"https:\/\/www.motionlaw.com\/es\/wp-json\/wp\/v2\/users\/13"}],"replies":[{"embeddable":true,"href":"https:\/\/www.motionlaw.com\/es\/wp-json\/wp\/v2\/comments?post=444"}],"version-history":[{"count":47,"href":"https:\/\/www.motionlaw.com\/es\/wp-json\/wp\/v2\/pages\/444\/revisions"}],"predecessor-version":[{"id":28571,"href":"https:\/\/www.motionlaw.com\/es\/wp-json\/wp\/v2\/pages\/444\/revisions\/28571"}],"wp:attachment":[{"href":"https:\/\/www.motionlaw.com\/es\/wp-json\/wp\/v2\/media?parent=444"}],"wp:term":[{"taxonomy":"yst_prominent_words","embeddable":true,"href":"https:\/\/www.motionlaw.com\/es\/wp-json\/wp\/v2\/yst_prominent_words?post=444"}],"curies":[{"name":"wp","href":"https:\/\/api.w.org\/{rel}","templated":true}]}}