{"id":437,"date":"2018-09-13T14:34:11","date_gmt":"2018-09-13T18:34:11","guid":{"rendered":"http:\/\/motionlaw.com\/sobre-nuestra-firma\/"},"modified":"2025-12-08T17:01:06","modified_gmt":"2025-12-08T22:01:06","slug":"sobre-nuestra-firma","status":"publish","type":"page","link":"https:\/\/www.motionlaw.com\/es\/sobre-nuestra-firma\/","title":{"rendered":"Sobre Nuestra Firma"},"content":{"rendered":"\n\n<h1>\n\t\tSobre Nosotros\n\t<\/h1>\n\t<p>El Equipo de Motion Law se basa en una s\u00f3lida base de experiencia, conocimiento, comprensi\u00f3n y respeto. Muchos de nuestros abogados y personal de Atenci\u00f3n al Cliente han experimentado el proceso de inmigraci\u00f3n con sus propias familias. Con esta combinaci\u00f3n de experiencia de inmigraci\u00f3n legal y personal, estamos equipados de manera \u00fanica para ayudarlo a navegar las complejidades del proceso de inmigraci\u00f3n de los Estados Unidos.<\/p>\n\t\t\t\t<img loading=\"lazy\" decoding=\"async\" src=\"https:\/\/www.motionlaw.com\/wp-content\/uploads\/Motion-Law-Immigration-Lawyers.jpg\" alt=\"Immigration Lawyers Washington DC Motion Law\" itemprop=\"image\" height=\"525\" width=\"827\" title=\"Motion Law Immigration Lawyers\" onerror=\"this.style.display='none'\"  \/>\n<h3>\n\t\tNuestro Equipo\n\t<\/h3>\n\t<p>Motion Law LLC actuar\u00e1 como su gu\u00eda personal a trav\u00e9s de las complejidades del sistema de inmigraci\u00f3n de los Estados Unidos. Brindamos servicios completos de leyes de inmigraci\u00f3n para empleadores e individuos. Los abogados de Motion Law pueden asesorarlo en todas las \u00e1reas de inmigraci\u00f3n comercial, incluida la certificaci\u00f3n laboral, c\u00f3mo obtener visas de trabajo para sus empleados, la verificaci\u00f3n de elegibilidad de empleo y cualquier otro problema que pueda representar una barrera para las operaciones de su empresa. Podemos ayudarlo a solicitar una visa familiar, una visa de prometido o una visa de inmigraci\u00f3n y lo guiaremos a trav\u00e9s del proceso para obtener una tarjeta verde para el estado de residente permanente legal.<\/p>\n\t<p>Cuando est\u00e1 en juego su derecho a vivir y trabajar en los Estados Unidos, no debe arriesgarse a representarse ante los funcionarios de inmigraci\u00f3n. Un abogado experimentado en inmigraci\u00f3n de Motion Law puede guiarlo a trav\u00e9s del proceso y luchar para defender sus derechos. Sus inquietudes son nuestras inquietudes y Motion Law Immigration le ofrecer\u00e1 consejos honestos y directos para ayudarlo a encontrar la soluci\u00f3n que mejor se adapte a sus necesidades.<\/p>\n<p>Las oficinas de Motion Law est\u00e1n ubicadas en Washington DC, pero podemos trabajar con clientes en todo Estados Unidos y en todo el mundo. Brindamos servicios biling\u00fces en espa\u00f1ol, con traducci\u00f3n a otros idiomas disponibles a pedido.<\/p>\n\t<h2>\u00bfNecesita ayuda de un abogado experto en inmigraci\u00f3n?<\/h2>\n<p>No dude en ponerse en contacto con Motion Law Immigration. Hemos ayudado a muchas personas en la misma situaci\u00f3n que usted. P\u00f3ngase en contacto con nosotros hoy para una Consulta GRATUITA.<\/p>\n\t\t\t<a href=\"https:\/\/motionlaw.com\/es\/contactenos\/\" target=\"_self\">\n\t\t\t\t\t\t\tCont\u00e1ctenos\n\t\t\t\t\t<\/a>\n<h2>\n\t\tConocer al Equipo\n\t<\/h2>\n\t\t\t\t<img decoding=\"async\" src=\"https:\/\/www.motionlaw.com\/wp-content\/uploads\/\/Adil-S.-Qaiyumi-237x300.jpg\" alt=\"Abogado de Inmigraci\u00f3n en DC\" itemprop=\"image\" title=\"Adil S. Qaiyumi\" onerror=\"this.style.display='none'\"  \/>\n\t<h3>Adil S. Qaiyumi &#8211; Abogado, Socio<\/h3>\n<p>Adil Qaiyumi ha trabajado en la \u00e1rea de inmigraci\u00f3n desde 2007 y ha ejercido en Maryland desde 2010. El Sr. Qaiyumi obtuvo su t\u00edtulo de abogado en la Universidad de Baltimore y su t\u00edtulo universitario en la Universidad de Maryland, College Park, donde se especializ\u00f3 en Negocios. . Mientras estudiaba derecho, pas\u00f3 tres meses en Madrid, Espa\u00f1a, estudiando leyes de la Uni\u00f3n Europea y derecho comercial internacional.<\/p>\n<p><a href=\"https:\/\/motionlaw.com\/es\/sobre-nuestra-firma\/adil-qaiyumi\/\">Aprende M\u00e1s&#8230;&#8230;<\/a><\/p>\n\t\t\t\t<img decoding=\"async\" src=\"https:\/\/www.motionlaw.com\/wp-content\/uploads\/\/Mireya-Martinez-Managing-Attorney-237x300.jpg\" alt=\"Motion Law Immigration Managing Attorney\" itemprop=\"image\" title=\"Mireya Martinez Managing Attorney\" onerror=\"this.style.display='none'\"  \/>\n\t<h3>Mireya Martinez &#8211; Abogada Consultora<\/h3>\n<p>La abogada Mireya Mart\u00ednez, proveniente de una familia de inmigrantes, aporta una profunda empat\u00eda y comprensi\u00f3n a su pr\u00e1ctica. Nacida y criada en Guadalajara, M\u00e9xico, Mireya experiment\u00f3 de primera mano las dificultades econ\u00f3micas que llevaron a su familia a buscar una vida mejor en los Estados Unidos. A pesar de enfrentar los desaf\u00edos de ser inmigrantes de primera generaci\u00f3n, la determinaci\u00f3n de Mireya la impuls\u00f3 a obtener un t\u00edtulo de Juris-Doctorado de la Facultad de Derecho de la Universidad George Washington. Durante su tiempo en la facultad de derecho, Mireya sobresali\u00f3 como presidenta de la Asociaci\u00f3n de Estudiantes de Derecho Hispanos y ocup\u00f3 puestos de liderazgo en la Asociaci\u00f3n Nacional de Abogados Hispanos (HNBA).<\/p>\n<p>Desde su graduaci\u00f3n, Mireya se ha dedicado a servir a la comunidad inmigrante en el \u00e1rea de DC, especializ\u00e1ndose en casos de inmigraci\u00f3n basados en la familia y el empleo. Con un enfoque en navegar las complejas leyes de inmigraci\u00f3n, se ha convertido en una defensora de confianza para los inmigrantes hispanohablantes en todo el pa\u00eds. Con fluidez en espa\u00f1ol y dominio en franc\u00e9s, la experiencia de Mireya se extiende m\u00e1s all\u00e1 del Distrito de Columbia, convirti\u00e9ndola en un recurso valioso para los inmigrantes en todo el pa\u00eds.<\/p>\n<p>M\u00e1s all\u00e1 de su pr\u00e1ctica legal, Mireya reside en el norte de Virginia con su esposo y cuatro hijos. Le apasiona inspirar y educar a otros a trav\u00e9s de sus esfuerzos profesionales, encarnando los valores del trabajo duro, la determinaci\u00f3n y la compasi\u00f3n que definen su viaje.<\/p>\n<p>&nbsp;<\/p>\n\t\t\t\t<img decoding=\"async\" src=\"https:\/\/www.motionlaw.com\/wp-content\/uploads\/\/Nadin-Elias-Immigration-Attorney-237x300.jpg\" alt=\"Motion Law Immigration Nadin Elias\" itemprop=\"image\" title=\"Nadin Elias Immigration Attorney\" onerror=\"this.style.display='none'\"  \/>\n\t<h3>Nadin Elias &#8211; Abogada<\/h3>\n<p>La abogada Nadin Elias obtuvo su t\u00edtulo de abogada en la Facultad de Derecho de la Universidad de Baltimore. Su inter\u00e9s en la Ley de Inmigraci\u00f3n se deriva de su propia experiencia como refugiada y de su experiencia como abogada estudiante de la Cl\u00ednica de Derechos de Inmigraci\u00f3n de la Facultad de Derecho de la Universidad de Baltimore. <\/p>\n<p>Desde su graduaci\u00f3n, ella ha ganado una amplia experiencia en una amplia gama de casos de inmigraci\u00f3n, que abarca tanto la defensa de expulsi\u00f3n y peticiones con USCIS. Nadin, se especializa en todos los aspectos del Estatus Especial de Inmigrante Juvenil, adem\u00e1s de, Asilo, Retenci\u00f3n de Deportaci\u00f3n, Convenci\u00f3n contra la Tortura, Cancelaci\u00f3n de Deportaci\u00f3n, Peticiones Familiares, Procesamiento Consular, Visa U y VAWA.<\/p>\n<p>Nadin est\u00e1 habilitada en Maryland y Virginia.<\/p>\n\t\t\t<a href=\"https:\/\/motionlaw.com\/es\/contactenos\/\" target=\"_self\">\n\t\t\t\t\t\t\tPrograme Una Consulta GRATUITA\n\t\t\t\t\t<\/a>\n\t<h3>o LL\u00c1MENOS al (202) 918-1799<\/h3>\n\t\t\t\t<img loading=\"lazy\" decoding=\"async\" src=\"https:\/\/www.motionlaw.com\/wp-content\/uploads\/Clarivel-Esquivel.jpg\" alt=\"Client Care Manager\" itemprop=\"image\" height=\"634\" width=\"500\" title=\"Clarivel Esquivel\" onerror=\"this.style.display='none'\"  \/>\n\t<h3>Claire Esquivel<\/h3>\n<h4>Gerente de Operaciones Legales<\/h4>\n<p>Claire tiene una licenciatura en Justicia Criminal de la Universidad de Florida Central y una licenciatura en Estudios Paralegales de Indian River State College de su ciudad natal en Florida. Se sido voluntaria en la oficina del Defensor P\u00fablico donde crecieron sus aspiraciones de convertirse en abogada. Claire est\u00e1 estudiando para convertirse en abogada de inmigraci\u00f3n y ayudar a los inmigrantes de los Estados Unidos a lograr sus necesidades de inmigraci\u00f3n. Ella tiene experiencia como asistente legal de inmigraci\u00f3n y le gusta ayudar a aliviar el estr\u00e9s de los clientes a trav\u00e9s de la gesti\u00f3n de su proceso de inmigraci\u00f3n.<\/p>\n\t\t\t\t<img loading=\"lazy\" decoding=\"async\" src=\"https:\/\/www.motionlaw.com\/wp-content\/uploads\/Margarita-Morales.jpg\" alt=\"Client Care Motion Law Immigration\" itemprop=\"image\" height=\"634\" width=\"500\" title=\"Margarita Morales\" onerror=\"this.style.display='none'\"  \/>\n\t<h3>Margarita Morales<\/h3>\n<h4>Atenci\u00f3n al Cliente<\/h4>\n<p>Margarita estudio periodismo en la Universidad de El Salvador. En el 2013 emigro a Estados Unidos, actualmente se encuentra estudiando Justicia Criminal. Tiene cinco a\u00f1os de experiencia en servicio al cliente. Ha participado en organizaciones en pro de los derechos de las mujeres e igualdad de g\u00e9nero en El Salvador. Margarita disfruta ayudando a su comunidad y ha encontrado pasi\u00f3n en ayudar a los inmigrantes. Como inmigrante, ella conoce las dificultades y desaf\u00edos que ellos enfrentan en el d\u00eda a d\u00eda. Ser parte de Motion Law le ha permitido acercarse a su comunidad al ayudarlos a comprender el dif\u00edcil proceso de inmigraci\u00f3n.<\/p>\n\t\t\t\t<img loading=\"lazy\" decoding=\"async\" src=\"https:\/\/www.motionlaw.com\/wp-content\/uploads\/Andrew-Haywood.jpg\" alt=\"Andrew Haywood\" itemprop=\"image\" height=\"634\" width=\"500\" title=\"Andrew Haywood\" onerror=\"this.style.display='none'\"  \/>\n\t<h3>Andrew Haywood<\/h3>\n<h4>Fundador<\/h4>\n<p>Andrew Haywood es un empresario que ha tenido y gestionado varios negocios de \u00e9xito tanto en Estados Unidos como en su Reino Unido natal. Como titular de la ciudadan\u00eda brit\u00e1nica y estadounidense, Andrew ha vivido en los EE.UU. desde 2010 y ha trabajado en el campo del Derecho durante varios a\u00f1os. Un apasionado defensor de la \u00abatenci\u00f3n al cliente\u00bb, con un fuerte ojo para el detalle, el \u00e9xito de Andrew en los negocios se ha basado consistentemente en la promoci\u00f3n centrada y la entrega efectiva de excepcionalmente altos est\u00e1ndares de servicio al cliente a todos los clientes de sus operaciones comerciales.<\/p>\n\t<h2>Testimonios<\/h2>\n\t\t\t<p><em><i>El equipo de Motion Law es extremadamente amable y servicial, y les gusta hacer las cosas lo m\u00e1s r\u00e1pido posible para usted. Est\u00e1n siempre disponible para hablar y el servicio es excelente. \u00a1Elegir\u00eda Motion Law siempre!<\/i><\/em><em>&#8211; Luis G.<\/em><\/p>\t\t\n\t\t\t<p><em>Me pareci\u00f3 muy buena abogada Me sent\u00ed muy c\u00f3modo en la cita Me ayudaron en muchas cosas Recomendada al 100%<\/em><em>&#8211; Jonathan Umana<\/em><\/p>\t\t\n\t\t\t<p><em>Me gusto bastante la la consulta con la abogada muy satisfecho Gracias Margarita morales y la abogada Nefertiti\ud83d\ude4f<\/em><\/p>\n<p><em>&#8211; David Perez<\/em><\/p>\n\t\t\t<p><em>Muy lindo la consulta la aboga muy linda y muy buena atenci\u00f3n y la consulta gratis muy linda atenci\u00f3n<\/em><\/p>\n<p><em>&#8211; Edith Machado<\/em><\/p>\n\t\t\t\t<img loading=\"lazy\" decoding=\"async\" src=\"https:\/\/www.motionlaw.com\/wp-content\/uploads\/Motion-Law-Washington-DC.png\" alt=\"Motion Law Washington DC\" itemprop=\"image\" height=\"311\" width=\"900\" title=\"Motion Law Washington DC\" onerror=\"this.style.display='none'\"  \/>\n\tMotion Law LLC<br \/>\n 1050 Connecticut Ave NW, Suite 500<br \/>\n Washington, DC 20036<br \/>\n info@motionlaw.com<br \/>\n Tel: (202) 918-1799\n<p>Horarios: 8:00 AM &#8211; 6:00 PM, Lun &#8211; Sab<\/p>\n<p>Pago: todas las principales tarjetas de cr\u00e9dito, efectivo, cheque, giros postales, cheque de caja<\/p>\n\t\t\t<a href=\"https:\/\/motionlaw.com\/es\/contactenos\/\" target=\"_self\">\n\t\t\t\t\t\t\tPrograme Una Consulta GRATUITA\n\t\t\t\t\t<\/a>\n\n","protected":false},"excerpt":{"rendered":"<p>Sobre Nosotros El Equipo de Motion Law se basa en una s\u00f3lida base de experiencia, conocimiento, comprensi\u00f3n y respeto. Muchos de nuestros abogados y personal de Atenci\u00f3n al Cliente han experimentado el proceso de inmigraci\u00f3n con sus propias familias. Con esta combinaci\u00f3n de experiencia de inmigraci\u00f3n legal y personal, estamos equipados de manera \u00fanica para&hellip;<\/p>\n","protected":false},"author":13,"featured_media":27835,"parent":0,"menu_order":0,"comment_status":"closed","ping_status":"closed","template":"","meta":{"_monsterinsights_skip_tracking":false,"_monsterinsights_sitenote_active":false,"_monsterinsights_sitenote_note":"","_monsterinsights_sitenote_category":0,"footnotes":""},"yst_prominent_words":[749,1251,5427,1288,1396,1417,832,923],"class_list":["post-437","page","type-page","status-publish","has-post-thumbnail","hentry"],"jetpack_shortlink":"https:\/\/wp.me\/P93TlB-73","jetpack_sharing_enabled":true,"_links":{"self":[{"href":"https:\/\/www.motionlaw.com\/es\/wp-json\/wp\/v2\/pages\/437","targetHints":{"allow":["GET"]}}],"collection":[{"href":"https:\/\/www.motionlaw.com\/es\/wp-json\/wp\/v2\/pages"}],"about":[{"href":"https:\/\/www.motionlaw.com\/es\/wp-json\/wp\/v2\/types\/page"}],"author":[{"embeddable":true,"href":"https:\/\/www.motionlaw.com\/es\/wp-json\/wp\/v2\/users\/13"}],"replies":[{"embeddable":true,"href":"https:\/\/www.motionlaw.com\/es\/wp-json\/wp\/v2\/comments?post=437"}],"version-history":[{"count":81,"href":"https:\/\/www.motionlaw.com\/es\/wp-json\/wp\/v2\/pages\/437\/revisions"}],"predecessor-version":[{"id":28652,"href":"https:\/\/www.motionlaw.com\/es\/wp-json\/wp\/v2\/pages\/437\/revisions\/28652"}],"wp:featuredmedia":[{"embeddable":true,"href":"https:\/\/www.motionlaw.com\/es\/wp-json\/wp\/v2\/media\/27835"}],"wp:attachment":[{"href":"https:\/\/www.motionlaw.com\/es\/wp-json\/wp\/v2\/media?parent=437"}],"wp:term":[{"taxonomy":"yst_prominent_words","embeddable":true,"href":"https:\/\/www.motionlaw.com\/es\/wp-json\/wp\/v2\/yst_prominent_words?post=437"}],"curies":[{"name":"wp","href":"https:\/\/api.w.org\/{rel}","templated":true}]}}