{"id":433,"date":"2018-09-13T14:16:04","date_gmt":"2018-09-13T18:16:04","guid":{"rendered":"http:\/\/motionlaw.com\/gracias\/"},"modified":"2026-02-09T07:44:19","modified_gmt":"2026-02-09T12:44:19","slug":"gracias","status":"publish","type":"page","link":"https:\/\/www.motionlaw.com\/es\/contactenos\/gracias\/","title":{"rendered":"Gracias"},"content":{"rendered":"\n\n<h1>\n\t\t\tGracias por contactarnos para una consulta gratuita.\t<\/h1>\n\t<p>Entendemos TODAS las opciones de inmigraci\u00f3n disponibles para usted, y nuestros abogados de inmigraci\u00f3n de DC pueden ayudarlo a resolver su problema de la manera m\u00e1s econ\u00f3mica posible y con la mayor probabilidad de \u00e9xito.<\/p>\n<p>Gracias por reservar su consulta con Motion Law Immigration. Su caso es importante para nosotros. Un miembro de nuestro equipo de atenci\u00f3n al cliente se comunicar\u00e1 con usted en breve para confirmar la fecha y hora de su cita.<\/p>\n<p>Mientras tanto, si tiene alguna pregunta, ll\u00e1menos al <strong>(202) 918-1799<\/strong><\/p>\n\t\t\t\t<img decoding=\"async\" src=\"https:\/\/www.motionlaw.com\/wp-content\/plugins\/bb-plugin\/img\/pixel.png\" alt=\"\" itemprop=\"image\" onerror=\"this.style.display='none'\" loading=\"lazy\" \/>\n\t\t\t\t<img decoding=\"async\" src=\"https:\/\/www.motionlaw.com\/wp-content\/uploads\/Motion-Law-Immigration-Lawyers.jpg\" alt=\"Immigration Lawyers Washington DC Motion Law\" itemprop=\"image\" height=\"525\" width=\"827\" title=\"Motion Law Immigration Lawyers\" onerror=\"this.style.display='none'\" loading=\"lazy\" \/>\n\t\t\t\t<img decoding=\"async\" src=\"https:\/\/www.motionlaw.com\/wp-content\/uploads\/Motion-Law-Washington-DC.png\" alt=\"Motion Law Washington DC\" itemprop=\"image\" height=\"311\" width=\"900\" title=\"Motion Law Washington DC\" onerror=\"this.style.display='none'\" loading=\"lazy\" \/>\n\tMotion Law LLC<br \/>\n 1050 Connecticut Ave NW, Suite 500<br \/>\n Washington, DC 20036<br \/>\n info@motionlaw.com<br \/>\n Tel: (202) 918-1799\n<p>Horarios: 8:00 AM &#8211; 6:00 PM, Lun &#8211; Sab<\/p>\n<p>Pago: todas las principales tarjetas de cr\u00e9dito, efectivo, cheque, giros postales, cheque de caja<\/p>\n\t\t\t<a href=\"https:\/\/motionlaw.com\/es\/contactenos\/\" target=\"_self\">\n\t\t\t\t\t\t\tPrograme Una Consulta GRATUITA\n\t\t\t\t\t<\/a>\n\n","protected":false},"excerpt":{"rendered":"<p>Gracias por contactarnos para una consulta gratuita. Entendemos TODAS las opciones de inmigraci\u00f3n disponibles para usted, y nuestros abogados de inmigraci\u00f3n de DC pueden ayudarlo a resolver su problema de la manera m\u00e1s econ\u00f3mica posible y con la mayor probabilidad de \u00e9xito. Gracias por reservar su consulta con Motion Law Immigration. Su caso es importante&hellip;<\/p>\n","protected":false},"author":13,"featured_media":0,"parent":444,"menu_order":0,"comment_status":"closed","ping_status":"closed","template":"","meta":{"_monsterinsights_skip_tracking":false,"_monsterinsights_sitenote_active":false,"_monsterinsights_sitenote_note":"","_monsterinsights_sitenote_category":0,"footnotes":""},"yst_prominent_words":[1458,1452,1150,1463,1103,1462,1461,1454,822,749,1460,1453,1455,1193,1459,1308,1457,1456,1240,808],"class_list":["post-433","page","type-page","status-publish","hentry"],"jetpack_shortlink":"https:\/\/wp.me\/P93TlB-6Z","jetpack_sharing_enabled":true,"_links":{"self":[{"href":"https:\/\/www.motionlaw.com\/es\/wp-json\/wp\/v2\/pages\/433","targetHints":{"allow":["GET"]}}],"collection":[{"href":"https:\/\/www.motionlaw.com\/es\/wp-json\/wp\/v2\/pages"}],"about":[{"href":"https:\/\/www.motionlaw.com\/es\/wp-json\/wp\/v2\/types\/page"}],"author":[{"embeddable":true,"href":"https:\/\/www.motionlaw.com\/es\/wp-json\/wp\/v2\/users\/13"}],"replies":[{"embeddable":true,"href":"https:\/\/www.motionlaw.com\/es\/wp-json\/wp\/v2\/comments?post=433"}],"version-history":[{"count":9,"href":"https:\/\/www.motionlaw.com\/es\/wp-json\/wp\/v2\/pages\/433\/revisions"}],"predecessor-version":[{"id":28709,"href":"https:\/\/www.motionlaw.com\/es\/wp-json\/wp\/v2\/pages\/433\/revisions\/28709"}],"up":[{"embeddable":true,"href":"https:\/\/www.motionlaw.com\/es\/wp-json\/wp\/v2\/pages\/444"}],"wp:attachment":[{"href":"https:\/\/www.motionlaw.com\/es\/wp-json\/wp\/v2\/media?parent=433"}],"wp:term":[{"taxonomy":"yst_prominent_words","embeddable":true,"href":"https:\/\/www.motionlaw.com\/es\/wp-json\/wp\/v2\/yst_prominent_words?post=433"}],"curies":[{"name":"wp","href":"https:\/\/api.w.org\/{rel}","templated":true}]}}