{"id":349,"date":"2018-09-12T16:23:18","date_gmt":"2018-09-12T20:23:18","guid":{"rendered":"http:\/\/motionlaw.com\/nanthaveth-associates-bufete-de-abogados-de-inmigracion\/"},"modified":"2026-05-02T10:16:19","modified_gmt":"2026-05-02T14:16:19","slug":"nanthaveth-associates-bufete-de-abogados-de-inmigracion","status":"publish","type":"page","link":"https:\/\/www.motionlaw.com\/es\/","title":{"rendered":"Motion Law Bufete de Abogados de Inmigraci\u00f3n y Familiar"},"content":{"rendered":"\n\n\t\t\t<img decoding=\"async\" loading=\"false\" src=\"https:\/\/www.motionlaw.com\/wp-content\/uploads\/Abogado-de-Inmigraci\u00f3n-de-DC.jpg\" alt=\"Abogados de Inmigraci\u00f3n Washington DC\" \/>\t\t\t\n\t\t\t\t<h2>Somos Sus Abogados de Inmigraci\u00f3n en DC<\/h2><h3>Estamos aqu\u00ed para facilitar su experiencia de inmigraci\u00f3n.<\/h3>\n\t\t\t<a href=\"https:\/\/motionlaw.com\/es\/contactenos\/\" target=\"_self\">\n\t\t\t\t\t\t\tCont\u00e1ctenos Hoy\n\t\t\t\t\t<\/a>\n\t\t\t<img decoding=\"async\" loading=\"false\" src=\"https:\/\/www.motionlaw.com\/wp-content\/uploads\/Family-Lawyers-in-District-of-Columbia.jpg\" alt=\"\" \/>\t\t\t\n\t\t\t\t<h2>Un Equipo en Derecho de Familia que se Preocupa<\/h2><h4>Nuestros abogados de familia y personal de apoyo est\u00e1n comprometidos a ayudarle a satisfacer sus necesidades.<\/h4>\n\t\t\t<a href=\"https:\/\/www.motionlaw.com\/es\/ley-familiar-areas-de-practica\/\" target=\"_self\">\n\t\t\t\t\t\t\tAprende M\u00e1s\n\t\t\t\t\t<\/a>\n\t\t\t<img decoding=\"async\" loading=\"false\" src=\"https:\/\/www.motionlaw.com\/wp-content\/uploads\/Bufete-de-abogados-de-inmigraci\u00f3n-de-DC.png\" alt=\"Bufete de abogados de inmigraci\u00f3n Washington DC\" \/>\t\t\t\n\t\t\t\t<h2>Nuestro Equipo Est\u00e1 Aqu\u00ed Para Servirle<\/h2><h4>Nuestros expertos abogados de inmigraci\u00f3n y nuestro personal de apoyo est\u00e1n dedicados a ayudarlo a satisfacer sus necesidades.<\/h4>\n\t\t\t<a href=\"https:\/\/motionlaw.com\/es\/areas-de-practica\/\" target=\"_self\">\n\t\t\t\t\t\t\tAprende M\u00e1s\n\t\t\t\t\t<\/a>\n\t\t\t<img decoding=\"async\" loading=\"false\" src=\"https:\/\/www.motionlaw.com\/wp-content\/uploads\/Family-Lawyers-in-DC.jpg\" alt=\"\" \/>\t\t\t\n\t\t\t\t<h2>Somos Sus Abogados de Familia para Maryland y DC<\/h2><h3>Estamos aqu\u00ed para ayudarle a mantener sus asuntos familiares fuera de los tribunales.<\/h3>\n\t\t\t<a href=\"https:\/\/www.motionlaw.com\/es\/contactenos-derecho-de-familia\/\" target=\"_self\">\n\t\t\t\t\t\t\tCont\u00e1ctenos Hoy Mismo\n\t\t\t\t\t<\/a>\n\t\t\t<img decoding=\"async\" loading=\"false\" src=\"https:\/\/www.motionlaw.com\/wp-content\/uploads\/aaml5.jpg\" alt=\"\" \/>\t\t\t\n\t\t\t\t<h2>Un Equipo Comprensivo de Expertos<\/h2><h4>En Motion Law, nuestro equipo de expertos estan capacitados para trabajar con usted y lograr los resultados deseados.<\/h4>\n\t\t\t<a href=\"https:\/\/motionlaw.com\/es\/sobre-nuestra-firma\/\" target=\"_self\">\n\t\t\t\t\t\t\tConozca Nuestro Equipo\n\t\t\t\t\t<\/a>\n\t\t\t\t<a href=\"#\" aria-label=\"previous\" role=\"button\">\n<\/a>\n\t\t\t\t<a href=\"#\" aria-label=\"next\" role=\"button\">\n<\/a>\n<h1>\n\t\t\tSUS ABOGADOS DE INMIGRACI\u00d3N Y DE DERECHO FAMILIAR\t<\/h1>\n<h3>\n\t\t<a href=\"https:\/\/motionlaw.com\/practice-areas\/family-immigration\/\" title=\"Ley de Inmigraci\u00f3n\"  target=\"_self\">\n\t\t\tLey de Inmigraci\u00f3n\t\t<\/a>\n\t<\/h3>\n\t\t\t\t<img decoding=\"async\" src=\"https:\/\/www.motionlaw.com\/wp-content\/uploads\/Abogado-de-Inmigraci\u00f3n-Familiar-de-DC.jpg\" alt=\"Abogados de Inmigraci\u00f3n Familiar en Washington DC\" itemprop=\"image\" height=\"512\" width=\"768\" title=\"Happy Hispanic Family Portrait In the Park.\" onerror=\"this.style.display='none'\" loading=\"lazy\" \/>\n\t<p>Motion Law han ayudado a miles de clientes a trav\u00e9s de todo tipo de procesos de inmigraci\u00f3n. Bajo la ley de inmigracion actual, Ciudadanos Americanos y residentes permanentes legales pueden peticionar por ciertos miembros de familia por una tarjeta verde para venir a trabajar y vivir en los Estados Unidos permanentemente. Un ciudadano de los Estados Unidos puede solicitar un pariente como c\u00f3nyuge, hijo, padre\/madre, hermano, e incluso un hijastro o padrastro\/madrastra.<\/p>\n<p>En el incierto clima de inmigraci\u00f3n actual hay varios casos en los que una autoridad de inmigraci\u00f3n puede ordenar la expulsi\u00f3n de una persona de Estados Unidos. Si vive en Estados Unidos sin la documentaci\u00f3n adecuada o ha incumplido las condiciones de su visado, puede tener opciones para anular su expulsi\u00f3n si se enfrenta a un procedimiento de deportaci\u00f3n. Si su caso ha sido denegado, usted puede calificar para presentar una apelaci\u00f3n o una moci\u00f3n para que la decisi\u00f3n de su caso sea revisada.<\/p>\n<p>Nuestro objetivo y enfoque es eliminar sus preocupaciones y ayudar de cualquier manera para facilitar su vida. \u00a1P\u00f3ngase en contacto con Motion Law para conocer c\u00f3mo podemos ayudarle!<\/p>\n\t\t\t<a href=\"https:\/\/www.motionlaw.com\/es\/areas-de-practica\/\" target=\"_self\">\n\t\t\t\t\t\t\t\u00c1reas de Pr\u00e1ctica de Inmigraci\u00f3n\n\t\t\t\t\t<\/a>\n<h3>\n\t\t<a href=\"https:\/\/motionlaw.com\/practice-areas\/family-immigration\/\" title=\"Ley de Familia\"  target=\"_self\">\n\t\t\tLey de Familia\t\t<\/a>\n\t<\/h3>\n\t\t\t\t<img decoding=\"async\" src=\"https:\/\/www.motionlaw.com\/wp-content\/uploads\/Child-Custody-Lawyer-Washington-DC.jpg\" alt=\"DC Custody Attorneys\" itemprop=\"image\" height=\"512\" width=\"768\" title=\"Child Custody Lawyer Washington DC\" onerror=\"this.style.display='none'\" loading=\"lazy\" \/>\n\t<p>Nuestros abogados de familia est\u00e1n aqu\u00ed para apoyarle. Experimentar un divorcio es a menudo un proceso emocionalmente desafiante y complejo que nadie puede anticipar completamente. Con el futuro de su familia en juego, las decisiones que tome pueden tener un impacto duradero. Tanto si se enfrenta a un divorcio de mutuo acuerdo como a un complejo divorcio contencioso, es esencial contar con un abogado con experiencia a su lado. Desde asuntos financieros a la custodia infantil, el proceso de divorcio puede ser abrumador, pero con la orientaci\u00f3n adecuada, Motion Law puede ayudarle a encontrar el mejor camino a seguir.<\/p>\n<p>Las disputas por la custodia infantil son a menudo los aspectos m\u00e1s dif\u00edciles de un divorcio, debido al impacto duradero en el futuro de sus hijos, es vital abordar la custodia de los hijos con el apoyo de profesionales legales con experiencia.<\/p>\n<p>Si usted est\u00e1 involucrado en un divorcio, separaci\u00f3n, o la b\u00fasqueda de manutenci\u00f3n infantil a trav\u00e9s de procedimientos de paternidad, estamos aqu\u00ed para asegurar que usted y los derechos de su hijo est\u00e1n protegidos, \u00a1simplemente llame Motion Law hoy!<\/p>\n\t\t\t<a href=\"https:\/\/www.motionlaw.com\/es\/ley-familiar-areas-de-practica\/\" target=\"_self\">\n\t\t\t\t\t\t\t\u00c1reas del Derecho Familiar\n\t\t\t\t\t<\/a>\n\t<h1>Abogados de Inmigraci\u00f3n y Familia en Washington, DC &#8211; Bufete de Abogados de Inmigraci\u00f3n DMV<\/h1>\n\t<h2>Programe Una Consulta GRATUITA<\/h2>\n\t\t\t<a href=\"https:\/\/www.motionlaw.com\/es\/contactenos\/\" target=\"_self\">\n\t\t\t\t\t\t\tCont\u00e1ctenos\n\t\t\t\t\t<\/a>\n\t<h2>Conozca Parte de Nuestro Equipo<\/h2>\n<p>Entendemos las complicaciones de la inmigraci\u00f3n y el derecho de familia, estamos aqu\u00ed para ayudarle en cada paso del camino.<\/p>\n\t\t\t\t<img decoding=\"async\" src=\"https:\/\/www.motionlaw.com\/wp-content\/uploads\/Mireya-Martinez-Managing-Attorney.jpg\" alt=\"Motion Law Immigration Managing Attorney\" itemprop=\"image\" height=\"634\" width=\"500\" title=\"Mireya Martinez Managing Attorney\" onerror=\"this.style.display='none'\" loading=\"lazy\" \/>\n\t<h3>Mireya Martinez<br \/>\n<\/h3>\n<h5>Abogada Consultora<\/h5>\n\t\t\t\t<img decoding=\"async\" src=\"https:\/\/www.motionlaw.com\/wp-content\/uploads\/Kristina-Darwood-Attorney.jpg\" alt=\"Family Lawyer Kristina Darwood\" itemprop=\"image\" height=\"634\" width=\"500\" title=\"Kristina Darwood Attorney\" onerror=\"this.style.display='none'\" loading=\"lazy\" \/>\n\t<h3>Kristina Darwood<br \/>\n<\/h3>\n<h5>Abogada<\/h5>\n\t\t\t\t<img decoding=\"async\" src=\"https:\/\/www.motionlaw.com\/wp-content\/uploads\/Nadin-Elias-Immigration-Attorney.jpg\" alt=\"Motion Law Immigration Nadin Elias\" itemprop=\"image\" height=\"634\" width=\"500\" title=\"Nadin Elias Immigration Attorney\" onerror=\"this.style.display='none'\" loading=\"lazy\" \/>\n\t<h3>Nadin Elias<br \/>\n<\/h3>\n<h5>Abogada<br \/>\n<\/h5>\n\t\t\t\t<img decoding=\"async\" src=\"https:\/\/www.motionlaw.com\/wp-content\/uploads\/Nyree-Adams-Family-Law-Attorney-.jpg\" alt=\"Nyree Adams Motion Law\" itemprop=\"image\" height=\"634\" width=\"500\" title=\"Nyree Adams Family Law Attorney\" onerror=\"this.style.display='none'\" loading=\"lazy\" \/>\n\t<h3>Nyree Adams<br \/>\n<\/h3>\n<h5>Abogada<br \/>\n<\/h5>\n\t\t\t<a href=\"https:\/\/motionlaw.com\/es\/sobre-nuestra-firma\/\" target=\"_self\">\n\t\t\t\t\t\t\tConozca M\u00e1s Sobre Nuestra Firma\n\t\t\t\t\t<\/a>\n\t<h2>Testimonios<\/h2>\n\t\t\t<p><em><i>El equipo de Motion Law es extremadamente amable y servicial, y les gusta hacer las cosas lo m\u00e1s r\u00e1pido posible para usted. Est\u00e1n siempre disponible para hablar y el servicio es excelente. \u00a1Elegir\u00eda Motion Law siempre!<\/i><\/em><em>&#8211; Luis G.<\/em><\/p>\t\t\n\t\t\t<p><em>Me pareci\u00f3 muy buena abogada Me sent\u00ed muy c\u00f3modo en la cita Me ayudaron en muchas cosas Recomendada al 100%<\/em><em>&#8211; Jonathan Umana<\/em><\/p>\t\t\n\t\t\t<p><em>Me gusto bastante la la consulta con la abogada muy satisfecho Gracias Margarita morales y la abogada Nefertiti\ud83d\ude4f<\/em><\/p>\n<p><em>&#8211; David Perez<\/em><\/p>\n\t\t\t<p><em>Muy lindo la consulta la aboga muy linda y muy buena atenci\u00f3n y la consulta gratis muy linda atenci\u00f3n<\/em><\/p>\n<p><em>&#8211; Edith Machado<\/em><\/p>\n\t<h2>Nuestra Filosof\u00eda<\/h2>\n<p>En Motion Law LLC consideramos a nuestros clientes como nuestra prioridad n\u00famero uno. Ya sea una persona o una empresa, cada cliente es igualmente importante para nosotros y merece el mejor asesoramiento de inmigraci\u00f3n y el servicio disponible en cualquier lugar en el \u00e1rea de DMV.<\/p>\n<p>Nuestro enfoque nunca se desv\u00eda de la entrega del resultado correcto para su caso y nuestro enfoque es muy diferente a otros bufetes de abogados que usted puede haber experimentado. Con servicios que est\u00e1n totalmente adaptados a sus necesidades y no las nuestras, los abogados altamente cualificados de Motion Law est\u00e1n completamente alejados de las distracciones del d\u00eda a d\u00eda de la gesti\u00f3n de un negocio para que puedan dedicarse totalmente a la soluci\u00f3n de sus necesidades legales &#8211; seis d\u00edas de la semana. Ofreci\u00e9ndole servicios legales corporativos o personales de alto valor con un compromiso del 100% con su caso, los abogados de Motion Law poseen los conjuntos de habilidades y la competencia t\u00e9cnica para garantizar que nuestro experimentado equipo entregue resultados oportunos por delante de sus expectativas.<\/p>\n\t<h2>\u00bfPor Qu\u00e9 Motion Law?<\/h2>\n<p>Como nuestro nombre podr\u00eda sugerir, somos una nueva clase de bufete de abogados de inmigraci\u00f3n; nuestro negocio no se trata de nuestros abogados o cualquier individuo en el equipo, se trata de usted. <\/p>\n<p>Desde su primer contacto con nosotros hasta la conclusi\u00f3n exitosa de su proceso legal, ya sea derecho de familia o inmigraci\u00f3n, le mantendremos informado a trav\u00e9s de cada etapa de su caso. Utilizando la tecnolog\u00eda m\u00e1s avanzada, nos aseguraremos de que sepa exactamente c\u00f3mo avanza su caso. Nuestro equipo de atenci\u00f3n al cliente tambi\u00e9n estar\u00e1 a su disposici\u00f3n de lunes a s\u00e1bado a trav\u00e9s de nuestra l\u00ednea telef\u00f3nica dedicada al cliente, por lo que siempre podr\u00e1 encontrar las respuestas que desea. No s\u00f3lo intentaremos mantenerle informado en todo momento, sino que nos aseguraremos de que lo est\u00e9.<\/p>\nPonga su caso en marcha con nosotros hoy &#8230;<br \/>\n[\u00abMotion\u00bb &#8211; Movimiento: definici\u00f3n] \u00abun acto, proceso de movimiento, instancia de cambio de posici\u00f3n: movimiento\u00bb<br \/>\n\n\t<em>\u00abRealmente amo lo que hago. Mi trabajo es gratificante y considero que nuestros clientes como familia.\u00bb<br \/>\n<\/em>\n<p>&nbsp;<\/p>\n<h5>\u2015 Claire Esquivel, Gerente Atenci\u00f3n Al Cliente<br \/>\n<\/h5>\n\t<h2>Nuestro Blog<\/h2>\nInmigraci\u00f3n est\u00e1 cambiando con frecuencia. Aqu\u00ed en Motion Law nos gusta mantener a nuestros clientes actualizados con las \u00faltimas noticias sobre inmigraci\u00f3n local y nacional, informarle sobre los cambios dentro de nuestra firma y compartir informaci\u00f3n \u00fatil relacionada con sus necesidades de inmigraci\u00f3n.<br \/>\n\n\t\t\t\t<img decoding=\"async\" src=\"https:\/\/www.motionlaw.com\/wp-content\/uploads\/Motion-Law-Washington-DC.png\" alt=\"Motion Law Washington DC\" itemprop=\"image\" height=\"311\" width=\"900\" title=\"Motion Law Washington DC\" onerror=\"this.style.display='none'\" loading=\"lazy\" \/>\n\t1050 Connecticut Ave NW, Suite 500<br \/>\n Washington, DC 20036<br \/>\n info@motionlaw.com<br \/>\n Tel: (202) 918-1799\n<p>Horarios: 8:00 AM &#8211; 6:00 PM Lun &#8211; Sab<\/p>\n<p>Pago: todas las principales tarjetas de cr\u00e9dito, efectivo, cheque, giros postales, cheque de caja<\/p>\n\t\t\t<a href=\"https:\/\/motionlaw.com\/es\/contactenos\/\" target=\"_self\">\n\t\t\t\t\t\t\tPrograme Una Consulta GRATUITA\n\t\t\t\t\t<\/a>\n\n","protected":false},"excerpt":{"rendered":"<p>Somos Sus Abogados de Inmigraci\u00f3n en DC Estamos aqu\u00ed para facilitar su experiencia de inmigraci\u00f3n. Cont\u00e1ctenos Hoy Un Equipo en Derecho de Familia que se Preocupa Nuestros abogados de familia y personal de apoyo est\u00e1n comprometidos a ayudarle a satisfacer sus necesidades. Aprende M\u00e1s Nuestro Equipo Est\u00e1 Aqu\u00ed Para Servirle Nuestros expertos abogados de inmigraci\u00f3n&hellip;<\/p>\n","protected":false},"author":13,"featured_media":27807,"parent":0,"menu_order":0,"comment_status":"closed","ping_status":"closed","template":"","meta":{"_monsterinsights_skip_tracking":false,"_monsterinsights_sitenote_active":false,"_monsterinsights_sitenote_note":"","_monsterinsights_sitenote_category":0,"footnotes":""},"yst_prominent_words":[1540,900,770,749,838,1225,1166,1168,1441,832,923],"class_list":["post-349","page","type-page","status-publish","has-post-thumbnail","hentry"],"jetpack_shortlink":"https:\/\/wp.me\/P93TlB-5D","jetpack_sharing_enabled":true,"_links":{"self":[{"href":"https:\/\/www.motionlaw.com\/es\/wp-json\/wp\/v2\/pages\/349","targetHints":{"allow":["GET"]}}],"collection":[{"href":"https:\/\/www.motionlaw.com\/es\/wp-json\/wp\/v2\/pages"}],"about":[{"href":"https:\/\/www.motionlaw.com\/es\/wp-json\/wp\/v2\/types\/page"}],"author":[{"embeddable":true,"href":"https:\/\/www.motionlaw.com\/es\/wp-json\/wp\/v2\/users\/13"}],"replies":[{"embeddable":true,"href":"https:\/\/www.motionlaw.com\/es\/wp-json\/wp\/v2\/comments?post=349"}],"version-history":[{"count":11,"href":"https:\/\/www.motionlaw.com\/es\/wp-json\/wp\/v2\/pages\/349\/revisions"}],"predecessor-version":[{"id":28775,"href":"https:\/\/www.motionlaw.com\/es\/wp-json\/wp\/v2\/pages\/349\/revisions\/28775"}],"wp:featuredmedia":[{"embeddable":true,"href":"https:\/\/www.motionlaw.com\/es\/wp-json\/wp\/v2\/media\/27807"}],"wp:attachment":[{"href":"https:\/\/www.motionlaw.com\/es\/wp-json\/wp\/v2\/media?parent=349"}],"wp:term":[{"taxonomy":"yst_prominent_words","embeddable":true,"href":"https:\/\/www.motionlaw.com\/es\/wp-json\/wp\/v2\/yst_prominent_words?post=349"}],"curies":[{"name":"wp","href":"https:\/\/api.w.org\/{rel}","templated":true}]}}