{"id":28375,"date":"2024-10-08T06:08:57","date_gmt":"2024-10-08T10:08:57","guid":{"rendered":"https:\/\/www.motionlaw.com\/ley-familiar-areas-de-practica\/child-support-lawyers\/"},"modified":"2025-03-14T10:49:14","modified_gmt":"2025-03-14T14:49:14","slug":"abogados-de-apoyo-infantil","status":"publish","type":"page","link":"https:\/\/www.motionlaw.com\/es\/ley-familiar-areas-de-practica\/abogados-de-apoyo-infantil\/","title":{"rendered":"Abogados De Apoyo Infantil Maryland y DC"},"content":{"rendered":"\r\n\r\n<h1>\r\n\t\tAbogados de Manutenci\u00f3n Infantil en Maryland y DC\r\n\t<\/h1>\r\n\t<p>Nuestros experimentados abogados de familia est\u00e1n a su disposici\u00f3n para asesorarle sobre c\u00f3mo conseguir la ayuda econ\u00f3mica que su hijo necesita. Obtenga ayuda legal hoy mismo.<\/p>\r\n\t<h3><img loading=\"lazy\" decoding=\"async\" src=\"https:\/\/www.motionlaw.com\/wp-content\/uploads\/Child-Support-Attorney-Washington-DC-.jpg\" alt=\"DC Child Support Lawyers\" width=\"500\" height=\"333\" \/>Sus Abogados de Manutenci\u00f3n Infantil para Maryland, DC<\/h3>\r\n<p>Los abogados de familia de Motion Law se dedican a ayudar a los padres a entender y manejar las complejidades de las cuestiones relacionadas con los casos de manutenci\u00f3n infantil en Maryland y el Distrito de Columbia. Si usted est\u00e1 involucrado en un divorcio, separaci\u00f3n, o la b\u00fasqueda de apoyo a trav\u00e9s de procedimientos de paternidad, estamos aqu\u00ed para asegurar que usted y los derechos de su hijo est\u00e1n protegidos. Reconocemos el estr\u00e9s y la carga emocional que pueden causar las disputas por la manutenci\u00f3n infantil. Nuestra misi\u00f3n es proporcionarle el apoyo legal necesario para asegurar un acuerdo justo de manutenci\u00f3n infantil que satisfaga las necesidades de su hijo y apoye sus objetivos como padre. En Motion Law, nuestra prioridad es abogar por la seguridad financiera y el bienestar de los ni\u00f1os, y nuestro equipo legal se compromete a luchar por los mejores intereses de su familia.<\/p>\r\n<p>Tanto en Maryland como en Washington, DC, ambos progenitores son responsables de contribuir a la manutenci\u00f3n econ\u00f3mica de sus hijos, independientemente de su estado civil. La manutenci\u00f3n infantil garantiza que se cubran los gastos de manutenci\u00f3n, atenci\u00f3n sanitaria y educaci\u00f3n de los hijos. Esta obligaci\u00f3n a veces puede verse enturbiada por diversas situaciones, incluso durante y despu\u00e9s de un proceso de divorcio o cuando se solicita la manutenci\u00f3n infantil de un progenitor ausente.<\/p>\r\n<h3>Factores que Influyen en la Determinaci\u00f3n de la Manutenci\u00f3n Infantil en Maryland<\/h3>\r\n<p>La manutenci\u00f3n infantil en Maryland se determina en funci\u00f3n de los ingresos de ambos progenitores y de las necesidades del ni\u00f1o. Los tribunales de Maryland utilizan las Pautas de Manutenci\u00f3n Infantil para calcular la manutenci\u00f3n infantil, los factores incluidos son: <\/p>\r\n<ul>\r\n<li>Ingresos brutos y potencial de ingresos de ambos progenitores<\/li>\r\n<li>R\u00e9gimen de custodia<\/li>\r\n<li>N\u00famero de hijos<\/li>\r\n<li>Gastos de seguro m\u00e9dico<\/li>\r\n<li>Otros gastos extraordinarios de atenci\u00f3n m\u00e9dica<\/li>\r\n<li>Gastos de guarder\u00eda relacionados con el trabajo<\/li>\r\n<li>Ingresos imputados<\/li>\r\n<li>Desviaciones de las directrices<\/li>\r\n<\/ul>\r\n<p>Tanto en Maryland como en Washington, DC, las decisiones sobre custodia de menores se basan en el criterio del \u00abinter\u00e9s superior del menor\u00bb. Este principio rector garantiza que los tribunales den prioridad al bienestar del menor a la hora de tomar decisiones sobre la custodia y el r\u00e9gimen de visitas. La custodia suele dividirse en dos categor\u00edas principales: custodia legal y custodia f\u00edsica. Los tribunales de Maryland y DC pueden considerar desviaciones de las directrices basadas en factores tales como las diferencias de ingresos de los padres, o el nivel de vida anterior del ni\u00f1o antes de una separaci\u00f3n o divorcio.<\/p>\r\n<h3>Factores que Influyen en la Determinaci\u00f3n de la Manutenci\u00f3n Infantil en DC<\/h3>\r\n<p>La manutenci\u00f3n infantil en Washington, DC, se determina en funci\u00f3n de los ingresos de ambos progenitores y de las necesidades del menor. El tribunal considera varios factores, incluyendo:<\/p>\r\n<ul>\r\n<li>Los ingresos y el potencial de ingresos de cada progenitor<\/li>\r\n<li>Condiciones de vida del ni\u00f1o<\/li>\r\n<li>Costes sanitarios y educativos<\/li>\r\n<li>Gastos de guarder\u00eda<\/li>\r\n<li>Necesidades especiales del hijo<\/li>\r\n<li>Ingresos imputados<\/li>\r\n<\/ul>\r\n<h3>\u00bfPor Qu\u00e9 Elegir Motion Law para Su Caso de Manutenci\u00f3n Infantil?<\/h3>\r\n<p>Los abogados de derecho de familia en Motion Law est\u00e1n dedicados a garantizar que se satisfagan las necesidades financieras de su hijo a trav\u00e9s de acuerdos de apoyo adecuados. P\u00f3ngase en contacto con Motion Law hoy para una consulta y perm\u00edtanos ayudarle a asegurar el apoyo financiero que su hijo merece.<\/p>\r\n\t<h2>\u00bfNecesita la ayuda de un abogado especializado en manutenci\u00f3n infantil?<\/h2>\r\nP\u00f3ngase en contacto con Motion Law hoy mismo. Hemos ayudado a muchas personas en la misma situaci\u00f3n que usted. Llame Ahora al: (202) 918-1012 para programar su consulta de Derecho de Familia.<br \/>\r\n\r\n\t\t\t<a href=\"https:\/\/www.motionlaw.com\/contact-us-family\/\" target=\"_self\">\r\n\t\t\t\t\t\t\tCont\u00e1ctenos\r\n\t\t\t\t\t<\/a>\r\n\t<h2>Preguntas Frecuentes<\/h2>\r\n\t\t\t\t\t<a href=\"#\" id=\"fl-accordion--label-0\" tabindex=\"0\" aria-controls=\"fl-accordion--panel-0\">\u00bfC\u00f3mo se calcula la manutenci\u00f3n infantil en Maryland y Washington, DC?<\/a>\r\n\t\t\t\t\t\t\t\t\t\t\t<a href=\"#\" id=\"fl-accordion--icon-0\" tabindex=\"-1\"><i title=\"Expand\">Expand<\/i><\/a>\r\n\t\t\t\t\t<p>Tanto Maryland como Washington, DC, tienen sus propias Directrices de Manutenci\u00f3n Infantil que proporcionan f\u00f3rmulas para calcular la cantidad de manutenci\u00f3n infantil a pagar. En Maryland, cuando se aplica la custodia compartida (cuando el menor pasa 128 o m\u00e1s noches al a\u00f1o con cada progenitor \/alrededor del 35% del tiempo), se utiliza una f\u00f3rmula de custodia compartida para ajustar la cuant\u00eda de la manutenci\u00f3n infantil que paga cada progenitor. En DC, pueden producirse desviaciones de las directrices si existen circunstancias especiales, como personas con ingresos elevados, ni\u00f1os con necesidades extraordinarias o casos en los que uno de los progenitores est\u00e1 intencionadamente subempleado.<\/p>\r\n\t\t\t\t\t<a href=\"#\" id=\"fl-accordion--label-1\" tabindex=\"0\" aria-controls=\"fl-accordion--panel-1\">\u00bfCu\u00e1ndo se puede volver a calcular la manutenci\u00f3n infantil en Maryland y DC?<\/a>\r\n\t\t\t\t\t\t\t\t\t\t\t<a href=\"#\" id=\"fl-accordion--icon-1\" tabindex=\"-1\"><i title=\"Expand\">Expand<\/i><\/a>\r\n\t\t\t\t\t<p>Cada 3 a\u00f1os o si se produce un cambio sustancial en las circunstancias, como un cambio en los ingresos de los progenitores.<\/p>\r\n\t\t\t\t\t<a href=\"#\" id=\"fl-accordion--label-2\" tabindex=\"0\" aria-controls=\"fl-accordion--panel-2\">\u00bfQu\u00e9 cubre la manutenci\u00f3n infantil en Maryland y DC?<\/a>\r\n\t\t\t\t\t\t\t\t\t\t\t<a href=\"#\" id=\"fl-accordion--icon-2\" tabindex=\"-1\"><i title=\"Expand\">Expand<\/i><\/a>\r\n\t\t\t\t\t<p>La manutenci\u00f3n infantil en Maryland y el Distrito de Columbia est\u00e1 destinada principalmente a cubrir las necesidades b\u00e1sicas de los hijos, como vivienda, alimentaci\u00f3n, ropa, atenci\u00f3n sanitaria y educaci\u00f3n.<\/p>\r\n\t\t\t\t\t<a href=\"#\" id=\"fl-accordion--label-3\" tabindex=\"0\" aria-controls=\"fl-accordion--panel-3\">Si un tribunal concede una modificaci\u00f3n, \u00bfen qu\u00e9 fecha entra en vigor?<\/a>\r\n\t\t\t\t\t\t\t\t\t\t\t<a href=\"#\" id=\"fl-accordion--icon-3\" tabindex=\"-1\"><i title=\"Expand\">Expand<\/i><\/a>\r\n\t\t\t\t\t<p>El juez puede modificar la orden manutenci\u00f3n hasta la fecha en que se present\u00f3 la solicitud de modificaci\u00f3n.<\/p>\r\n\t\t\t\t<img loading=\"lazy\" decoding=\"async\" src=\"https:\/\/www.motionlaw.com\/wp-content\/uploads\/Motion-Law-Washington-DC.png\" alt=\"Motion Law Washington DC\" itemprop=\"image\" height=\"311\" width=\"900\" title=\"Motion Law Washington DC\" onerror=\"this.style.display='none'\"  \/>\r\n\tMotion Law LLC<br \/>\r\n 1201 Connecticut Ave NW, Suite 200E<br \/>\r\n Washington, DC 20036<br \/>\r\n info@motionlaw.com<br \/>\r\n Tel: (202) 918-1799\r\n<p>Horarios: 8:00 AM &#8211; 6:00 PM, Lun &#8211; Sab<\/p>\r\n<p>Pago: todas las principales tarjetas de cr\u00e9dito, efectivo, cheque, giros postales, cheque de caja<\/p>\r\n\t\t\t<a href=\"https:\/\/motionlaw.com\/es\/contactenos\/\" target=\"_self\">\r\n\t\t\t\t\t\t\tPrograme Una Consulta GRATUITA\r\n\t\t\t\t\t<\/a>\r\n\r\n","protected":false},"excerpt":{"rendered":"<p>Abogados de Manutenci\u00f3n Infantil en Maryland y DC Nuestros experimentados abogados de familia est\u00e1n a su disposici\u00f3n para asesorarle sobre c\u00f3mo conseguir la ayuda econ\u00f3mica que su hijo necesita. Obtenga ayuda legal hoy mismo. Sus Abogados de Manutenci\u00f3n Infantil para Maryland, DC Los abogados de familia de Motion Law se dedican a ayudar a los&hellip;<\/p>\n","protected":false},"author":13,"featured_media":27920,"parent":28324,"menu_order":0,"comment_status":"closed","ping_status":"closed","template":"","meta":{"_monsterinsights_skip_tracking":false,"_monsterinsights_sitenote_active":false,"_monsterinsights_sitenote_note":"","_monsterinsights_sitenote_category":0,"footnotes":""},"yst_prominent_words":[],"class_list":["post-28375","page","type-page","status-publish","has-post-thumbnail","hentry"],"jetpack_shortlink":"https:\/\/wp.me\/P93TlB-7nF","jetpack_sharing_enabled":true,"_links":{"self":[{"href":"https:\/\/www.motionlaw.com\/es\/wp-json\/wp\/v2\/pages\/28375","targetHints":{"allow":["GET"]}}],"collection":[{"href":"https:\/\/www.motionlaw.com\/es\/wp-json\/wp\/v2\/pages"}],"about":[{"href":"https:\/\/www.motionlaw.com\/es\/wp-json\/wp\/v2\/types\/page"}],"author":[{"embeddable":true,"href":"https:\/\/www.motionlaw.com\/es\/wp-json\/wp\/v2\/users\/13"}],"replies":[{"embeddable":true,"href":"https:\/\/www.motionlaw.com\/es\/wp-json\/wp\/v2\/comments?post=28375"}],"version-history":[{"count":9,"href":"https:\/\/www.motionlaw.com\/es\/wp-json\/wp\/v2\/pages\/28375\/revisions"}],"predecessor-version":[{"id":28434,"href":"https:\/\/www.motionlaw.com\/es\/wp-json\/wp\/v2\/pages\/28375\/revisions\/28434"}],"up":[{"embeddable":true,"href":"https:\/\/www.motionlaw.com\/es\/wp-json\/wp\/v2\/pages\/28324"}],"wp:featuredmedia":[{"embeddable":true,"href":"https:\/\/www.motionlaw.com\/es\/wp-json\/wp\/v2\/media\/27920"}],"wp:attachment":[{"href":"https:\/\/www.motionlaw.com\/es\/wp-json\/wp\/v2\/media?parent=28375"}],"wp:term":[{"taxonomy":"yst_prominent_words","embeddable":true,"href":"https:\/\/www.motionlaw.com\/es\/wp-json\/wp\/v2\/yst_prominent_words?post=28375"}],"curies":[{"name":"wp","href":"https:\/\/api.w.org\/{rel}","templated":true}]}}