{"id":28347,"date":"2024-10-08T06:09:37","date_gmt":"2024-10-08T10:09:37","guid":{"rendered":"https:\/\/www.motionlaw.com\/ley-familiar-areas-de-practica\/child-custody-lawyers\/"},"modified":"2025-03-10T13:21:16","modified_gmt":"2025-03-10T17:21:16","slug":"abogados-de-custodia-infantil","status":"publish","type":"page","link":"https:\/\/www.motionlaw.com\/es\/ley-familiar-areas-de-practica\/abogados-de-custodia-infantil\/","title":{"rendered":"Abogados De Custodia Infantil Maryland y DC"},"content":{"rendered":"\n\n<h1>\n\t\tABOGADOS DE CUSTODIA INFANTIL MARYLAND Y DC \n\t<\/h1>\n\t<p>Nuestros experimentados abogados de familia est\u00e1n aqu\u00ed para ayudarle a navegar por sus necesidades de custodia infantil. Busque asesoramiento legal profesional hoy mismo.<\/p>\n\t<h3><img loading=\"lazy\" decoding=\"async\" src=\"https:\/\/www.motionlaw.com\/wp-content\/uploads\/Child-Custody-Lawyer-Washington-DC.jpg\" alt=\"DC Custody Attorneys\" width=\"500\" height=\"333\" \/>Sus Abogados de Custodia Infantil para Maryland, DC<\/h3>\n<p>Las disputas por la custodia infantil son a menudo los aspectos m\u00e1s dif\u00edciles de un divorcio, ya que ambos padres se centran en asegurar lo que es mejor para sus hijos, pero tambi\u00e9n pueden tener diferentes puntos de vista sobre lo que esto significa. Dado el peso emocional de estas decisiones y su impacto duradero en el futuro de sus hijos, es vital abordar los asuntos de custodia infantil con el apoyo de profesionales jur\u00eddicos experimentados. En algunos casos, las negociaciones amistosas entre los padres pueden conducir a acuerdos exitosos de co-paternidad, sin embargo, en situaciones m\u00e1s complejas, como los casos de alienaci\u00f3n parental o cuando uno de los padres trata de dominar el tiempo de un ni\u00f1o, es crucial tener una estrategia legal bien pensada. Llame hoy mismo a Motion Law.<\/p>\n<p>&nbsp;<\/p>\n<p>El equipo de custodia infantil de Motion Law tiene la experiencia y la comprensi\u00f3n necesarias para manejar incluso las disputas de custodia m\u00e1s dif\u00edciles. Nuestros abogados mantendr\u00e1n el bienestar de sus hijos como el enfoque principal, mientras que permanecen comprometidos a ayudarle a lograr un acuerdo de custodia estable y seguro; ya sea a trav\u00e9s de \u00f3rdenes de custodia temporal durante el proceso de divorcio o a trav\u00e9s de modificaciones posteriores al divorcio.<\/p>\n<h3>Comprendiendo la Custodia Infantil en Maryland y DC<\/h3>\n<p>Tanto en Maryland como en Washington, DC, las decisiones sobre custodia infantil se basan en el criterio del \u00abinter\u00e9s superior del menor\u00bb. Este principio rector garantiza que el tribunal d\u00e9 prioridad al bienestar del menor a la hora de tomar decisiones sobre la custodia y el r\u00e9gimen de visitas. La custodia suele dividirse en dos categor\u00edas principales: custodia legal y custodia f\u00edsica.<\/p>\n<ul>\n<li data-leveltext=\"\u00b7\" data-font=\"Symbol\" data-listid=\"13\" data-list-defn-props=\"{&quot;335552541&quot;:1,&quot;335559685&quot;:720,&quot;335559991&quot;:360,&quot;469769226&quot;:&quot;Symbol&quot;,&quot;469769242&quot;:[8226],&quot;469777803&quot;:&quot;left&quot;,&quot;469777804&quot;:&quot;\u00b7&quot;,&quot;469777815&quot;:&quot;hybridMultilevel&quot;}\" aria-setsize=\"-1\" data-aria-posinset=\"1\" data-aria-level=\"1\"><b>La custodia legal<\/b> implica el derecho de uno o ambos progenitores a tomar decisiones importantes sobre la vida del menor, incluidos los asuntos relacionados con la salud, la educaci\u00f3n y el bienestar general.\u00a0<\/li>\n<li><strong>La custodia f\u00edsica<\/strong> se refiere al lugar donde vivir\u00e1 principalmente el menor y a los cuidados diarios que recibe.<\/li>\n<\/ul>\n<p>La mayor\u00eda de los padres comparten la custodia legal, lo que significa que participan por igual en la toma de decisiones importantes sobre la educaci\u00f3n de sus hijos. Sin embargo, los acuerdos de custodia f\u00edsica pueden variar en funci\u00f3n de las circunstancias espec\u00edficas de cada caso. Las configuraciones comunes de custodia f\u00edsica incluyen:<\/p>\n<ul>\n<li><strong>Custodia f\u00edsica exclusiva:<\/strong> El menor vive principalmente con uno de los progenitores, y el otro puede tener derecho de visita.<\/li>\n<li><b>Custodia compartida:<\/b> El menor vive y pasa alg\u00fan tiempo con ambos progenitores.\u00a0<\/li>\n<\/ul>\n\t<h2>\u00bfNecesita la ayuda de un abogado especializado en custodia infantil?<\/h2>\n<p>No dude en ponerse en contacto con Motion Law. Hemos ayudado a muchas personas en la misma situaci\u00f3n que usted. Cont\u00e1ctenos hoy al (202) 918-1012 para programar su consulta de Derecho de Familia.<\/p>\n\t\t\t<a href=\"https:\/\/www.motionlaw.com\/es\/contactenos-derecho-de-familia\/\" target=\"_self\">\n\t\t\t\t\t\t\tCont\u00e1ctenos\n\t\t\t\t\t<\/a>\n\t<h2>Preguntas Frecuentes<\/h2>\n\t\t\t\t\t<a href=\"#\" id=\"fl-accordion--label-0\" tabindex=\"0\" aria-controls=\"fl-accordion--panel-0\">\u00bfQui\u00e9n puede solicitar la custodia de un hijo?<\/a>\n\t\t\t\t\t\t\t\t\t\t\t<a href=\"#\" id=\"fl-accordion--icon-0\" tabindex=\"-1\"><i title=\"Expand\">Expand<\/i><\/a>\n\t\t\t\t\t<p>Cualquiera de los progenitores puede solicitar la custodia. En algunos casos, tambi\u00e9n pueden solicitarla terceros, como los abuelos.<\/p>\n\t\t\t\t\t<a href=\"#\" id=\"fl-accordion--label-1\" tabindex=\"0\" aria-controls=\"fl-accordion--panel-1\">\u00bfEs probable que se conceda la custodia exclusiva a uno de los progenitores?<\/a>\n\t\t\t\t\t\t\t\t\t\t\t<a href=\"#\" id=\"fl-accordion--icon-1\" tabindex=\"-1\"><i title=\"Expand\">Expand<\/i><\/a>\n\t\t\t\t\t<p>En la mayor\u00eda de los casos, se concede a los padres la custodia compartida. En DC, existe una presunci\u00f3n refutable de que la custodia compartida responde al inter\u00e9s superior del menor. No ocurre lo mismo en Maryland, donde cada caso se determina \u00fanicamente en funci\u00f3n de lo que se considere m\u00e1s conveniente para el menor.<\/p>\n\t\t\t\t\t<a href=\"#\" id=\"fl-accordion--label-2\" tabindex=\"0\" aria-controls=\"fl-accordion--panel-2\">\u00bfCu\u00e1ndo se puede solicitar la custodia por urgencia de un hijo?<\/a>\n\t\t\t\t\t\t\t\t\t\t\t<a href=\"#\" id=\"fl-accordion--icon-2\" tabindex=\"-1\"><i title=\"Expand\">Expand<\/i><\/a>\n\t\t\t\t\t<p>Cuando sea necesario en caso de emergencia para proteger a un ni\u00f1o que est\u00e9 sometido o amenazado de malos tratos o abusos.<\/p>\n\t\t\t\t\t<a href=\"#\" id=\"fl-accordion--label-3\" tabindex=\"0\" aria-controls=\"fl-accordion--panel-3\">\u00bfPuede modificarse una orden de custodia permanente? <\/a>\n\t\t\t\t\t\t\t\t\t\t\t<a href=\"#\" id=\"fl-accordion--icon-3\" tabindex=\"-1\"><i title=\"Expand\">Expand<\/i><\/a>\n\t\t\t\t\t<p>S\u00ed, puede modificarse por acuerdo de las partes o si uno de los progenitores presenta una Moci\u00f3n para modificar la custodia ante el tribunal. De nuevo, tanto en Maryland como en DC, cualquier modificaci\u00f3n debe servir al inter\u00e9s superior del menor.<\/p>\n\t\t\t\t<img loading=\"lazy\" decoding=\"async\" src=\"https:\/\/www.motionlaw.com\/wp-content\/uploads\/Motion-Law-Washington-DC.png\" alt=\"Motion Law Washington DC\" itemprop=\"image\" height=\"311\" width=\"900\" title=\"Motion Law Washington DC\" onerror=\"this.style.display='none'\"  \/>\n\tMotion Law LLC<br \/>\n 1201 Connecticut Ave NW, Suite 200E<br \/>\n Washington, DC 20036<br \/>\n info@motionlaw.com<br \/>\n Tel: (202) 918-1799\n<p>Horarios: 8:00 AM &#8211; 6:00 PM, Lun &#8211; Sab<\/p>\n<p>Pago: todas las principales tarjetas de cr\u00e9dito, efectivo, cheque, giros postales, cheque de caja<\/p>\n\t\t\t<a href=\"https:\/\/motionlaw.com\/es\/contactenos\/\" target=\"_self\">\n\t\t\t\t\t\t\tPrograme Una Consulta GRATUITA\n\t\t\t\t\t<\/a>\n\n","protected":false},"excerpt":{"rendered":"<p>ABOGADOS DE CUSTODIA INFANTIL MARYLAND Y DC Nuestros experimentados abogados de familia est\u00e1n aqu\u00ed para ayudarle a navegar por sus necesidades de custodia infantil. Busque asesoramiento legal profesional hoy mismo. Sus Abogados de Custodia Infantil para Maryland, DC Las disputas por la custodia infantil son a menudo los aspectos m\u00e1s dif\u00edciles de un divorcio, ya&hellip;<\/p>\n","protected":false},"author":13,"featured_media":27918,"parent":28324,"menu_order":0,"comment_status":"closed","ping_status":"closed","template":"","meta":{"_monsterinsights_skip_tracking":false,"_monsterinsights_sitenote_active":false,"_monsterinsights_sitenote_note":"","_monsterinsights_sitenote_category":0,"footnotes":""},"yst_prominent_words":[1588,1689,3397],"class_list":["post-28347","page","type-page","status-publish","has-post-thumbnail","hentry"],"jetpack_shortlink":"https:\/\/wp.me\/P93TlB-7nd","jetpack_sharing_enabled":true,"_links":{"self":[{"href":"https:\/\/www.motionlaw.com\/es\/wp-json\/wp\/v2\/pages\/28347","targetHints":{"allow":["GET"]}}],"collection":[{"href":"https:\/\/www.motionlaw.com\/es\/wp-json\/wp\/v2\/pages"}],"about":[{"href":"https:\/\/www.motionlaw.com\/es\/wp-json\/wp\/v2\/types\/page"}],"author":[{"embeddable":true,"href":"https:\/\/www.motionlaw.com\/es\/wp-json\/wp\/v2\/users\/13"}],"replies":[{"embeddable":true,"href":"https:\/\/www.motionlaw.com\/es\/wp-json\/wp\/v2\/comments?post=28347"}],"version-history":[{"count":6,"href":"https:\/\/www.motionlaw.com\/es\/wp-json\/wp\/v2\/pages\/28347\/revisions"}],"predecessor-version":[{"id":28412,"href":"https:\/\/www.motionlaw.com\/es\/wp-json\/wp\/v2\/pages\/28347\/revisions\/28412"}],"up":[{"embeddable":true,"href":"https:\/\/www.motionlaw.com\/es\/wp-json\/wp\/v2\/pages\/28324"}],"wp:featuredmedia":[{"embeddable":true,"href":"https:\/\/www.motionlaw.com\/es\/wp-json\/wp\/v2\/media\/27918"}],"wp:attachment":[{"href":"https:\/\/www.motionlaw.com\/es\/wp-json\/wp\/v2\/media?parent=28347"}],"wp:term":[{"taxonomy":"yst_prominent_words","embeddable":true,"href":"https:\/\/www.motionlaw.com\/es\/wp-json\/wp\/v2\/yst_prominent_words?post=28347"}],"curies":[{"name":"wp","href":"https:\/\/api.w.org\/{rel}","templated":true}]}}