{"id":28339,"date":"2024-10-08T06:10:15","date_gmt":"2024-10-08T10:10:15","guid":{"rendered":"https:\/\/www.motionlaw.com\/ley-familiar-areas-de-practica\/divorce-lawyers\/"},"modified":"2025-03-10T13:18:54","modified_gmt":"2025-03-10T17:18:54","slug":"abogados-de-divorcio","status":"publish","type":"page","link":"https:\/\/www.motionlaw.com\/es\/ley-familiar-areas-de-practica\/abogados-de-divorcio\/","title":{"rendered":"Abogados de Divorcio, Maryland y Washington DC"},"content":{"rendered":"\n\n<h1>\n\t\tABOGADOS DE DIVORCIO EN MARYLAND Y DC\n\t<\/h1>\n\t<p>Nuestros experimentados abogados de familia est\u00e1n aqu\u00ed para ayudarle a navegar por sus necesidades de divorcio, por simple o complejo que sea.<\/p>\n\t<p><img loading=\"lazy\" decoding=\"async\" src=\"https:\/\/www.motionlaw.com\/wp-content\/uploads\/Divorce-Lawyer-Washington-DC.jpg\" alt=\"DC Divorce Attorney\" width=\"500\" height=\"333\" \/><\/p>\n<h3>Sus Abogados de Divorcio para Maryland y DC<\/h3>\n<p>Vivir un divorcio suele ser un proceso emocionalmente dif\u00edcil y complejo que nadie puede prever por completo. Con el futuro de su familia en juego, las decisiones que tome pueden tener un impacto duradero. Ya sea que est\u00e9 atravesando un divorcio de mutuo acuerdo, buscando una resoluci\u00f3n mutuamente aceptable, o envuelto en un divorcio contencioso en el que usted y su c\u00f3nyuge no est\u00e1n de acuerdo en varios temas clave, es esencial contar con apoyo legal con experiencia de su lado. Desde asuntos financieros hasta la custodia infantil, el proceso de divorcio puede ser abrumador, pero con la orientaci\u00f3n adecuada de Motion Law puede encontrar el mejor camino a seguir. En Motion Law, entendemos las complejidades de las leyes de divorcio en Maryland y en el Distrito de Columbia, y estamos comprometidos a ayudarle a alcanzar el resultado deseado.<\/p>\n<p>Nuestros abogados de divorcio tienen experiencia en el manejo de casos de divorcio complejos, ya sea que involucren a personas de alto patrimonio neto, propietarios de negocios, o si usted es un padre que simplemente busca acuerdos de custodia justos y equitativos. Nos enorgullecemos de ofrecer soluciones personalizadas que abordan las necesidades espec\u00edficas de cada cliente, asegurando que su caso se maneja con la atenci\u00f3n \u00fanica que se merece.<\/p>\n<p>Ofrecemos asistencia legal en \u00e1reas clave, incluyendo:<\/p>\n<ul>\n<li>Custodia infantil y r\u00e9gimen de visitas<\/li>\n<li>Manutenci\u00f3n y apoyo conyugal<\/li>\n<li>Divisi\u00f3n de bienes y activos<\/li>\n<li>Manutenci\u00f3n infantil<\/li>\n<li>Acuerdos prenupciales y postnupciales<\/li>\n<\/ul>\n<p>Nuestra pr\u00e1ctica se basa en la compasi\u00f3n y una profunda comprensi\u00f3n de la din\u00e1mica familiar. Estamos aqu\u00ed no s\u00f3lo para proporcionar defensa legal progresiva, sino tambi\u00e9n para apoyarle emocionalmente mientras navega por las complejidades del divorcio en Maryland o DC.<\/p>\n<h3>\u00bfPor qu\u00e9 elegir Motion Law?<\/h3>\n<p>El divorcio puede ser una de las transiciones m\u00e1s dif\u00edciles de su vida. Con experiencia en derecho de familia, nuestros abogados est\u00e1n bien equipados para manejar las disputas de divorcio m\u00e1s dif\u00edciles mientras se esfuerzan por obtener el mejor resultado para usted y su familia. Entendemos que no hay dos casos iguales, por lo que ofrecemos estrategias adaptadas a sus circunstancias espec\u00edficas. Ya sea a trav\u00e9s de la negociaci\u00f3n, mediaci\u00f3n o litigio, trabajaremos incansablemente para proteger sus derechos y asegurar su futuro.<\/p>\n<h3>Cont\u00e1ctenos hoy para una consulta confidencial<\/h3>\n<p>\u00bfTe enfrentas a un divorcio? No atraviese el proceso solo. P\u00f3ngase en contacto con Motion Law hoy para programar una consulta confidencial con uno de nuestros abogados de divorcio con experiencia. Estamos aqu\u00ed para responder a sus preguntas, explicar sus derechos, y ayudarle a dar los siguientes pasos hacia un nuevo comienzo. Ll\u00e1menos al: (202) 918-1012 o llene nuestro formulario de contacto en l\u00ednea para empezar.<\/p>\n\t<h2>\u00bfNecesita la ayuda de un abogado de divorcio con experiencia en Maryland o DC?<\/h2>\nComun\u00edquese con Motion Law hoy mismo. Hemos ayudado a muchas personas en la misma situaci\u00f3n que usted. Cont\u00e1ctenos ahora para programar su consulta de Derecho de Familia<br \/>\n\n\t\t\t<a href=\"https:\/\/www.motionlaw.com\/es\/contactenos-derecho-de-familia\/\" target=\"_self\">\n\t\t\t\t\t\t\tCont\u00e1ctenos\n\t\t\t\t\t<\/a>\n\t<h2>Preguntas Frecuentes<\/h2>\n\t\t\t\t\t<a href=\"#\" id=\"fl-accordion--label-0\" tabindex=\"0\" aria-controls=\"fl-accordion--panel-0\">\u00bfEs necesario que ambas partes sean residentes de Maryland para solicitar el divorcio?<\/a>\n\t\t\t\t\t\t\t\t\t\t\t<a href=\"#\" id=\"fl-accordion--icon-0\" tabindex=\"-1\"><i title=\"Expand\">Expand<\/i><\/a>\n\t\t\t\t\t<p>No, cualquiera de las partes tiene que haber sido residente de Maryland 6 meses antes de solicitar el divorcio si la causa de divorcio se produjo fuera de MD.  Si la causa de divorcio se produjo dentro de Maryland, entonces s\u00f3lo uno de los c\u00f3nyuges tiene que ser residente de Maryland con el fin de solicitar el divorcio en MD.<\/p>\n\t\t\t\t\t<a href=\"#\" id=\"fl-accordion--label-1\" tabindex=\"0\" aria-controls=\"fl-accordion--panel-1\">\u00bfPuede pedir una pensi\u00f3n alimenticia o la divisi\u00f3n de los bienes conyugales despu\u00e9s de que se haya concedido el divorcio?<\/a>\n\t\t\t\t\t\t\t\t\t\t\t<a href=\"#\" id=\"fl-accordion--icon-1\" tabindex=\"-1\"><i title=\"Expand\">Expand<\/i><\/a>\n\t\t\t\t\t<p>No, tiene que pedirlos durante el proceso de divorcio.<\/p>\n\t\t\t\t\t<a href=\"#\" id=\"fl-accordion--label-2\" tabindex=\"0\" aria-controls=\"fl-accordion--panel-2\">\u00bfPuede pedir la custodia y\/o una manutenci\u00f3n infantil despu\u00e9s de que se haya concedido el divorcio?<\/a>\n\t\t\t\t\t\t\t\t\t\t\t<a href=\"#\" id=\"fl-accordion--icon-2\" tabindex=\"-1\"><i title=\"Expand\">Expand<\/i><\/a>\n\t\t\t\t\tS\u00ed, puede solicitar la custodia y\/o la manutenci\u00f3n infantil en una demanda separada de la demanda de divorcio.\n\t\t\t\t\t<a href=\"#\" id=\"fl-accordion--label-3\" tabindex=\"0\" aria-controls=\"fl-accordion--panel-3\">\u00bfQu\u00e9 diferencia hay entre un divorcio contencioso y un divorcio de mutuo acuerdo?<\/a>\n\t\t\t\t\t\t\t\t\t\t\t<a href=\"#\" id=\"fl-accordion--icon-3\" tabindex=\"-1\"><i title=\"Expand\">Expand<\/i><\/a>\n\t\t\t\t\t<p>En un divorcio de mutuo acuerdo, ambas partes se ponen de acuerdo sobre la custodia y la manutenci\u00f3n de los hijos, el reparto de los bienes y las deudas conyugales y si una de las partes recibir\u00e1 o no una pensi\u00f3n alimenticia.  Un divorcio contencioso se produce cuando las partes no est\u00e1n de acuerdo en una o m\u00e1s de estas cuestiones y usted necesita que el tribunal decida por usted.<\/p>\n\t\t\t\t<img loading=\"lazy\" decoding=\"async\" src=\"https:\/\/www.motionlaw.com\/wp-content\/uploads\/Motion-Law-Washington-DC.png\" alt=\"Motion Law Washington DC\" itemprop=\"image\" height=\"311\" width=\"900\" title=\"Motion Law Washington DC\" onerror=\"this.style.display='none'\"  \/>\n\tMotion Law LLC<br \/>\n 1201 Connecticut Ave NW, Suite 200E<br \/>\n Washington, DC 20036<br \/>\n info@motionlaw.com<br \/>\n Tel: (202) 918-1799\n<p>Horarios: 8:00 AM &#8211; 6:00 PM, Lun &#8211; Sab<\/p>\n<p>Pago: todas las principales tarjetas de cr\u00e9dito, efectivo, cheque, giros postales, cheque de caja<\/p>\n\t\t\t<a href=\"https:\/\/motionlaw.com\/es\/contactenos\/\" target=\"_self\">\n\t\t\t\t\t\t\tPrograme Una Consulta GRATUITA\n\t\t\t\t\t<\/a>\n\n","protected":false},"excerpt":{"rendered":"<p>ABOGADOS DE DIVORCIO EN MARYLAND Y DC Nuestros experimentados abogados de familia est\u00e1n aqu\u00ed para ayudarle a navegar por sus necesidades de divorcio, por simple o complejo que sea. Sus Abogados de Divorcio para Maryland y DC Vivir un divorcio suele ser un proceso emocionalmente dif\u00edcil y complejo que nadie puede prever por completo. Con&hellip;<\/p>\n","protected":false},"author":13,"featured_media":27916,"parent":28324,"menu_order":0,"comment_status":"closed","ping_status":"closed","template":"","meta":{"_monsterinsights_skip_tracking":false,"_monsterinsights_sitenote_active":false,"_monsterinsights_sitenote_note":"","_monsterinsights_sitenote_category":0,"footnotes":""},"yst_prominent_words":[],"class_list":["post-28339","page","type-page","status-publish","has-post-thumbnail","hentry"],"jetpack_shortlink":"https:\/\/wp.me\/P93TlB-7n5","jetpack_sharing_enabled":true,"_links":{"self":[{"href":"https:\/\/www.motionlaw.com\/es\/wp-json\/wp\/v2\/pages\/28339","targetHints":{"allow":["GET"]}}],"collection":[{"href":"https:\/\/www.motionlaw.com\/es\/wp-json\/wp\/v2\/pages"}],"about":[{"href":"https:\/\/www.motionlaw.com\/es\/wp-json\/wp\/v2\/types\/page"}],"author":[{"embeddable":true,"href":"https:\/\/www.motionlaw.com\/es\/wp-json\/wp\/v2\/users\/13"}],"replies":[{"embeddable":true,"href":"https:\/\/www.motionlaw.com\/es\/wp-json\/wp\/v2\/comments?post=28339"}],"version-history":[{"count":6,"href":"https:\/\/www.motionlaw.com\/es\/wp-json\/wp\/v2\/pages\/28339\/revisions"}],"predecessor-version":[{"id":28411,"href":"https:\/\/www.motionlaw.com\/es\/wp-json\/wp\/v2\/pages\/28339\/revisions\/28411"}],"up":[{"embeddable":true,"href":"https:\/\/www.motionlaw.com\/es\/wp-json\/wp\/v2\/pages\/28324"}],"wp:featuredmedia":[{"embeddable":true,"href":"https:\/\/www.motionlaw.com\/es\/wp-json\/wp\/v2\/media\/27916"}],"wp:attachment":[{"href":"https:\/\/www.motionlaw.com\/es\/wp-json\/wp\/v2\/media?parent=28339"}],"wp:term":[{"taxonomy":"yst_prominent_words","embeddable":true,"href":"https:\/\/www.motionlaw.com\/es\/wp-json\/wp\/v2\/yst_prominent_words?post=28339"}],"curies":[{"name":"wp","href":"https:\/\/api.w.org\/{rel}","templated":true}]}}