{"id":28324,"date":"2024-10-05T11:05:27","date_gmt":"2024-10-05T15:05:27","guid":{"rendered":"https:\/\/www.motionlaw.com\/practice-areas-family-law\/"},"modified":"2025-03-26T19:35:53","modified_gmt":"2025-03-26T23:35:53","slug":"ley-familiar-areas-de-practica","status":"publish","type":"page","link":"https:\/\/www.motionlaw.com\/es\/ley-familiar-areas-de-practica\/","title":{"rendered":"Ley Familiar Areas De Practica"},"content":{"rendered":"\r\n\r\n<h1>\r\n\t\t\u00bfNecesita ayuda de cualquier tipo sobre la Ley de Familia?\r\n\t<\/h1>\r\n<h2>\r\n\t\tNo se Demore &#8211; Ll\u00e1menos Ahora para Programar una Consulta Hoy!\r\n\t<\/h2>\r\n\t\t\t<a href=\"https:\/\/www.motionlaw.com\/es\/contactenos-derecho-de-familia\/\" target=\"_self\">\r\n\t\t\t\t\t\t\tPrograme una Consulta GRATUITA\r\n\t\t\t\t\t<\/a>\r\n\t<h3>O Il\u00e1menos Al: (202) 918-1012<\/h3>\r\n<h1>\r\n\t\t\u00c1REAS DEL DERECHO FAMILIAR\r\n\t<\/h1>\r\n\t<p>Motion Law es el bufete de abogados de familia preferido del \u00e1rea de Maryland y DC. Nuestros experimentados abogados de familia ofrecen consultas diarias y asesoramiento jur\u00eddico personalizado para satisfacer cualquier necesidad de derecho de familia que pueda tener. Somos una firma de derecho de familia de servicio completo con un enfoque en cuestiones de familia incluyendo divorcio, custodia infantil, manutenci\u00f3n infantil, pensi\u00f3n alimenticia, mediaci\u00f3n y acuerdos matrimoniales.<\/p>\r\n\t<p>En Motion Law, entendemos que los casos de derecho de familia se encuentran entre las experiencias m\u00e1s desafiantes y emocionalmente cargadas que cualquiera puede enfrentar. Las familias son din\u00e1micas, evolucionan con el tiempo y se adaptan a los giros de la vida. Nuestro dedicado equipo de abogados de familia se compromete a guiarle a trav\u00e9s de estos desaf\u00edos, asegur\u00e1ndose de que se sienta apoyado y capacitado en cada paso del camino. Damos prioridad a sus necesidades y el bienestar de su familia, proporcionando estrategias personalizadas adaptadas a su situaci\u00f3n \u00fanica. Con un fuerte enfoque en la comunicaci\u00f3n efectiva y la colaboraci\u00f3n, trabajamos incansablemente para fomentar un ambiente de confianza y comprensi\u00f3n.<\/p>\r\n<h3>\r\n\t\tDivorcio\r\n\t<\/h3>\r\n\t\t\t\t<img loading=\"lazy\" decoding=\"async\" src=\"https:\/\/www.motionlaw.com\/wp-content\/uploads\/Divorce-Lawyer-Washington-DC.jpg\" alt=\"DC Divorce Attorney\" itemprop=\"image\" height=\"512\" width=\"768\" title=\"Divorce Lawyer Washington DC\" onerror=\"this.style.display='none'\"  \/>\r\n\t<p>Un divorcio puede ser un proceso emocionalmente cargado y complejo. Con el futuro de su familia en juego, las decisiones que tome pueden tener un impacto duradero. Tanto si busca una soluci\u00f3n mutuamente aceptable como si se encuentra en un divorcio contencioso, es esencial contar con un apoyo legal experimentado. <\/p>\r\n\t\t\t<a href=\"https:\/\/www.motionlaw.com\/es\/ley-familiar-areas-de-practica\/abogados-de-divorcio\/\" target=\"_self\">\r\n\t\t\t\t\t\t\tM\u00e1s informaci\u00f3n\r\n\t\t\t\t\t<\/a>\r\n<h3>\r\n\t\tCustodia Infantil\r\n\t<\/h3>\r\n\t\t\t\t<img loading=\"lazy\" decoding=\"async\" src=\"https:\/\/www.motionlaw.com\/wp-content\/uploads\/Child-Custody-Lawyer-Washington-DC.jpg\" alt=\"DC Custody Attorneys\" itemprop=\"image\" height=\"512\" width=\"768\" title=\"Child Custody Lawyer Washington DC\" onerror=\"this.style.display='none'\"  \/>\r\n\t<p>Las disputas por la custodia infantil son a menudo los aspectos m\u00e1s dif\u00edciles de un divorcio, ya que ambos padres se centran en asegurar lo que es mejor para sus hijos, pero a menudo tienen puntos de vista diferentes sobre lo que esto significa. Dado el impacto duradero en el futuro de sus hijos, es vital abordar la custodia infantil con el apoyo de profesionales jur\u00eddicos experimentados.<\/p>\r\n\t\t\t<a href=\"https:\/\/www.motionlaw.com\/es\/ley-familiar-areas-de-practica\/abogados-de-custodia-infantil\/\" target=\"_self\">\r\n\t\t\t\t\t\t\tM\u00e1s informaci\u00f3n\r\n\t\t\t\t\t<\/a>\r\n<h3>\r\n\t\tManutenci\u00f3n Infantil \r\n\t<\/h3>\r\n\t\t\t\t<img loading=\"lazy\" decoding=\"async\" src=\"https:\/\/www.motionlaw.com\/wp-content\/uploads\/Child-Support-Attorney-Washington-DC-.jpg\" alt=\"DC Child Support Lawyers\" itemprop=\"image\" height=\"512\" width=\"768\" title=\"Child Support Attorney Washington DC\" onerror=\"this.style.display='none'\"  \/>\r\n\t<p>Los abogados de familia de Motion Law se dedican a ayudar a los padres a entender las complejidades de las cuestiones relacionadas con los casos de manutenci\u00f3n infantil en Maryland o DC. Si usted est\u00e1 involucrado en un divorcio, separaci\u00f3n, o la b\u00fasqueda de apoyo a trav\u00e9s de procedimientos de paternidad, estamos aqu\u00ed para asegurar que usted y los derechos de su hijo est\u00e1n protegidos.<\/p>\r\n\t\t\t<a href=\"https:\/\/www.motionlaw.com\/es\/ley-familiar-areas-de-practica\/abogados-de-apoyo-infantil\/\" target=\"_self\">\r\n\t\t\t\t\t\t\tM\u00e1s informaci\u00f3n\r\n\t\t\t\t\t<\/a>\r\n<h3>\r\n\t\tMediaci\u00f3n \r\n\t<\/h3>\r\n\t\t\t\t<img loading=\"lazy\" decoding=\"async\" src=\"https:\/\/www.motionlaw.com\/wp-content\/uploads\/Mediation-Attorney-Washington-DC.jpg\" alt=\"DC Family Mediation Lawyer\" itemprop=\"image\" height=\"512\" width=\"768\" title=\"Mediation Attorney Washington DC\" onerror=\"this.style.display='none'\"  \/>\r\n\t<p>En Motion Law, nos dedicamos a ayudar a los clientes a resolver disputas a trav\u00e9s de una mediaci\u00f3n efectiva. Con a\u00f1os de experiencia en el manejo del Derecho de familia a trav\u00e9s de la mediaci\u00f3n familiar, nuestros abogados est\u00e1n comprometidos a proporcionar las mejores soluciones posibles para ayudar a evitar el estr\u00e9s y los costes del litigio y de un proceso judicial tradicionalmente impugnado.\u00a0<\/p>\r\n\t\t\t<a href=\"https:\/\/www.motionlaw.com\/es\/contactenos-derecho-de-familia\/\" target=\"_self\">\r\n\t\t\t\t\t\t\tM\u00e1s informaci\u00f3n\r\n\t\t\t\t\t<\/a>\r\n<h3>\r\n\t\tAcuerdos Matrimoniales \r\n\t<\/h3>\r\n\t\t\t\t<img loading=\"lazy\" decoding=\"async\" src=\"https:\/\/www.motionlaw.com\/wp-content\/uploads\/Prenuptial-Agreement-Lawyer-Washington-DC.jpg\" alt=\"DC Prenup Attorney\" itemprop=\"image\" height=\"512\" width=\"768\" title=\"Prenuptial Agreement Lawyer Washington DC\" onerror=\"this.style.display='none'\"  \/>\r\n\t<p>Los acuerdos matrimoniales pueden abordar muchos aspectos de una relaci\u00f3n de pareja y no se limitan a acuerdos prenupciales o postnupciales, sino que tambi\u00e9n incluyen acuerdos matrimoniales y de separaci\u00f3n para parejas que se divorcian. Nuestros abogados de familia tienen una amplia experiencia ayudando a las parejas en la redacci\u00f3n y finalizaci\u00f3n de acuerdos matrimoniales de todo tipo.\u00a0<\/p>\r\n\t\t\t<a href=\"https:\/\/www.motionlaw.com\/es\/contactenos-derecho-de-familia\/\" target=\"_self\">\r\n\t\t\t\t\t\t\tM\u00e1s informaci\u00f3n\r\n\t\t\t\t\t<\/a>\r\n<h3>\r\n\t\tDerecho de familia\r\n\t<\/h3>\r\n\t\t\t\t<img loading=\"lazy\" decoding=\"async\" src=\"https:\/\/www.motionlaw.com\/wp-content\/uploads\/Family-Lawyer-Washington-DC.jpg\" alt=\"DC Family Attorneys\" itemprop=\"image\" height=\"512\" width=\"768\" title=\"Family Lawyer Washington DC\" onerror=\"this.style.display='none'\"  \/>\r\n\t<p>Los abogados de familia de Motion Law se esforzar\u00e1n por aliviar sus preocupaciones y aclarar el proceso legal, capacit\u00e1ndole para tomar decisiones informadas para el futuro de su familia. Nuestro compromiso con su caso significa que invertimos tiempo y recursos en la comprensi\u00f3n de su situaci\u00f3n, asegurando que abogamos eficazmente por sus derechos e intereses.<\/p>\r\n\t\t\t<a href=\"https:\/\/www.motionlaw.com\/es\/contactenos-derecho-de-familia\/\" target=\"_self\">\r\n\t\t\t\t\t\t\tM\u00e1s informaci\u00f3n\r\n\t\t\t\t\t<\/a>\r\n<h3>\r\n\t\tDedicado \r\n\t<\/h3>\r\n\t<p>Nuestros experimentados abogados poseen un amplio conocimiento de las complejidades y las diferencias estatutarias en el derecho de familia para Maryland y el Distrito de Columbia. Reconocemos que cada familia es diferente, y por lo tanto, cada caso requiere un enfoque personalizado. Si usted est\u00e1 enfrentando un divorcio contencioso, tratando de establecer la paternidad, o la negociaci\u00f3n de acuerdos de custodia, nuestro equipo est\u00e1 preparado para abogar ferozmente en su nombre.<\/p>\r\n<h3>\r\n\t\tConfiable\r\n\t<\/h3>\r\n\t<p>Los clientes depositan su confianza en los abogados de familia y el equipo legal de Motion Law porque trabajamos duro para asegurarnos de que somos merecedores de esa confianza. Honestidad, dedicaci\u00f3n, y s\u00f3lo los m\u00e1s altos est\u00e1ndares \u00e9ticos son la base de todo lo que hacemos. Su confianza es tan importante para nosotros como sus necesidades lo son para usted.<\/p>\r\n\t<h2>\u00bfNecesita la ayuda de un abogado de familia de Maryland o DC? ?<\/h2>\r\nNo dude en ponerse en contacto con Motion Law hoy mismo. Hemos ayudado a muchas personas en la misma situaci\u00f3n que usted. Cont\u00e1ctenos ahora para su consulta GRATUITA de Derecho de Familia.<br \/>\r\n\r\n\t\t\t<a href=\"https:\/\/www.motionlaw.com\/es\/contactenos-derecho-de-familia\/\" target=\"_self\">\r\n\t\t\t\t\t\t\tCont\u00e1ctenos\r\n\t\t\t\t\t<\/a>\r\n\t<h2>Preguntas Frecuentes<\/h2>\r\n\t\t\t\t\t<a href=\"#\" id=\"fl-accordion--label-0\" tabindex=\"0\" aria-controls=\"fl-accordion--panel-0\">\u00bfOfrecen consultas gratuitas para asuntos de familia?<\/a>\r\n\t\t\t\t\t\t\t\t\t\t\t<a href=\"#\" id=\"fl-accordion--icon-0\" tabindex=\"-1\"><i title=\"Expand\">Expand<\/i><\/a>\r\n\t\t\t\t\t<p>S\u00ed. \u00a1Por favor llame ahora para programar su consulta GRATIS con uno de nuestros abogados de familia con experiencia!\u00a0\u00a0<\/p>\r\n\t\t\t\t\t<a href=\"#\" id=\"fl-accordion--label-1\" tabindex=\"0\" aria-controls=\"fl-accordion--panel-1\">\u00bfQu\u00e9 diferencia hay entre un divorcio contencioso y un divorcio de mutuo acuerdo?<\/a>\r\n\t\t\t\t\t\t\t\t\t\t\t<a href=\"#\" id=\"fl-accordion--icon-1\" tabindex=\"-1\"><i title=\"Expand\">Expand<\/i><\/a>\r\n\t\t\t\t\t<p>En un divorcio de mutuo acuerdo, ambas partes se ponen de acuerdo sobre la custodia y la manutenci\u00f3n infantil, el reparto de los bienes y las deudas conyugales y si una de las partes recibir\u00e1 o no una pensi\u00f3n alimenticia.\u00a0 Un divorcio contencioso se produce cuando las partes no est\u00e1n de acuerdo en una o m\u00e1s de estas cuestiones y usted necesita que el tribunal decida por usted.\u00a0\u00a0<\/p>\r\n\t\t\t\t\t<a href=\"#\" id=\"fl-accordion--label-2\" tabindex=\"0\" aria-controls=\"fl-accordion--panel-2\">Cu\u00e1ndo se puede solicitar la custodia por urgencia de un hijo?\u202f <\/a>\r\n\t\t\t\t\t\t\t\t\t\t\t<a href=\"#\" id=\"fl-accordion--icon-2\" tabindex=\"-1\"><i title=\"Expand\">Expand<\/i><\/a>\r\n\t\t\t\t\t<p>Cuando sea necesario en caso de emergencia para proteger a un ni\u00f1o que est\u00e9 sometido o amenazado de malos tratos o abusos.\u202f\u00a0<\/p>\r\n\t<h2>Testimonios<\/h2>\r\n\t\t\t<p><em><i>El equipo de Motion Law es extremadamente amable y servicial, y les gusta hacer las cosas lo m\u00e1s r\u00e1pido posible para usted. Est\u00e1n siempre disponible para hablar y el servicio es excelente. \u00a1Elegir\u00eda Motion Law siempre!<\/i><\/em><em>&#8211; Luis G.<\/em><\/p>\t\t\r\n\t\t\t<p><em>Me pareci\u00f3 muy buena abogada Me sent\u00ed muy c\u00f3modo en la cita Me ayudaron en muchas cosas Recomendada al 100%<\/em><em>&#8211; Jonathan Umana<\/em><\/p>\t\t\r\n\t\t\t<p><em>Me gusto bastante la la consulta con la abogada muy satisfecho Gracias Margarita morales y la abogada Nefertiti\ud83d\ude4f<\/em><\/p>\r\n<p><em>&#8211; David Perez<\/em><\/p>\r\n\t\t\t<p><em>Muy lindo la consulta la aboga muy linda y muy buena atenci\u00f3n y la consulta gratis muy linda atenci\u00f3n<\/em><\/p>\r\n<p><em>&#8211; Edith Machado<\/em><\/p>\r\n\t\t\t\t<img loading=\"lazy\" decoding=\"async\" src=\"https:\/\/www.motionlaw.com\/wp-content\/uploads\/Motion-Law-Washington-DC.png\" alt=\"Motion Law Washington DC\" itemprop=\"image\" height=\"311\" width=\"900\" title=\"Motion Law Washington DC\" onerror=\"this.style.display='none'\"  \/>\r\n\tMotion Law LLC<br \/>\r\n 1201 Connecticut Ave NW, Suite 200E<br \/>\r\n Washington, DC 20036<br \/>\r\n info@motionlaw.com<br \/>\r\n Tel: (202) 918-1799\r\n<p>Horarios: 8:00 AM &#8211; 6:00 PM, Lun &#8211; Sab<\/p>\r\n<p>Pago: todas las principales tarjetas de cr\u00e9dito, efectivo, cheque, giros postales, cheque de caja<\/p>\r\n\t\t\t<a href=\"https:\/\/motionlaw.com\/es\/contactenos\/\" target=\"_self\">\r\n\t\t\t\t\t\t\tPrograme Una Consulta GRATUITA\r\n\t\t\t\t\t<\/a>\r\n\r\n","protected":false},"excerpt":{"rendered":"<p>\u00bfNecesita ayuda de cualquier tipo sobre la Ley de Familia? No se Demore &#8211; Ll\u00e1menos Ahora para Programar una Consulta Hoy! Programe una Consulta GRATUITA O Il\u00e1menos Al: (202) 918-1012 \u00c1REAS DEL DERECHO FAMILIAR Motion Law es el bufete de abogados de familia preferido del \u00e1rea de Maryland y DC. Nuestros experimentados abogados de familia&hellip;<\/p>\n","protected":false},"author":13,"featured_media":27926,"parent":0,"menu_order":0,"comment_status":"closed","ping_status":"closed","template":"","meta":{"_monsterinsights_skip_tracking":false,"_monsterinsights_sitenote_active":false,"_monsterinsights_sitenote_note":"","_monsterinsights_sitenote_category":0,"footnotes":""},"yst_prominent_words":[1288,923],"class_list":["post-28324","page","type-page","status-publish","has-post-thumbnail","hentry"],"jetpack_shortlink":"https:\/\/wp.me\/P93TlB-7mQ","jetpack_sharing_enabled":true,"_links":{"self":[{"href":"https:\/\/www.motionlaw.com\/es\/wp-json\/wp\/v2\/pages\/28324","targetHints":{"allow":["GET"]}}],"collection":[{"href":"https:\/\/www.motionlaw.com\/es\/wp-json\/wp\/v2\/pages"}],"about":[{"href":"https:\/\/www.motionlaw.com\/es\/wp-json\/wp\/v2\/types\/page"}],"author":[{"embeddable":true,"href":"https:\/\/www.motionlaw.com\/es\/wp-json\/wp\/v2\/users\/13"}],"replies":[{"embeddable":true,"href":"https:\/\/www.motionlaw.com\/es\/wp-json\/wp\/v2\/comments?post=28324"}],"version-history":[{"count":18,"href":"https:\/\/www.motionlaw.com\/es\/wp-json\/wp\/v2\/pages\/28324\/revisions"}],"predecessor-version":[{"id":28452,"href":"https:\/\/www.motionlaw.com\/es\/wp-json\/wp\/v2\/pages\/28324\/revisions\/28452"}],"wp:featuredmedia":[{"embeddable":true,"href":"https:\/\/www.motionlaw.com\/es\/wp-json\/wp\/v2\/media\/27926"}],"wp:attachment":[{"href":"https:\/\/www.motionlaw.com\/es\/wp-json\/wp\/v2\/media?parent=28324"}],"wp:term":[{"taxonomy":"yst_prominent_words","embeddable":true,"href":"https:\/\/www.motionlaw.com\/es\/wp-json\/wp\/v2\/yst_prominent_words?post=28324"}],"curies":[{"name":"wp","href":"https:\/\/api.w.org\/{rel}","templated":true}]}}