{"id":1348,"date":"2019-11-27T09:02:01","date_gmt":"2019-11-27T14:02:01","guid":{"rendered":"https:\/\/www.motionlaw.com\/?page_id=1348"},"modified":"2022-01-09T09:14:43","modified_gmt":"2022-01-09T14:14:43","slug":"perdones","status":"publish","type":"page","link":"https:\/\/www.motionlaw.com\/es\/areas-de-practica\/perdones\/","title":{"rendered":"perdones"},"content":{"rendered":"\r\n<h1>\r\n\t\tPERDONES\r\n\t<\/h1>\r\n\t<p>Motion Law se dedica a ayudar a los inmigrantes indocumentados.<\/p>\r\n\t<h3><img loading=\"lazy\" decoding=\"async\" src=\"https:\/\/www.motionlaw.com\/wp-content\/uploads\/Abogado-de-Perdones-de-Inmigraci\u00f3n-de-DC.jpg\" alt=\"DC Abogados de Perdones\" width=\"500\" height=\"331\" \/>Abogado de Perdones de Inmigraci\u00f3n de DC<\/h3>\r\n<p>Los abogados de inmigraci\u00f3n de Motion Law tienen a\u00f1os de experiencia en el manejo de casos de exenci\u00f3n o perdones. A muchos inmigrantes indocumentados se les proh\u00edbe recibir estatus legal porque ingresaron ilegalmente al pa\u00eds sin inspecci\u00f3n. La entrada ilegal y la presencia en los EE. UU. se clasifican como motivos inadmisibles para legalizar el estatus. Existen otros motivos de inadmisibilidad, como antecedentes penales, \u00f3rdenes de deportaci\u00f3n anteriores y fraude, entre otros. Motion Law ayudar\u00e1 a facilitar su proceso para pedir un perdon y lo ubicar\u00e1 en el camino correcto hacia el estatus legal. Nuestros abogados de inmigraci\u00f3n altamente calificados y nuestro equipo de apoyo legal dedicado pueden ayudarlo con las exenciones o los perdones, que incluyen:<\/p>\r\n<h3>Un Perdon de Presencia Ilegal<\/h3>\r\n<p>Los c\u00f3nyuges e hijos de ciudadanos estadounidenses y residentes legales permanentes que hayan ingresado ilegalmente al pa\u00eds y retengan una presencia ilegal, pueden ser elegibles para solicitar una I-601A, \u00abExenci\u00f3n provisional de presencia ilegal\u00bb. Antes del 2013, una persona indocumentada que ingresa ilegalmente a los EE. UU. tendr\u00eda que abandonar el pa\u00eds antes de solicitar una perdon I-601 de su pa\u00eds de origen y luego esperar a que se apruebe la solicitud. Los tiempos de espera podr\u00edan extenderse de meses a incluso a\u00f1os mientras est\u00e1n lejos de sus familias en los Estados Unidos. Ahora, las personas que han ingresado a los Estados Unidos sin inspecci\u00f3n pueden solicitar el nuevo perdon I-601A antes de tener que salir de los Estados Unidos. Cuando se aprueba un perdon I-601A, la persona solo necesita salir de los EE. UU. hacia su pa\u00eds de origen durante unos d\u00edas para asistir a su entrevista de visa de inmigrante.<\/p>\r\n<p>Para aumentar las posibilidades de obtener una aprobaci\u00f3n de perdon I-601A, es importante demostrar que la expulsi\u00f3n del solicitante de los EE. UU. causar\u00e1 dificultades extremas al ciudadano estadounidense o c\u00f3nyuge o padre residente legal permanente. Esto requiere una extensa lista de evidencia. Motion Law lo guiar\u00e1 a trav\u00e9s de cada paso del proceso y lo ayudar\u00e1 a reunir toda la evidencia necesaria. Sabemos cu\u00e1n estresantes pueden ser estos procesos para usted y su familia. Nuestra misi\u00f3n es asegurar con \u00e9xito su exenci\u00f3n por usted.<\/p>\r\n<h3>Un Perdon por Motivos de Inadmisibilidad<\/h3>\r\n<p>Es posible que tenga otros motivos de inadmisibilidad distintos de la presencia ilegal. Ya sea que sus motivos de inadmisibilidad est\u00e9n en relaci\u00f3n con antecedentes penales, una orden de expulsi\u00f3n previa, fraude o tergiversaci\u00f3n, o incluso un reclamo falso de ciudadan\u00eda, nuestro equipo de abogados expertos en inmigraci\u00f3n est\u00e1 aqu\u00ed para ayudarlo. Sabemos lo dif\u00edcil que puede ser comprender el proceso de un perdon, as\u00ed que deje que Motion Law alivie sus inquietudes.<\/p>\r\n<h3>Permiso para volver a solicitar admisi\u00f3n en los Estados Unidos<\/h3>\r\n<p>Si est\u00e1 buscando solicitar permiso para volver a solicitar la admisi\u00f3n a los EE. UU. despu\u00e9s de que se le ordene deportarlo o retirarlo, Podr\u00eda ser elegible para solicitar un perd\u00f3n despu\u00e9s de que se le haya dictaminado una deportaci\u00f3n. Este es un proceso muy complicado que necesita la ayuda de un abogado experto en inmigraci\u00f3n. Los experimentados abogados de inmigraci\u00f3n de Motion Law poseen el conocimiento y las habilidades para ayudarlo con casos complejos de perdon.<\/p>\r\n\t<h2>\u00bfNecesita la ayuda de un abogado experto en exenciones o perdones de inmigraci\u00f3n?<\/h2>\r\nNo dude en contactar a Motion Law. Hemos ayudado a muchas personas en la misma situaci\u00f3n que usted. Cont\u00e1ctenos hoy para su Consulta GRATUITA.<br \/>\r\n\r\n\t\t\t<a href=\"https:\/\/www.motionlaw.com\/es\/contactenos\/\" target=\"_self\" role=\"button\" rel=\"noopener noreferrer\">\r\n\t\t\t\t\t\t\tCont\u00e1ctenos\r\n\t\t\t\t\t<\/a>\r\n\t<h2>Preguntas Frecuentes<\/h2>\r\n\t\t\t<a href=\"#\" id=\"fl-accordion--label-0\" tabindex=\"0\" aria-controls=\"fl-accordion--panel-0\">\u00bfQu\u00e9 es una visa U?<\/a>\r\n\t\t\t\t\t\t\t<a href=\"#\" id=\"fl-accordion--icon-0\" tabindex=\"0\" aria-controls=\"fl-accordion--panel-0\"><i>Expand<\/i><\/a>\r\n\t\t<p>Si ha sido v\u00edctima de un delito y ha cooperado con las fuerzas del orden p\u00fablico, puede ser elegible para solicitar una visa U que es un estado de no inmigrante con un camino hacia la residencia permanente legal.<\/p>\r\n\t\t\t<a href=\"#\" id=\"fl-accordion--label-1\" tabindex=\"0\" aria-controls=\"fl-accordion--panel-1\">\u00bfQu\u00e9 es DACA y c\u00f3mo puedo solicitarlo?<\/a>\r\n\t\t\t\t\t\t\t<a href=\"#\" id=\"fl-accordion--icon-1\" tabindex=\"0\" aria-controls=\"fl-accordion--panel-1\"><i>Expand<\/i><\/a>\r\n\t\t<p>DACA, o Acci\u00f3n Diferida para los Llegados en la Infancia, est\u00e1 disponible para las personas que ingresaron a los Estados Unidos como ni\u00f1os y cumplen con ciertos requisitos. Actualmente, USCIS no acepta nuevas solicitudes, pero las que tienen los beneficios actuales de DACA pueden solicitar la renovaci\u00f3n.<\/p>\r\n\t\t\t<a href=\"#\" id=\"fl-accordion--label-2\" tabindex=\"0\" aria-controls=\"fl-accordion--panel-2\">Si se niega mi perdon, \u00bfse me colocar\u00e1 en un proceso de deportaci\u00f3n?<\/a>\r\n\t\t\t\t\t\t\t<a href=\"#\" id=\"fl-accordion--icon-2\" tabindex=\"0\" aria-controls=\"fl-accordion--panel-2\"><i>Expand<\/i><\/a>\r\n\t\t<p>Actualmente, las personas que reciben un aviso de denegaci\u00f3n de su perdon no se encuentran en proceso de deportaci\u00f3n. Tambi\u00e9n tiene la opci\u00f3n de volver a aplicar.<\/p>\r\n\t\t\t\t<img loading=\"lazy\" decoding=\"async\" src=\"https:\/\/www.motionlaw.com\/wp-content\/uploads\/Motion-Law-Abogados-de-inmigraci\u00f3n-Washington-DC.png\" alt=\"Motion Law Abogados de inmigraci\u00f3n Washington DC\" itemprop=\"image\" height=\"354\" width=\"1024\" title=\"Motion Law Abogados de inmigraci\u00f3n Washington DC\" onerror=\"this.style.display='none'\"  \/>\r\n\tMotion Law LLC<br \/>\r\n 20 F St NW 7th Floor<br \/>\r\n Washington, DC 20001<br \/>\r\n info@motionlaw.com<br \/>\r\n Tel: (202) 918-1799\r\n<p>Horarios: 8:00 AM &#8211; 6:00 PM, Lun &#8211; Sab<\/p>\r\n<p>Pago: todas las principales tarjetas de cr\u00e9dito, efectivo, cheque, giros postales, cheque de caja<\/p>\r\n\t\t\t<a href=\"https:\/\/motionlaw.com\/es\/contactenos\/\" target=\"_self\" role=\"button\" rel=\"noopener noreferrer\">\r\n\t\t\t\t\t\t\tPrograme Una Consulta GRATUITA\r\n\t\t\t\t\t<\/a>\r\n","protected":false},"excerpt":{"rendered":"<p>PERDONES Motion Law se dedica a ayudar a los inmigrantes indocumentados. Abogado de Perdones de Inmigraci\u00f3n de DC Los abogados de inmigraci\u00f3n de Motion Law tienen a\u00f1os de experiencia en el manejo de casos de exenci\u00f3n o perdones. A muchos inmigrantes indocumentados se les proh\u00edbe recibir estatus legal porque ingresaron ilegalmente al pa\u00eds sin inspecci\u00f3n.&hellip;<\/p>\n","protected":false},"author":13,"featured_media":0,"parent":447,"menu_order":0,"comment_status":"closed","ping_status":"closed","template":"","meta":{"_monsterinsights_skip_tracking":false,"_monsterinsights_sitenote_active":false,"_monsterinsights_sitenote_note":"","_monsterinsights_sitenote_category":0,"footnotes":""},"yst_prominent_words":[1375,1366,1371,1376,1367,1380,1372,1379,1368,1166,1377,1370,832,923,1373,1369,1378,1374,1381,1229],"class_list":["post-1348","page","type-page","status-publish","hentry"],"jetpack_shortlink":"https:\/\/wp.me\/P93TlB-lK","jetpack_sharing_enabled":true,"_links":{"self":[{"href":"https:\/\/www.motionlaw.com\/es\/wp-json\/wp\/v2\/pages\/1348","targetHints":{"allow":["GET"]}}],"collection":[{"href":"https:\/\/www.motionlaw.com\/es\/wp-json\/wp\/v2\/pages"}],"about":[{"href":"https:\/\/www.motionlaw.com\/es\/wp-json\/wp\/v2\/types\/page"}],"author":[{"embeddable":true,"href":"https:\/\/www.motionlaw.com\/es\/wp-json\/wp\/v2\/users\/13"}],"replies":[{"embeddable":true,"href":"https:\/\/www.motionlaw.com\/es\/wp-json\/wp\/v2\/comments?post=1348"}],"version-history":[{"count":13,"href":"https:\/\/www.motionlaw.com\/es\/wp-json\/wp\/v2\/pages\/1348\/revisions"}],"predecessor-version":[{"id":19887,"href":"https:\/\/www.motionlaw.com\/es\/wp-json\/wp\/v2\/pages\/1348\/revisions\/19887"}],"up":[{"embeddable":true,"href":"https:\/\/www.motionlaw.com\/es\/wp-json\/wp\/v2\/pages\/447"}],"wp:attachment":[{"href":"https:\/\/www.motionlaw.com\/es\/wp-json\/wp\/v2\/media?parent=1348"}],"wp:term":[{"taxonomy":"yst_prominent_words","embeddable":true,"href":"https:\/\/www.motionlaw.com\/es\/wp-json\/wp\/v2\/yst_prominent_words?post=1348"}],"curies":[{"name":"wp","href":"https:\/\/api.w.org\/{rel}","templated":true}]}}