{"id":10646,"date":"2021-01-25T16:16:01","date_gmt":"2021-01-25T21:16:01","guid":{"rendered":"https:\/\/www.motionlaw.com\/?page_id=10646"},"modified":"2021-01-25T16:16:51","modified_gmt":"2021-01-25T21:16:51","slug":"contactenos-nyc","status":"publish","type":"page","link":"https:\/\/www.motionlaw.com\/es\/contactenos-nyc\/","title":{"rendered":"Cont\u00e1ctenos NYC"},"content":{"rendered":"\r\n\r\n<h1>\r\n\t\tCont\u00e1ctenos\r\n\t<\/h1>\r\n\t<p><strong>AVISO:<\/strong> Todas las consultas GRATUITAS se realizan por tel\u00e9fono &#8211; Permitanos que Motion Law encuentre una soluci\u00f3n para sus necesidades de inmigraci\u00f3n.<\/p>\r\n\t\r\n<p>\u00a1Hola! Soy Claire Esquivel, Gerente, Atenci\u00f3n Al Cliente de la Oficina de Inmigraci\u00f3n de Motion Law. A la luz de las preocupaciones de Coronavirus y para la seguridad de todos, complete el siguiente formulario para su <strong>Consulta Telef\u00f3nica GRATIS<\/strong> con un abogado de nuestro equipo de abogados de inmigraci\u00f3n con experiencia.<\/p>\r\nO simplemente ll\u00e1mame ahora al:<br \/>\r\n<strong>(202) 918-1799<\/strong>\r\n\t\t\t<h4><em>\u00a1Elegir\u00eda Motion Law SIEMPRE!<\/em><\/h4>\t\t\r\n\t<h3>Cont\u00e1ctenos<\/h3>\r\ninfo@motionlaw.com<br \/>\r\nTel: (202) 918-1799<br \/>\r\nHorarios: 8:00am &#8211; 6:00pm Lun-Sab\r\n<p>Pago: todas las principales tarjetas de cr\u00e9dito, efectivo, cheque, giros postales, cheque de caja<\/p>\r\n<p>&nbsp;<\/p>\r\n<p>&nbsp;<\/p>\r\n\t\t\t\t\t\r\n\t\t\t\t\t\r\n\t\t\t\t<img loading=\"lazy\" decoding=\"async\" src=\"https:\/\/www.motionlaw.com\/wp-content\/uploads\/Motion-Law-Abogados-de-inmigraci\u00f3n-Washington-DC.png\" alt=\"Motion Law Abogados de inmigraci\u00f3n Washington DC\" itemprop=\"image\" height=\"354\" width=\"1024\" title=\"Motion Law Abogados de inmigraci\u00f3n Washington DC\" onerror=\"this.style.display='none'\"  \/>\r\n\tMotion Law LLC<br \/>\r\n 20 F St NW 7th Floor<br \/>\r\n Washington, DC 20001<br \/>\r\n info@motionlaw.com<br \/>\r\n Tel: (202) 918-1799\r\n<p>Horarios: 8:00 AM &#8211; 6:00 PM, Lun &#8211; Sab<\/p>\r\n<p>Pago: todas las principales tarjetas de cr\u00e9dito, efectivo, cheque, giros postales, cheque de caja<\/p>\r\n\t\t\t<a href=\"https:\/\/motionlaw.com\/es\/contactenos\/\" target=\"_self\" role=\"button\" rel=\"noopener noreferrer\">\r\n\t\t\t\t\t\t\tPrograme Una Consulta GRATUITA\r\n\t\t\t\t\t<\/a>\r\n\r\n","protected":false},"excerpt":{"rendered":"<p>Cont\u00e1ctenos AVISO: Todas las consultas GRATUITAS se realizan por tel\u00e9fono &#8211; Permitanos que Motion Law encuentre una soluci\u00f3n para sus necesidades de inmigraci\u00f3n. \u00a1Hola! Soy Claire Esquivel, Gerente, Atenci\u00f3n Al Cliente de la Oficina de Inmigraci\u00f3n de Motion Law. A la luz de las preocupaciones de Coronavirus y para la seguridad de todos, complete el&hellip;<\/p>\n","protected":false},"author":13,"featured_media":0,"parent":0,"menu_order":0,"comment_status":"closed","ping_status":"closed","template":"","meta":{"_monsterinsights_skip_tracking":false,"_monsterinsights_sitenote_active":false,"_monsterinsights_sitenote_note":"","_monsterinsights_sitenote_category":0,"footnotes":""},"yst_prominent_words":[7246,1263,7244,1261,7243,1260,7245,1262,6987,1466,6989,1257,1264,1255,6990,1258,7242,1259,6988,1256],"class_list":["post-10646","page","type-page","status-publish","hentry"],"jetpack_shortlink":"https:\/\/wp.me\/P93TlB-2LI","jetpack_sharing_enabled":true,"_links":{"self":[{"href":"https:\/\/www.motionlaw.com\/es\/wp-json\/wp\/v2\/pages\/10646","targetHints":{"allow":["GET"]}}],"collection":[{"href":"https:\/\/www.motionlaw.com\/es\/wp-json\/wp\/v2\/pages"}],"about":[{"href":"https:\/\/www.motionlaw.com\/es\/wp-json\/wp\/v2\/types\/page"}],"author":[{"embeddable":true,"href":"https:\/\/www.motionlaw.com\/es\/wp-json\/wp\/v2\/users\/13"}],"replies":[{"embeddable":true,"href":"https:\/\/www.motionlaw.com\/es\/wp-json\/wp\/v2\/comments?post=10646"}],"version-history":[{"count":3,"href":"https:\/\/www.motionlaw.com\/es\/wp-json\/wp\/v2\/pages\/10646\/revisions"}],"predecessor-version":[{"id":10926,"href":"https:\/\/www.motionlaw.com\/es\/wp-json\/wp\/v2\/pages\/10646\/revisions\/10926"}],"wp:attachment":[{"href":"https:\/\/www.motionlaw.com\/es\/wp-json\/wp\/v2\/media?parent=10646"}],"wp:term":[{"taxonomy":"yst_prominent_words","embeddable":true,"href":"https:\/\/www.motionlaw.com\/es\/wp-json\/wp\/v2\/yst_prominent_words?post=10646"}],"curies":[{"name":"wp","href":"https:\/\/api.w.org\/{rel}","templated":true}]}}